{"id":48,"date":"2024-11-25T16:44:17","date_gmt":"2024-11-25T16:44:17","guid":{"rendered":"https:\/\/prev-ext.com\/service\/"},"modified":"2025-01-16T15:18:09","modified_gmt":"2025-01-16T15:18:09","slug":"rongeurs-souris-ou-mulots","status":"publish","type":"page","link":"https:\/\/prev-ext.com\/en\/rongeurs-souris-ou-mulots\/","title":{"rendered":"Mice or voles"},"content":{"rendered":"<div data-elementor-type=\"wp-page\" data-elementor-id=\"48\" class=\"elementor elementor-48\" data-elementor-post-type=\"page\">\n\t\t\t\t<div class=\"elementor-element elementor-element-9673f32 e-flex e-con-boxed e-con e-parent\" data-id=\"9673f32\" data-element_type=\"container\">\n\t\t\t\t\t<div class=\"e-con-inner\">\n\t\t\t\t<div class=\"elementor-element elementor-element-26b414b elementor-widget elementor-widget-heading\" data-id=\"26b414b\" data-element_type=\"widget\" data-widget_type=\"heading.default\">\n\t\t\t\t<div class=\"elementor-widget-container\">\n\t\t\t<h1 class=\"elementor-heading-title elementor-size-default\">Mice or voles<\/h1>\t\t<\/div>\n\t\t\t\t<\/div>\n\t\t\t\t<div class=\"elementor-element elementor-element-2a2241e elementor-widget elementor-widget-text-editor\" data-id=\"2a2241e\" data-element_type=\"widget\" data-widget_type=\"text-editor.default\">\n\t\t\t\t<div class=\"elementor-widget-container\">\n\t\t\t\t\t\t\t<div data-olk-copy-source=\"MessageBody\">Do you have a rodent problem? Whether it's for a house, cabin, apartment building, etc... We are here for you!\u00a0<\/div>\t\t\t\t\t\t<\/div>\n\t\t\t\t<\/div>\n\t\t\t\t\t<\/div>\n\t\t\t\t<\/div>\n\t\t\t\t<section class=\"elementor-section elementor-top-section elementor-element elementor-element-97c429e elementor-section-boxed elementor-section-height-default elementor-section-height-default\" data-id=\"97c429e\" data-element_type=\"section\" data-settings=\"{&quot;background_background&quot;:&quot;classic&quot;}\">\n\t\t\t\t\t\t<div class=\"elementor-container elementor-column-gap-no\">\n\t\t\t\t\t<div class=\"elementor-column elementor-col-100 elementor-top-column elementor-element elementor-element-59dbbaa\" data-id=\"59dbbaa\" data-element_type=\"column\">\n\t\t\t<div class=\"elementor-widget-wrap elementor-element-populated\">\n\t\t\t\t\t\t<div class=\"elementor-element elementor-element-7547567 elementor-widget elementor-widget-spacer\" data-id=\"7547567\" data-element_type=\"widget\" data-widget_type=\"spacer.default\">\n\t\t\t\t<div class=\"elementor-widget-container\">\n\t\t\t\t\t<div class=\"elementor-spacer\">\n\t\t\t<div class=\"elementor-spacer-inner\"><\/div>\n\t\t<\/div>\n\t\t\t\t<\/div>\n\t\t\t\t<\/div>\n\t\t\t\t\t<\/div>\n\t\t<\/div>\n\t\t\t\t\t<\/div>\n\t\t<\/section>\n\t\t\t\t<section class=\"elementor-section elementor-top-section elementor-element elementor-element-80a9306 elementor-section-boxed elementor-section-height-default elementor-section-height-default\" data-id=\"80a9306\" data-element_type=\"section\" data-settings=\"{&quot;background_background&quot;:&quot;classic&quot;}\">\n\t\t\t\t\t\t<div class=\"elementor-container elementor-column-gap-no\">\n\t\t\t\t\t<div class=\"elementor-column elementor-col-100 elementor-top-column elementor-element elementor-element-557986a\" data-id=\"557986a\" data-element_type=\"column\">\n\t\t\t<div class=\"elementor-widget-wrap elementor-element-populated\">\n\t\t\t\t\t\t<section class=\"elementor-section elementor-inner-section elementor-element elementor-element-4f26150 elementor-section-boxed elementor-section-height-default elementor-section-height-default\" data-id=\"4f26150\" data-element_type=\"section\">\n\t\t\t\t\t\t<div class=\"elementor-container elementor-column-gap-no\">\n\t\t\t\t\t<div class=\"elementor-column elementor-col-33 elementor-inner-column elementor-element elementor-element-18ef969\" data-id=\"18ef969\" data-element_type=\"column\">\n\t\t\t<div class=\"elementor-widget-wrap elementor-element-populated\">\n\t\t\t\t\t\t<div class=\"elementor-element elementor-element-e9d2eb1 eael-infobox-content-align--left eael-infobox-shape-square eael-infobox-hover-img-shape-square elementor-invisible elementor-widget elementor-widget-eael-info-box\" data-id=\"e9d2eb1\" data-element_type=\"widget\" data-settings=\"{&quot;_animation&quot;:&quot;fadeInLeft&quot;}\" data-widget_type=\"eael-info-box.default\">\n\t\t\t\t<div class=\"elementor-widget-container\">\n\t\t\t        <div class=\"eael-infobox icon-on-top\">\n\t            <div class=\"infobox-icon\">\n\n                            <img decoding=\"async\" src=\"https:\/\/prev-ext.com\/wp-content\/uploads\/2024\/12\/ffdsdf.jpg\" alt=\"\">\n            \n            \n            \n        <\/div>\n            <div class=\"infobox-content\">\n                    <div class=\"infobox-title-section\">\n                <h2 class=\"title\">Rodents seek refuge with the arrival of cold weather<\/h2>            <\/div>\n            <div><p>With the arrival of the cold autumn days, small rodents such as mice and voles actively seek shelter to protect themselves from low temperatures. Although these pests can be present throughout the year, they are particularly numerous during the autumn season due to the settling cold. Your homes then become ideal refuges for them, offering warmth and food.<\/p><\/div>        <\/div>\n            <\/div>\n\n\t\t\t\t<\/div>\n\t\t\t\t<\/div>\n\t\t\t\t\t<\/div>\n\t\t<\/div>\n\t\t\t\t<div class=\"elementor-column elementor-col-33 elementor-inner-column elementor-element elementor-element-ff5361d\" data-id=\"ff5361d\" data-element_type=\"column\">\n\t\t\t<div class=\"elementor-widget-wrap elementor-element-populated\">\n\t\t\t\t\t\t<div class=\"elementor-element elementor-element-8186d29 eael-infobox-content-align--left eael-infobox-shape-square eael-infobox-hover-img-shape-square elementor-invisible elementor-widget elementor-widget-eael-info-box\" data-id=\"8186d29\" data-element_type=\"widget\" data-settings=\"{&quot;_animation&quot;:&quot;zoomIn&quot;}\" data-widget_type=\"eael-info-box.default\">\n\t\t\t\t<div class=\"elementor-widget-container\">\n\t\t\t        <div class=\"eael-infobox icon-on-top\">\n\t            <div class=\"infobox-icon\">\n\n                            <img decoding=\"async\" src=\"https:\/\/prev-ext.com\/wp-content\/uploads\/2024\/12\/iStock-1240552656.jpg\" alt=\"\">\n            \n            \n            \n        <\/div>\n            <div class=\"infobox-content\">\n                    <div class=\"infobox-title-section\">\n                <h2 class=\"title\">Mice: Masters of Infiltration in Your Home<\/h2>            <\/div>\n            <div><p>To achieve their goal, mice will stop at nothing. While you are reading this text, they may be along the walls of your home, ready to squeeze through an opening of barely 0.6 centimeters. These rodents are excellent contortionists and climbers, capable of entering your home through the smallest gap.<\/p><\/div>        <\/div>\n            <\/div>\n\n\t\t\t\t<\/div>\n\t\t\t\t<\/div>\n\t\t\t\t\t<\/div>\n\t\t<\/div>\n\t\t\t\t<div class=\"elementor-column elementor-col-33 elementor-inner-column elementor-element elementor-element-4ad30d3\" data-id=\"4ad30d3\" data-element_type=\"column\">\n\t\t\t<div class=\"elementor-widget-wrap elementor-element-populated\">\n\t\t\t\t\t\t<div class=\"elementor-element elementor-element-4fc1f80 eael-infobox-content-align--left eael-infobox-shape-square eael-infobox-hover-img-shape-square elementor-invisible elementor-widget elementor-widget-eael-info-box\" data-id=\"4fc1f80\" data-element_type=\"widget\" data-settings=\"{&quot;_animation&quot;:&quot;fadeInRight&quot;}\" data-widget_type=\"eael-info-box.default\">\n\t\t\t\t<div class=\"elementor-widget-container\">\n\t\t\t        <div class=\"eael-infobox icon-on-top\">\n\t            <div class=\"infobox-icon\">\n\n                            <img decoding=\"async\" src=\"https:\/\/prev-ext.com\/wp-content\/uploads\/2024\/12\/Image3fffff.jpg\" alt=\"\">\n            \n            \n            \n        <\/div>\n            <div class=\"infobox-content\">\n                    <div class=\"infobox-title-section\">\n                <h2 class=\"title\">Common mouse entry points<\/h2>            <\/div>\n            <div><p>Mice can reach the attic by slipping under the soffits, climbing to the top of brick walls, passing under the exterior siding of the house, or simply through a small crack or defective caulking joint. They take advantage of every opportunity to get into your home. In addition to our professional extermination treatments, we guide you on how to make the necessary repairs to your home. We also offer caulking and minor repair services to prevent infestations.<\/p><\/div>        <\/div>\n            <\/div>\n\n\t\t\t\t<\/div>\n\t\t\t\t<\/div>\n\t\t\t\t\t<\/div>\n\t\t<\/div>\n\t\t\t\t\t<\/div>\n\t\t<\/section>\n\t\t\t\t<section class=\"elementor-section elementor-inner-section elementor-element elementor-element-2d20e84 elementor-section-boxed elementor-section-height-default elementor-section-height-default\" data-id=\"2d20e84\" data-element_type=\"section\">\n\t\t\t\t\t\t<div class=\"elementor-container elementor-column-gap-no\">\n\t\t\t\t\t<div class=\"elementor-column elementor-col-33 elementor-inner-column elementor-element elementor-element-f2c0cd3\" data-id=\"f2c0cd3\" data-element_type=\"column\">\n\t\t\t<div class=\"elementor-widget-wrap elementor-element-populated\">\n\t\t\t\t\t\t<div class=\"elementor-element elementor-element-4c78652 eael-infobox-content-align--left eael-infobox-shape-square eael-infobox-hover-img-shape-square elementor-invisible elementor-widget elementor-widget-eael-info-box\" data-id=\"4c78652\" data-element_type=\"widget\" data-settings=\"{&quot;_animation&quot;:&quot;fadeInLeft&quot;}\" data-widget_type=\"eael-info-box.default\">\n\t\t\t\t<div class=\"elementor-widget-container\">\n\t\t\t        <div class=\"eael-infobox icon-on-top\">\n\t            <div class=\"infobox-icon\">\n\n                            <img decoding=\"async\" src=\"https:\/\/prev-ext.com\/wp-content\/uploads\/2024\/12\/iStock-1532502449.jpg\" alt=\"\">\n            \n            \n            \n        <\/div>\n            <div class=\"infobox-content\">\n                    <div class=\"infobox-title-section\">\n                <h2 class=\"title\">Specific challenges in urban and suburban environments<\/h2>            <\/div>\n            <div><p>For individuals living in Montreal or owning rental properties, the situation is somewhat different. Buildings are often old, attached to one another, or have interconnected service basements, facilitating the movement of rodents. In such cases, it is complex to repair or locate all entry points. However, thanks to our extensive experience, we can offer you several methods to prevent and control the problem. In the suburbs, voles, such as the field vole, can also enter your homes, but the treatment remains similar to that used against mice.<\/p><\/div>        <\/div>\n            <\/div>\n\n\t\t\t\t<\/div>\n\t\t\t\t<\/div>\n\t\t\t\t\t<\/div>\n\t\t<\/div>\n\t\t\t\t<div class=\"elementor-column elementor-col-33 elementor-inner-column elementor-element elementor-element-bdfa460\" data-id=\"bdfa460\" data-element_type=\"column\">\n\t\t\t<div class=\"elementor-widget-wrap elementor-element-populated\">\n\t\t\t\t\t\t<div class=\"elementor-element elementor-element-eaf4fe3 eael-infobox-content-align--left eael-infobox-shape-square eael-infobox-hover-img-shape-square elementor-invisible elementor-widget elementor-widget-eael-info-box\" data-id=\"eaf4fe3\" data-element_type=\"widget\" data-settings=\"{&quot;_animation&quot;:&quot;zoomIn&quot;}\" data-widget_type=\"eael-info-box.default\">\n\t\t\t\t<div class=\"elementor-widget-container\">\n\t\t\t        <div class=\"eael-infobox icon-on-top\">\n\t            <div class=\"infobox-icon\">\n\n                            <img decoding=\"async\" src=\"https:\/\/prev-ext.com\/wp-content\/uploads\/2024\/12\/iStock-1095072446-e1733953929467.jpg\" alt=\"\">\n            \n            \n            \n        <\/div>\n            <div class=\"infobox-content\">\n                    <div class=\"infobox-title-section\">\n                <h2 class=\"title\">The dangers of a mouse infestation<\/h2>            <\/div>\n            <div><p>Should I be worried if I have found or caught a mouse or vole? The answer is yes. It is crucial to act quickly, because a female can give birth to a litter every 40 to 50 days, with 4 to 7 pups that will in turn become prolific rodents in just eight weeks. Moreover, mice can <a href=\"https:\/\/www.canada.ca\/fr\/sante-canada\/services\/conseils-pour-controle-parasites\/rats-et-souris.html\"><strong>transmit disease<\/strong>s<\/a> transmit diseases; their urine and feces are harmful to your health, especially in cases of prolonged exposure. Their teeth, which grow up to 12 cm per year, constantly urge them to gnaw, thereby damaging electrical wires and plumbing, which increases the risks of fire and water damage.<\/p><\/div>        <\/div>\n            <\/div>\n\n\t\t\t\t<\/div>\n\t\t\t\t<\/div>\n\t\t\t\t\t<\/div>\n\t\t<\/div>\n\t\t\t\t<div class=\"elementor-column elementor-col-33 elementor-inner-column elementor-element elementor-element-97257b8\" data-id=\"97257b8\" data-element_type=\"column\">\n\t\t\t<div class=\"elementor-widget-wrap elementor-element-populated\">\n\t\t\t\t\t\t<div class=\"elementor-element elementor-element-f7acc71 eael-infobox-content-align--left eael-infobox-shape-square eael-infobox-hover-img-shape-square elementor-invisible elementor-widget elementor-widget-eael-info-box\" data-id=\"f7acc71\" data-element_type=\"widget\" data-settings=\"{&quot;_animation&quot;:&quot;fadeInRight&quot;}\" data-widget_type=\"eael-info-box.default\">\n\t\t\t\t<div class=\"elementor-widget-container\">\n\t\t\t        <div class=\"eael-infobox icon-on-top\">\n\t            <div class=\"infobox-icon\">\n\n                            <img decoding=\"async\" src=\"https:\/\/prev-ext.com\/wp-content\/uploads\/2024\/12\/iStock-2158648976.jpg\" alt=\"\">\n            \n            \n            \n        <\/div>\n            <div class=\"infobox-content\">\n                    <div class=\"infobox-title-section\">\n                <h2 class=\"title\">Our solutions for effective rodent extermination<\/h2>            <\/div>\n            <div><p>Mice often travel through plumbing, and you can find their droppings under the kitchen sink, near the bathroom sink, or around the hot water tank. They also hide in attic insulation. If you hear noises at night, it is likely that the colony has grown. It's time to call our professional extermination services. Our personalized approach, our satisfaction guarantee, and our proven methods leave no chance for mice and voles.\u00a0<\/p><\/div>        <\/div>\n            <\/div>\n\n\t\t\t\t<\/div>\n\t\t\t\t<\/div>\n\t\t\t\t\t<\/div>\n\t\t<\/div>\n\t\t\t\t\t<\/div>\n\t\t<\/section>\n\t\t\t\t\t<\/div>\n\t\t<\/div>\n\t\t\t\t\t<\/div>\n\t\t<\/section>\n\t\t\t\t<section class=\"elementor-section elementor-top-section elementor-element elementor-element-5a3e744 elementor-section-content-bottom elementor-section-boxed elementor-section-height-default elementor-section-height-default\" data-id=\"5a3e744\" data-element_type=\"section\" data-settings=\"{&quot;background_background&quot;:&quot;classic&quot;}\">\n\t\t\t\t\t\t<div class=\"elementor-container elementor-column-gap-no\">\n\t\t\t\t\t<div class=\"elementor-column elementor-col-50 elementor-top-column elementor-element elementor-element-56ae2d4 elementor-invisible\" data-id=\"56ae2d4\" data-element_type=\"column\" data-settings=\"{&quot;animation&quot;:&quot;fadeInLeft&quot;}\">\n\t\t\t<div class=\"elementor-widget-wrap elementor-element-populated\">\n\t\t\t\t\t\t<div class=\"elementor-element elementor-element-285a824 elementor-widget elementor-widget-heading\" data-id=\"285a824\" data-element_type=\"widget\" data-widget_type=\"heading.default\">\n\t\t\t\t<div class=\"elementor-widget-container\">\n\t\t\t<h2 class=\"elementor-heading-title elementor-size-default\">Contact us today for a free estimate<\/h2>\t\t<\/div>\n\t\t\t\t<\/div>\n\t\t\t\t<div class=\"elementor-element elementor-element-bf11898 elementor-widget elementor-widget-text-editor\" data-id=\"bf11898\" data-element_type=\"widget\" data-widget_type=\"text-editor.default\">\n\t\t\t\t<div class=\"elementor-widget-container\">\n\t\t\t\t\t\t\t<p><span data-olk-copy-source=\"MessageBody\">The presence of rodents in your home should not be taken lightly. Delayed intervention will often result in more damage and a larger infestation that may be even more difficult to eliminate.<\/span><\/p>\t\t\t\t\t\t<\/div>\n\t\t\t\t<\/div>\n\t\t\t\t<div class=\"elementor-element elementor-element-58d6e59 elementor-widget elementor-widget-button\" data-id=\"58d6e59\" data-element_type=\"widget\" data-widget_type=\"button.default\">\n\t\t\t\t<div class=\"elementor-widget-container\">\n\t\t\t\t\t\t\t<div class=\"elementor-button-wrapper\">\n\t\t\t\t\t<a class=\"elementor-button elementor-button-link elementor-size-sm\" href=\"https:\/\/prev-ext.com\/en\/contact\/\">\n\t\t\t\t\t\t<span class=\"elementor-button-content-wrapper\">\n\t\t\t\t\t\t\t\t\t<span class=\"elementor-button-text\">Talk to an exterminator<\/span>\n\t\t\t\t\t<\/span>\n\t\t\t\t\t<\/a>\n\t\t\t\t<\/div>\n\t\t\t\t\t\t<\/div>\n\t\t\t\t<\/div>\n\t\t\t\t\t<\/div>\n\t\t<\/div>\n\t\t\t\t<div class=\"elementor-column elementor-col-50 elementor-top-column elementor-element elementor-element-752bc52\" data-id=\"752bc52\" data-element_type=\"column\">\n\t\t\t<div class=\"elementor-widget-wrap\">\n\t\t\t\t\t\t\t<\/div>\n\t\t<\/div>\n\t\t\t\t\t<\/div>\n\t\t<\/section>\n\t\t\t\t<\/div>","protected":false},"excerpt":{"rendered":"<p>Souris ou mulots Vous avez un probl\u00e8me de rongeur? Que ce soit pour une maison, chalet, bloc appartement etc&#8230; Nous sommes l\u00e0 pour vous!\u00a0 Les rongeurs cherchent refuge avec l&rsquo;arriv\u00e9e du froid Avec l\u2019arriv\u00e9e des journ\u00e9es froides de l\u2019automne, les petits rongeurs comme les souris et les mulots cherchent activement un abri pour se prot\u00e9ger [&hellip;]<\/p>","protected":false},"author":1,"featured_media":0,"parent":0,"menu_order":0,"comment_status":"closed","ping_status":"closed","template":"elementor_header_footer","meta":{"footnotes":""},"class_list":["post-48","page","type-page","status-publish","hentry"],"yoast_head":"<!-- This site is optimized with the Yoast SEO plugin v25.0 - https:\/\/yoast.com\/wordpress\/plugins\/seo\/ -->\n<title>Rongeurs - Souris ou mulots - Pr\u00e9v-ext<\/title>\n<meta name=\"description\" content=\"\u00c9liminez les rongeurs, souris et mulots avec Extermination Pr\u00e9v-Ext. Solutions rapides et efficaces pour prot\u00e9ger votre maison.\" \/>\n<meta name=\"robots\" content=\"index, follow, max-snippet:-1, max-image-preview:large, max-video-preview:-1\" \/>\n<link rel=\"canonical\" href=\"https:\/\/prev-ext.com\/en\/rongeurs-souris-ou-mulots\/\" \/>\n<meta property=\"og:locale\" content=\"en_US\" \/>\n<meta property=\"og:type\" content=\"article\" \/>\n<meta property=\"og:title\" content=\"Rongeurs - Souris ou mulots - Pr\u00e9v-ext\" \/>\n<meta property=\"og:description\" content=\"\u00c9liminez les rongeurs, souris et mulots avec Extermination Pr\u00e9v-Ext. Solutions rapides et efficaces pour prot\u00e9ger votre maison.\" \/>\n<meta property=\"og:url\" content=\"https:\/\/prev-ext.com\/en\/rongeurs-souris-ou-mulots\/\" \/>\n<meta property=\"og:site_name\" content=\"Pr\u00e9v-ext\" \/>\n<meta property=\"article:modified_time\" content=\"2025-01-16T15:18:09+00:00\" \/>\n<meta property=\"og:image\" content=\"https:\/\/prev-ext.com\/wp-content\/uploads\/2024\/12\/ffdsdf.jpg\" \/>\n<meta name=\"twitter:card\" content=\"summary_large_image\" \/>\n<meta name=\"twitter:label1\" content=\"Est. reading time\" \/>\n\t<meta name=\"twitter:data1\" content=\"5 minutes\" \/>\n<script type=\"application\/ld+json\" class=\"yoast-schema-graph\">{\"@context\":\"https:\/\/schema.org\",\"@graph\":[{\"@type\":\"WebPage\",\"@id\":\"https:\/\/prev-ext.com\/rongeurs-souris-ou-mulots\/\",\"url\":\"https:\/\/prev-ext.com\/rongeurs-souris-ou-mulots\/\",\"name\":\"Rongeurs - Souris ou mulots - Pr\u00e9v-ext\",\"isPartOf\":{\"@id\":\"https:\/\/prev-ext.com\/#website\"},\"primaryImageOfPage\":{\"@id\":\"https:\/\/prev-ext.com\/rongeurs-souris-ou-mulots\/#primaryimage\"},\"image\":{\"@id\":\"https:\/\/prev-ext.com\/rongeurs-souris-ou-mulots\/#primaryimage\"},\"thumbnailUrl\":\"https:\/\/prev-ext.com\/wp-content\/uploads\/2024\/12\/ffdsdf.jpg\",\"datePublished\":\"2024-11-25T16:44:17+00:00\",\"dateModified\":\"2025-01-16T15:18:09+00:00\",\"description\":\"\u00c9liminez les rongeurs, souris et mulots avec Extermination Pr\u00e9v-Ext. Solutions rapides et efficaces pour prot\u00e9ger votre maison.\",\"breadcrumb\":{\"@id\":\"https:\/\/prev-ext.com\/rongeurs-souris-ou-mulots\/#breadcrumb\"},\"inLanguage\":\"en-CA\",\"potentialAction\":[{\"@type\":\"ReadAction\",\"target\":[\"https:\/\/prev-ext.com\/rongeurs-souris-ou-mulots\/\"]}]},{\"@type\":\"ImageObject\",\"inLanguage\":\"en-CA\",\"@id\":\"https:\/\/prev-ext.com\/rongeurs-souris-ou-mulots\/#primaryimage\",\"url\":\"https:\/\/prev-ext.com\/wp-content\/uploads\/2024\/12\/ffdsdf.jpg\",\"contentUrl\":\"https:\/\/prev-ext.com\/wp-content\/uploads\/2024\/12\/ffdsdf.jpg\"},{\"@type\":\"BreadcrumbList\",\"@id\":\"https:\/\/prev-ext.com\/rongeurs-souris-ou-mulots\/#breadcrumb\",\"itemListElement\":[{\"@type\":\"ListItem\",\"position\":1,\"name\":\"Home\",\"item\":\"https:\/\/prev-ext.com\/\"},{\"@type\":\"ListItem\",\"position\":2,\"name\":\"Souris ou mulots\"}]},{\"@type\":\"WebSite\",\"@id\":\"https:\/\/prev-ext.com\/#website\",\"url\":\"https:\/\/prev-ext.com\/\",\"name\":\"Pr\u00e9v-ext\",\"description\":\"Extermination\",\"publisher\":{\"@id\":\"https:\/\/prev-ext.com\/#organization\"},\"potentialAction\":[{\"@type\":\"SearchAction\",\"target\":{\"@type\":\"EntryPoint\",\"urlTemplate\":\"https:\/\/prev-ext.com\/?s={search_term_string}\"},\"query-input\":{\"@type\":\"PropertyValueSpecification\",\"valueRequired\":true,\"valueName\":\"search_term_string\"}}],\"inLanguage\":\"en-CA\"},{\"@type\":\"Organization\",\"@id\":\"https:\/\/prev-ext.com\/#organization\",\"name\":\"Pr\u00e9v-ext\",\"url\":\"https:\/\/prev-ext.com\/\",\"logo\":{\"@type\":\"ImageObject\",\"inLanguage\":\"en-CA\",\"@id\":\"https:\/\/prev-ext.com\/#\/schema\/logo\/image\/\",\"url\":\"https:\/\/prev-ext.com\/wp-content\/uploads\/2024\/11\/logo.png\",\"contentUrl\":\"https:\/\/prev-ext.com\/wp-content\/uploads\/2024\/11\/logo.png\",\"width\":460,\"height\":184,\"caption\":\"Pr\u00e9v-ext\"},\"image\":{\"@id\":\"https:\/\/prev-ext.com\/#\/schema\/logo\/image\/\"}}]}<\/script>\n<!-- \/ Yoast SEO plugin. -->","yoast_head_json":{"title":"Rongeurs - Souris ou mulots - Pr\u00e9v-ext","description":"\u00c9liminez les rongeurs, souris et mulots avec Extermination Pr\u00e9v-Ext. Solutions rapides et efficaces pour prot\u00e9ger votre maison.","robots":{"index":"index","follow":"follow","max-snippet":"max-snippet:-1","max-image-preview":"max-image-preview:large","max-video-preview":"max-video-preview:-1"},"canonical":"https:\/\/prev-ext.com\/en\/rongeurs-souris-ou-mulots\/","og_locale":"en_US","og_type":"article","og_title":"Rongeurs - Souris ou mulots - Pr\u00e9v-ext","og_description":"\u00c9liminez les rongeurs, souris et mulots avec Extermination Pr\u00e9v-Ext. Solutions rapides et efficaces pour prot\u00e9ger votre maison.","og_url":"https:\/\/prev-ext.com\/en\/rongeurs-souris-ou-mulots\/","og_site_name":"Pr\u00e9v-ext","article_modified_time":"2025-01-16T15:18:09+00:00","og_image":[{"url":"https:\/\/prev-ext.com\/wp-content\/uploads\/2024\/12\/ffdsdf.jpg","type":"","width":"","height":""}],"twitter_card":"summary_large_image","twitter_misc":{"Est. reading time":"5 minutes"},"schema":{"@context":"https:\/\/schema.org","@graph":[{"@type":"WebPage","@id":"https:\/\/prev-ext.com\/rongeurs-souris-ou-mulots\/","url":"https:\/\/prev-ext.com\/rongeurs-souris-ou-mulots\/","name":"Rongeurs - Souris ou mulots - Pr\u00e9v-ext","isPartOf":{"@id":"https:\/\/prev-ext.com\/#website"},"primaryImageOfPage":{"@id":"https:\/\/prev-ext.com\/rongeurs-souris-ou-mulots\/#primaryimage"},"image":{"@id":"https:\/\/prev-ext.com\/rongeurs-souris-ou-mulots\/#primaryimage"},"thumbnailUrl":"https:\/\/prev-ext.com\/wp-content\/uploads\/2024\/12\/ffdsdf.jpg","datePublished":"2024-11-25T16:44:17+00:00","dateModified":"2025-01-16T15:18:09+00:00","description":"\u00c9liminez les rongeurs, souris et mulots avec Extermination Pr\u00e9v-Ext. Solutions rapides et efficaces pour prot\u00e9ger votre maison.","breadcrumb":{"@id":"https:\/\/prev-ext.com\/rongeurs-souris-ou-mulots\/#breadcrumb"},"inLanguage":"en-CA","potentialAction":[{"@type":"ReadAction","target":["https:\/\/prev-ext.com\/rongeurs-souris-ou-mulots\/"]}]},{"@type":"ImageObject","inLanguage":"en-CA","@id":"https:\/\/prev-ext.com\/rongeurs-souris-ou-mulots\/#primaryimage","url":"https:\/\/prev-ext.com\/wp-content\/uploads\/2024\/12\/ffdsdf.jpg","contentUrl":"https:\/\/prev-ext.com\/wp-content\/uploads\/2024\/12\/ffdsdf.jpg"},{"@type":"BreadcrumbList","@id":"https:\/\/prev-ext.com\/rongeurs-souris-ou-mulots\/#breadcrumb","itemListElement":[{"@type":"ListItem","position":1,"name":"Home","item":"https:\/\/prev-ext.com\/"},{"@type":"ListItem","position":2,"name":"Souris ou mulots"}]},{"@type":"WebSite","@id":"https:\/\/prev-ext.com\/#website","url":"https:\/\/prev-ext.com\/","name":"Pr\u00e9v-ext","description":"Extermination","publisher":{"@id":"https:\/\/prev-ext.com\/#organization"},"potentialAction":[{"@type":"SearchAction","target":{"@type":"EntryPoint","urlTemplate":"https:\/\/prev-ext.com\/?s={search_term_string}"},"query-input":{"@type":"PropertyValueSpecification","valueRequired":true,"valueName":"search_term_string"}}],"inLanguage":"en-CA"},{"@type":"Organization","@id":"https:\/\/prev-ext.com\/#organization","name":"Pr\u00e9v-ext","url":"https:\/\/prev-ext.com\/","logo":{"@type":"ImageObject","inLanguage":"en-CA","@id":"https:\/\/prev-ext.com\/#\/schema\/logo\/image\/","url":"https:\/\/prev-ext.com\/wp-content\/uploads\/2024\/11\/logo.png","contentUrl":"https:\/\/prev-ext.com\/wp-content\/uploads\/2024\/11\/logo.png","width":460,"height":184,"caption":"Pr\u00e9v-ext"},"image":{"@id":"https:\/\/prev-ext.com\/#\/schema\/logo\/image\/"}}]}},"_links":{"self":[{"href":"https:\/\/prev-ext.com\/en\/wp-json\/wp\/v2\/pages\/48","targetHints":{"allow":["GET"]}}],"collection":[{"href":"https:\/\/prev-ext.com\/en\/wp-json\/wp\/v2\/pages"}],"about":[{"href":"https:\/\/prev-ext.com\/en\/wp-json\/wp\/v2\/types\/page"}],"author":[{"embeddable":true,"href":"https:\/\/prev-ext.com\/en\/wp-json\/wp\/v2\/users\/1"}],"replies":[{"embeddable":true,"href":"https:\/\/prev-ext.com\/en\/wp-json\/wp\/v2\/comments?post=48"}],"version-history":[{"count":51,"href":"https:\/\/prev-ext.com\/en\/wp-json\/wp\/v2\/pages\/48\/revisions"}],"predecessor-version":[{"id":1289,"href":"https:\/\/prev-ext.com\/en\/wp-json\/wp\/v2\/pages\/48\/revisions\/1289"}],"wp:attachment":[{"href":"https:\/\/prev-ext.com\/en\/wp-json\/wp\/v2\/media?parent=48"}],"curies":[{"name":"wp","href":"https:\/\/api.w.org\/{rel}","templated":true}]}}