{"id":45,"date":"2024-11-25T16:44:16","date_gmt":"2024-11-25T16:44:16","guid":{"rendered":"https:\/\/prev-ext.com\/about\/"},"modified":"2025-01-14T19:51:39","modified_gmt":"2025-01-14T19:51:39","slug":"service-commercial-gestion-parasitaire","status":"publish","type":"page","link":"https:\/\/prev-ext.com\/en\/service-commercial-gestion-parasitaire\/","title":{"rendered":"Commercial services"},"content":{"rendered":"<div data-elementor-type=\"wp-page\" data-elementor-id=\"45\" class=\"elementor elementor-45\" data-elementor-post-type=\"page\">\n\t\t\t\t\t\t<section class=\"elementor-section elementor-top-section elementor-element elementor-element-e8c996d elementor-section-boxed elementor-section-height-default elementor-section-height-default\" data-id=\"e8c996d\" data-element_type=\"section\" data-settings=\"{&quot;background_background&quot;:&quot;classic&quot;}\">\n\t\t\t\t\t\t<div class=\"elementor-container elementor-column-gap-no\">\n\t\t\t\t\t<div class=\"elementor-column elementor-col-100 elementor-top-column elementor-element elementor-element-635e149\" data-id=\"635e149\" data-element_type=\"column\">\n\t\t\t<div class=\"elementor-widget-wrap elementor-element-populated\">\n\t\t\t\t\t\t<div class=\"elementor-element elementor-element-6c10f8d elementor-widget elementor-widget-heading\" data-id=\"6c10f8d\" data-element_type=\"widget\" data-widget_type=\"heading.default\">\n\t\t\t\t<div class=\"elementor-widget-container\">\n\t\t\t<h1 class=\"elementor-heading-title elementor-size-default\">Commercial Services<\/h1>\t\t<\/div>\n\t\t\t\t<\/div>\n\t\t\t\t\t<\/div>\n\t\t<\/div>\n\t\t\t\t\t<\/div>\n\t\t<\/section>\n\t\t\t\t<section class=\"elementor-section elementor-top-section elementor-element elementor-element-9ace42a elementor-section-content-bottom elementor-section-boxed elementor-section-height-default elementor-section-height-default\" data-id=\"9ace42a\" data-element_type=\"section\">\n\t\t\t\t\t\t<div class=\"elementor-container elementor-column-gap-no\">\n\t\t\t\t\t<div class=\"elementor-column elementor-col-50 elementor-top-column elementor-element elementor-element-c637d15\" data-id=\"c637d15\" data-element_type=\"column\">\n\t\t\t<div class=\"elementor-widget-wrap elementor-element-populated\">\n\t\t\t\t\t\t<div class=\"elementor-element elementor-element-68f3d66 elementor-invisible elementor-widget elementor-widget-heading\" data-id=\"68f3d66\" data-element_type=\"widget\" data-settings=\"{&quot;_animation&quot;:&quot;fadeInLeft&quot;}\" data-widget_type=\"heading.default\">\n\t\t\t\t<div class=\"elementor-widget-container\">\n\t\t\t<h2 class=\"elementor-heading-title elementor-size-default\">Personalized pest management service for your business<\/h2>\t\t<\/div>\n\t\t\t\t<\/div>\n\t\t\t\t<div class=\"elementor-element elementor-element-3328513 elementor-invisible elementor-widget elementor-widget-text-editor\" data-id=\"3328513\" data-element_type=\"widget\" data-settings=\"{&quot;_animation&quot;:&quot;fadeInLeft&quot;}\" data-widget_type=\"text-editor.default\">\n\t\t\t\t<div class=\"elementor-widget-container\">\n\t\t\t\t\t\t\t<p>We offer a comprehensive pest management prevention service for all types of commercial businesses, whether small, medium, or large. Indeed, every business has specific needs. Thus, whether it\u2019s restaurants, hotels, or other types of establishments, we tailor our solutions accordingly. Moreover, we use advanced techniques to effectively eliminate pests. Additionally, our team is trained to respond quickly in case of emergencies. Furthermore, we provide regular maintenance plans to prevent any reinfestation. This way, you can focus on your core business without worrying about pests. By doing so, we ensure a healthy and safe environment for your customers and employees. In short, our personalized approach guarantees lasting results and total satisfaction.<\/p>\t\t\t\t\t\t<\/div>\n\t\t\t\t<\/div>\n\t\t\t\t\t<\/div>\n\t\t<\/div>\n\t\t\t\t<div class=\"elementor-column elementor-col-50 elementor-top-column elementor-element elementor-element-47703c0 elementor-invisible\" data-id=\"47703c0\" data-element_type=\"column\" data-settings=\"{&quot;background_background&quot;:&quot;classic&quot;,&quot;animation&quot;:&quot;fadeInUp&quot;}\">\n\t\t\t<div class=\"elementor-widget-wrap elementor-element-populated\">\n\t\t\t\t\t\t<div class=\"elementor-element elementor-element-223b5c5 elementor-widget elementor-widget-image\" data-id=\"223b5c5\" data-element_type=\"widget\" data-widget_type=\"image.default\">\n\t\t\t\t<div class=\"elementor-widget-container\">\n\t\t\t\t\t\t\t\t\t\t\t\t\t<img fetchpriority=\"high\" decoding=\"async\" width=\"800\" height=\"534\" src=\"https:\/\/prev-ext.com\/wp-content\/uploads\/2025\/01\/iStock-1311165951-1024x683.jpg\" class=\"attachment-large size-large wp-image-897\" alt=\"\" srcset=\"https:\/\/prev-ext.com\/wp-content\/uploads\/2025\/01\/iStock-1311165951-1024x683.jpg 1024w, https:\/\/prev-ext.com\/wp-content\/uploads\/2025\/01\/iStock-1311165951-300x200.jpg 300w, https:\/\/prev-ext.com\/wp-content\/uploads\/2025\/01\/iStock-1311165951-768x512.jpg 768w, https:\/\/prev-ext.com\/wp-content\/uploads\/2025\/01\/iStock-1311165951.jpg 1254w\" sizes=\"(max-width: 800px) 100vw, 800px\" \/>\t\t\t\t\t\t\t\t\t\t\t\t\t<\/div>\n\t\t\t\t<\/div>\n\t\t\t\t\t<\/div>\n\t\t<\/div>\n\t\t\t\t\t<\/div>\n\t\t<\/section>\n\t\t<div class=\"elementor-element elementor-element-d6e99cc e-flex e-con-boxed e-con e-parent\" data-id=\"d6e99cc\" data-element_type=\"container\">\n\t\t\t\t\t<div class=\"e-con-inner\">\n\t\t<div class=\"elementor-element elementor-element-bcf5da8 e-con-full e-flex e-con e-child\" data-id=\"bcf5da8\" data-element_type=\"container\">\n\t\t\t\t<div class=\"elementor-element elementor-element-fa9c642 elementor-widget elementor-widget-image\" data-id=\"fa9c642\" data-element_type=\"widget\" data-widget_type=\"image.default\">\n\t\t\t\t<div class=\"elementor-widget-container\">\n\t\t\t\t\t\t\t\t\t\t\t\t\t<img decoding=\"async\" width=\"370\" height=\"200\" src=\"https:\/\/prev-ext.com\/wp-content\/uploads\/2024\/11\/Comm1.jpg\" class=\"attachment-large size-large wp-image-359\" alt=\"\" srcset=\"https:\/\/prev-ext.com\/wp-content\/uploads\/2024\/11\/Comm1.jpg 370w, https:\/\/prev-ext.com\/wp-content\/uploads\/2024\/11\/Comm1-300x162.jpg 300w\" sizes=\"(max-width: 370px) 100vw, 370px\" \/>\t\t\t\t\t\t\t\t\t\t\t\t\t<\/div>\n\t\t\t\t<\/div>\n\t\t\t\t<\/div>\n\t\t<div class=\"elementor-element elementor-element-fb67dd2 e-con-full e-flex e-con e-child\" data-id=\"fb67dd2\" data-element_type=\"container\">\n\t\t\t\t<div class=\"elementor-element elementor-element-1dfd61b elementor-widget elementor-widget-heading\" data-id=\"1dfd61b\" data-element_type=\"widget\" data-widget_type=\"heading.default\">\n\t\t\t\t<div class=\"elementor-widget-container\">\n\t\t\t<h2 class=\"elementor-heading-title elementor-size-default\">The type of clients we work with right now.<\/h2>\t\t<\/div>\n\t\t\t\t<\/div>\n\t\t\t\t<div class=\"elementor-element elementor-element-b0dba01 elementor-invisible elementor-widget elementor-widget-text-editor\" data-id=\"b0dba01\" data-element_type=\"widget\" data-settings=\"{&quot;_animation&quot;:&quot;fadeInLeft&quot;}\" data-widget_type=\"text-editor.default\">\n\t\t\t\t<div class=\"elementor-widget-container\">\n\t\t\t\t\t\t\t<p>We serve a wide range of commercial clients. For example, we work with furniture factories, convenience stores, and gas stations. Additionally, our clients include <strong>ice cream shops<\/strong>, <strong>motels<\/strong>, <strong>daycares<\/strong> and <strong>campings<\/strong>. Moreover, we also help <strong>restaurants<\/strong>, <strong>bars<\/strong>and <strong>pubs<\/strong>. Finally we work with <strong>clothing stores<\/strong>, managers of <strong>rental real estate<\/strong>and <strong>parks<\/strong> of <strong>condos<\/strong>. Also we offer our services to Airbnb<strong>owners<\/strong> and many other types of establishments. Thus, regardless of the size or industry of your business, we have a solution tailored to your needs. In short, our diverse experience allows us to effectively meet all your pest management requirements.<\/p>\t\t\t\t\t\t<\/div>\n\t\t\t\t<\/div>\n\t\t\t\t<\/div>\n\t\t\t\t\t<\/div>\n\t\t\t\t<\/div>\n\t\t\t\t<section class=\"elementor-section elementor-top-section elementor-element elementor-element-2f270f5 elementor-section-content-bottom elementor-section-boxed elementor-section-height-default elementor-section-height-default\" data-id=\"2f270f5\" data-element_type=\"section\" data-settings=\"{&quot;background_background&quot;:&quot;classic&quot;}\">\n\t\t\t\t\t\t<div class=\"elementor-container elementor-column-gap-no\">\n\t\t\t\t\t<div class=\"elementor-column elementor-col-50 elementor-top-column elementor-element elementor-element-e1f9007 elementor-invisible\" data-id=\"e1f9007\" data-element_type=\"column\" data-settings=\"{&quot;animation&quot;:&quot;fadeInLeft&quot;}\">\n\t\t\t<div class=\"elementor-widget-wrap elementor-element-populated\">\n\t\t\t\t\t\t<div class=\"elementor-element elementor-element-4e9a210 elementor-widget elementor-widget-heading\" data-id=\"4e9a210\" data-element_type=\"widget\" data-widget_type=\"heading.default\">\n\t\t\t\t<div class=\"elementor-widget-container\">\n\t\t\t<h2 class=\"elementor-heading-title elementor-size-default\">Prevention above all<\/h2>\t\t<\/div>\n\t\t\t\t<\/div>\n\t\t\t\t<div class=\"elementor-element elementor-element-7a07eda elementor-widget elementor-widget-text-editor\" data-id=\"7a07eda\" data-element_type=\"widget\" data-widget_type=\"text-editor.default\">\n\t\t\t\t<div class=\"elementor-widget-container\">\n\t\t\t\t\t\t\t<p>We offer a comprehensive pest management prevention service for all types of commercial businesses, whether small, medium, or large. Whether it's offices, warehouses, or any other type of establishment, we have a solution to keep pests under control.<\/p><p>Our interventions comply with government standards of <strong><a href=\"https:\/\/www.quebec.ca\/gouvernement\/ministere\/environnement\">Minist\u00e8re de l\u2019Environnement, de la Lutte contre les changements climatiques, de la Faune et des Parcs<\/a><\/strong>. We provide safety data sheets as well as registration numbers for the products used. Above all, we offer unparalleled service, personalized for your establishment! You can count on us 24\/7!<\/p>\t\t\t\t\t\t<\/div>\n\t\t\t\t<\/div>\n\t\t\t\t<div class=\"elementor-element elementor-element-d7e787c elementor-widget elementor-widget-button\" data-id=\"d7e787c\" data-element_type=\"widget\" data-widget_type=\"button.default\">\n\t\t\t\t<div class=\"elementor-widget-container\">\n\t\t\t\t\t\t\t<div class=\"elementor-button-wrapper\">\n\t\t\t\t\t<a class=\"elementor-button elementor-button-link elementor-size-sm\" href=\"https:\/\/prev-ext.com\/en\/contact\/\">\n\t\t\t\t\t\t<span class=\"elementor-button-content-wrapper\">\n\t\t\t\t\t\t\t\t\t<span class=\"elementor-button-text\">Make an Appointment<\/span>\n\t\t\t\t\t<\/span>\n\t\t\t\t\t<\/a>\n\t\t\t\t<\/div>\n\t\t\t\t\t\t<\/div>\n\t\t\t\t<\/div>\n\t\t\t\t\t<\/div>\n\t\t<\/div>\n\t\t\t\t<div class=\"elementor-column elementor-col-50 elementor-top-column elementor-element elementor-element-98f3ac6\" data-id=\"98f3ac6\" data-element_type=\"column\">\n\t\t\t<div class=\"elementor-widget-wrap elementor-element-populated\">\n\t\t\t\t\t\t<div class=\"elementor-element elementor-element-6b7eb84 elementor-invisible elementor-widget elementor-widget-image\" data-id=\"6b7eb84\" data-element_type=\"widget\" data-settings=\"{&quot;_animation&quot;:&quot;fadeInRight&quot;}\" data-widget_type=\"image.default\">\n\t\t\t\t<div class=\"elementor-widget-container\">\n\t\t\t\t\t\t\t\t\t\t\t\t\t<img decoding=\"async\" width=\"370\" height=\"200\" src=\"https:\/\/prev-ext.com\/wp-content\/uploads\/2024\/11\/Comm2.jpg\" class=\"attachment-full size-full wp-image-155\" alt=\"\" srcset=\"https:\/\/prev-ext.com\/wp-content\/uploads\/2024\/11\/Comm2.jpg 370w, https:\/\/prev-ext.com\/wp-content\/uploads\/2024\/11\/Comm2-300x162.jpg 300w\" sizes=\"(max-width: 370px) 100vw, 370px\" \/>\t\t\t\t\t\t\t\t\t\t\t\t\t<\/div>\n\t\t\t\t<\/div>\n\t\t\t\t\t<\/div>\n\t\t<\/div>\n\t\t\t\t\t<\/div>\n\t\t<\/section>\n\t\t\t\t<\/div>","protected":false},"excerpt":{"rendered":"<p>Service Commercial Service de gestion parasitaire personalis\u00e9 pour votre entreprise Nous offrons un service complet de pr\u00e9vention en gestion parasitaire pour tous les types d\u2019entreprises commerciales, petites, moyennes ou grandes. En effet, chaque entreprise a des besoins sp\u00e9cifiques. Ainsi, qu\u2019il s\u2019agisse de restaurants, d\u2019h\u00f4tels ou d\u2019autres types d\u2019\u00e9tablissements, nous adaptons nos solutions. De plus, nous [&hellip;]<\/p>","protected":false},"author":1,"featured_media":0,"parent":0,"menu_order":0,"comment_status":"closed","ping_status":"closed","template":"elementor_header_footer","meta":{"footnotes":""},"class_list":["post-45","page","type-page","status-publish","hentry"],"yoast_head":"<!-- This site is optimized with the Yoast SEO plugin v25.0 - https:\/\/yoast.com\/wordpress\/plugins\/seo\/ -->\n<title>Service commercial - Gestion parasitaire - Pr\u00e9v-ext<\/title>\n<meta name=\"description\" content=\"Extermination Pr\u00e9v-Ext propose des solutions de gestion parasitaire sur mesure pour les entreprises. Prot\u00e9gez votre commerce efficacement.\" \/>\n<meta name=\"robots\" content=\"index, follow, max-snippet:-1, max-image-preview:large, max-video-preview:-1\" \/>\n<link rel=\"canonical\" href=\"https:\/\/prev-ext.com\/en\/service-commercial-gestion-parasitaire\/\" \/>\n<meta property=\"og:locale\" content=\"en_US\" \/>\n<meta property=\"og:type\" content=\"article\" \/>\n<meta property=\"og:title\" content=\"Service commercial - Gestion parasitaire - Pr\u00e9v-ext\" \/>\n<meta property=\"og:description\" content=\"Extermination Pr\u00e9v-Ext propose des solutions de gestion parasitaire sur mesure pour les entreprises. Prot\u00e9gez votre commerce efficacement.\" \/>\n<meta property=\"og:url\" content=\"https:\/\/prev-ext.com\/en\/service-commercial-gestion-parasitaire\/\" \/>\n<meta property=\"og:site_name\" content=\"Pr\u00e9v-ext\" \/>\n<meta property=\"article:modified_time\" content=\"2025-01-14T19:51:39+00:00\" \/>\n<meta property=\"og:image\" content=\"https:\/\/prev-ext.com\/wp-content\/uploads\/2025\/01\/iStock-1311165951-1024x683.jpg\" \/>\n<meta name=\"twitter:card\" content=\"summary_large_image\" \/>\n<meta name=\"twitter:label1\" content=\"Est. reading time\" \/>\n\t<meta name=\"twitter:data1\" content=\"3 minutes\" \/>\n<script type=\"application\/ld+json\" class=\"yoast-schema-graph\">{\"@context\":\"https:\/\/schema.org\",\"@graph\":[{\"@type\":\"WebPage\",\"@id\":\"https:\/\/prev-ext.com\/service-commercial-gestion-parasitaire\/\",\"url\":\"https:\/\/prev-ext.com\/service-commercial-gestion-parasitaire\/\",\"name\":\"Service commercial - Gestion parasitaire - Pr\u00e9v-ext\",\"isPartOf\":{\"@id\":\"https:\/\/prev-ext.com\/#website\"},\"primaryImageOfPage\":{\"@id\":\"https:\/\/prev-ext.com\/service-commercial-gestion-parasitaire\/#primaryimage\"},\"image\":{\"@id\":\"https:\/\/prev-ext.com\/service-commercial-gestion-parasitaire\/#primaryimage\"},\"thumbnailUrl\":\"https:\/\/prev-ext.com\/wp-content\/uploads\/2025\/01\/iStock-1311165951-1024x683.jpg\",\"datePublished\":\"2024-11-25T16:44:16+00:00\",\"dateModified\":\"2025-01-14T19:51:39+00:00\",\"description\":\"Extermination Pr\u00e9v-Ext propose des solutions de gestion parasitaire sur mesure pour les entreprises. Prot\u00e9gez votre commerce efficacement.\",\"breadcrumb\":{\"@id\":\"https:\/\/prev-ext.com\/service-commercial-gestion-parasitaire\/#breadcrumb\"},\"inLanguage\":\"en-CA\",\"potentialAction\":[{\"@type\":\"ReadAction\",\"target\":[\"https:\/\/prev-ext.com\/service-commercial-gestion-parasitaire\/\"]}]},{\"@type\":\"ImageObject\",\"inLanguage\":\"en-CA\",\"@id\":\"https:\/\/prev-ext.com\/service-commercial-gestion-parasitaire\/#primaryimage\",\"url\":\"https:\/\/prev-ext.com\/wp-content\/uploads\/2025\/01\/iStock-1311165951-1024x683.jpg\",\"contentUrl\":\"https:\/\/prev-ext.com\/wp-content\/uploads\/2025\/01\/iStock-1311165951-1024x683.jpg\"},{\"@type\":\"BreadcrumbList\",\"@id\":\"https:\/\/prev-ext.com\/service-commercial-gestion-parasitaire\/#breadcrumb\",\"itemListElement\":[{\"@type\":\"ListItem\",\"position\":1,\"name\":\"Home\",\"item\":\"https:\/\/prev-ext.com\/\"},{\"@type\":\"ListItem\",\"position\":2,\"name\":\"Service commercial\"}]},{\"@type\":\"WebSite\",\"@id\":\"https:\/\/prev-ext.com\/#website\",\"url\":\"https:\/\/prev-ext.com\/\",\"name\":\"Pr\u00e9v-ext\",\"description\":\"Extermination\",\"publisher\":{\"@id\":\"https:\/\/prev-ext.com\/#organization\"},\"potentialAction\":[{\"@type\":\"SearchAction\",\"target\":{\"@type\":\"EntryPoint\",\"urlTemplate\":\"https:\/\/prev-ext.com\/?s={search_term_string}\"},\"query-input\":{\"@type\":\"PropertyValueSpecification\",\"valueRequired\":true,\"valueName\":\"search_term_string\"}}],\"inLanguage\":\"en-CA\"},{\"@type\":\"Organization\",\"@id\":\"https:\/\/prev-ext.com\/#organization\",\"name\":\"Pr\u00e9v-ext\",\"url\":\"https:\/\/prev-ext.com\/\",\"logo\":{\"@type\":\"ImageObject\",\"inLanguage\":\"en-CA\",\"@id\":\"https:\/\/prev-ext.com\/#\/schema\/logo\/image\/\",\"url\":\"https:\/\/prev-ext.com\/wp-content\/uploads\/2024\/11\/logo.png\",\"contentUrl\":\"https:\/\/prev-ext.com\/wp-content\/uploads\/2024\/11\/logo.png\",\"width\":460,\"height\":184,\"caption\":\"Pr\u00e9v-ext\"},\"image\":{\"@id\":\"https:\/\/prev-ext.com\/#\/schema\/logo\/image\/\"}}]}<\/script>\n<!-- \/ Yoast SEO plugin. -->","yoast_head_json":{"title":"Service commercial - Gestion parasitaire - Pr\u00e9v-ext","description":"Extermination Pr\u00e9v-Ext propose des solutions de gestion parasitaire sur mesure pour les entreprises. Prot\u00e9gez votre commerce efficacement.","robots":{"index":"index","follow":"follow","max-snippet":"max-snippet:-1","max-image-preview":"max-image-preview:large","max-video-preview":"max-video-preview:-1"},"canonical":"https:\/\/prev-ext.com\/en\/service-commercial-gestion-parasitaire\/","og_locale":"en_US","og_type":"article","og_title":"Service commercial - Gestion parasitaire - Pr\u00e9v-ext","og_description":"Extermination Pr\u00e9v-Ext propose des solutions de gestion parasitaire sur mesure pour les entreprises. Prot\u00e9gez votre commerce efficacement.","og_url":"https:\/\/prev-ext.com\/en\/service-commercial-gestion-parasitaire\/","og_site_name":"Pr\u00e9v-ext","article_modified_time":"2025-01-14T19:51:39+00:00","og_image":[{"url":"https:\/\/prev-ext.com\/wp-content\/uploads\/2025\/01\/iStock-1311165951-1024x683.jpg","type":"","width":"","height":""}],"twitter_card":"summary_large_image","twitter_misc":{"Est. reading time":"3 minutes"},"schema":{"@context":"https:\/\/schema.org","@graph":[{"@type":"WebPage","@id":"https:\/\/prev-ext.com\/service-commercial-gestion-parasitaire\/","url":"https:\/\/prev-ext.com\/service-commercial-gestion-parasitaire\/","name":"Service commercial - Gestion parasitaire - Pr\u00e9v-ext","isPartOf":{"@id":"https:\/\/prev-ext.com\/#website"},"primaryImageOfPage":{"@id":"https:\/\/prev-ext.com\/service-commercial-gestion-parasitaire\/#primaryimage"},"image":{"@id":"https:\/\/prev-ext.com\/service-commercial-gestion-parasitaire\/#primaryimage"},"thumbnailUrl":"https:\/\/prev-ext.com\/wp-content\/uploads\/2025\/01\/iStock-1311165951-1024x683.jpg","datePublished":"2024-11-25T16:44:16+00:00","dateModified":"2025-01-14T19:51:39+00:00","description":"Extermination Pr\u00e9v-Ext propose des solutions de gestion parasitaire sur mesure pour les entreprises. Prot\u00e9gez votre commerce efficacement.","breadcrumb":{"@id":"https:\/\/prev-ext.com\/service-commercial-gestion-parasitaire\/#breadcrumb"},"inLanguage":"en-CA","potentialAction":[{"@type":"ReadAction","target":["https:\/\/prev-ext.com\/service-commercial-gestion-parasitaire\/"]}]},{"@type":"ImageObject","inLanguage":"en-CA","@id":"https:\/\/prev-ext.com\/service-commercial-gestion-parasitaire\/#primaryimage","url":"https:\/\/prev-ext.com\/wp-content\/uploads\/2025\/01\/iStock-1311165951-1024x683.jpg","contentUrl":"https:\/\/prev-ext.com\/wp-content\/uploads\/2025\/01\/iStock-1311165951-1024x683.jpg"},{"@type":"BreadcrumbList","@id":"https:\/\/prev-ext.com\/service-commercial-gestion-parasitaire\/#breadcrumb","itemListElement":[{"@type":"ListItem","position":1,"name":"Home","item":"https:\/\/prev-ext.com\/"},{"@type":"ListItem","position":2,"name":"Service commercial"}]},{"@type":"WebSite","@id":"https:\/\/prev-ext.com\/#website","url":"https:\/\/prev-ext.com\/","name":"Pr\u00e9v-ext","description":"Extermination","publisher":{"@id":"https:\/\/prev-ext.com\/#organization"},"potentialAction":[{"@type":"SearchAction","target":{"@type":"EntryPoint","urlTemplate":"https:\/\/prev-ext.com\/?s={search_term_string}"},"query-input":{"@type":"PropertyValueSpecification","valueRequired":true,"valueName":"search_term_string"}}],"inLanguage":"en-CA"},{"@type":"Organization","@id":"https:\/\/prev-ext.com\/#organization","name":"Pr\u00e9v-ext","url":"https:\/\/prev-ext.com\/","logo":{"@type":"ImageObject","inLanguage":"en-CA","@id":"https:\/\/prev-ext.com\/#\/schema\/logo\/image\/","url":"https:\/\/prev-ext.com\/wp-content\/uploads\/2024\/11\/logo.png","contentUrl":"https:\/\/prev-ext.com\/wp-content\/uploads\/2024\/11\/logo.png","width":460,"height":184,"caption":"Pr\u00e9v-ext"},"image":{"@id":"https:\/\/prev-ext.com\/#\/schema\/logo\/image\/"}}]}},"_links":{"self":[{"href":"https:\/\/prev-ext.com\/en\/wp-json\/wp\/v2\/pages\/45","targetHints":{"allow":["GET"]}}],"collection":[{"href":"https:\/\/prev-ext.com\/en\/wp-json\/wp\/v2\/pages"}],"about":[{"href":"https:\/\/prev-ext.com\/en\/wp-json\/wp\/v2\/types\/page"}],"author":[{"embeddable":true,"href":"https:\/\/prev-ext.com\/en\/wp-json\/wp\/v2\/users\/1"}],"replies":[{"embeddable":true,"href":"https:\/\/prev-ext.com\/en\/wp-json\/wp\/v2\/comments?post=45"}],"version-history":[{"count":44,"href":"https:\/\/prev-ext.com\/en\/wp-json\/wp\/v2\/pages\/45\/revisions"}],"predecessor-version":[{"id":1167,"href":"https:\/\/prev-ext.com\/en\/wp-json\/wp\/v2\/pages\/45\/revisions\/1167"}],"wp:attachment":[{"href":"https:\/\/prev-ext.com\/en\/wp-json\/wp\/v2\/media?parent=45"}],"curies":[{"name":"wp","href":"https:\/\/api.w.org\/{rel}","templated":true}]}}