{"id":194,"date":"2024-11-27T20:57:48","date_gmt":"2024-11-27T20:57:48","guid":{"rendered":"https:\/\/prev-ext.com\/?page_id=194"},"modified":"2025-01-16T15:18:38","modified_gmt":"2025-01-16T15:18:38","slug":"punaises-de-lit","status":"publish","type":"page","link":"https:\/\/prev-ext.com\/en\/punaises-de-lit\/","title":{"rendered":"Bed bugs"},"content":{"rendered":"<div data-elementor-type=\"wp-page\" data-elementor-id=\"194\" class=\"elementor elementor-194\" data-elementor-post-type=\"page\">\n\t\t\t\t<div class=\"elementor-element elementor-element-fceacd0 e-flex e-con-boxed e-con e-parent\" data-id=\"fceacd0\" data-element_type=\"container\" data-settings=\"{&quot;background_background&quot;:&quot;classic&quot;}\">\n\t\t\t\t\t<div class=\"e-con-inner\">\n\t\t\t\t<div class=\"elementor-element elementor-element-b9e3d51 elementor-widget elementor-widget-heading\" data-id=\"b9e3d51\" data-element_type=\"widget\" data-widget_type=\"heading.default\">\n\t\t\t\t<div class=\"elementor-widget-container\">\n\t\t\t<h2 class=\"elementor-heading-title elementor-size-default\">Bed bugs<\/h2>\t\t<\/div>\n\t\t\t\t<\/div>\n\t\t\t\t\t<\/div>\n\t\t\t\t<\/div>\n\t\t\t\t<section class=\"elementor-section elementor-top-section elementor-element elementor-element-80a9306 elementor-section-boxed elementor-section-height-default elementor-section-height-default\" data-id=\"80a9306\" data-element_type=\"section\">\n\t\t\t\t\t\t<div class=\"elementor-container elementor-column-gap-no\">\n\t\t\t\t\t<div class=\"elementor-column elementor-col-100 elementor-top-column elementor-element elementor-element-557986a\" data-id=\"557986a\" data-element_type=\"column\">\n\t\t\t<div class=\"elementor-widget-wrap elementor-element-populated\">\n\t\t\t\t\t\t<section class=\"elementor-section elementor-inner-section elementor-element elementor-element-4f26150 elementor-section-boxed elementor-section-height-default elementor-section-height-default\" data-id=\"4f26150\" data-element_type=\"section\">\n\t\t\t\t\t\t<div class=\"elementor-container elementor-column-gap-no\">\n\t\t\t\t\t<div class=\"elementor-column elementor-col-50 elementor-inner-column elementor-element elementor-element-18ef969\" data-id=\"18ef969\" data-element_type=\"column\">\n\t\t\t<div class=\"elementor-widget-wrap elementor-element-populated\">\n\t\t\t\t\t\t<div class=\"elementor-element elementor-element-e9d2eb1 eael-infobox-content-align--left eael-infobox-shape-square eael-infobox-hover-img-shape-square elementor-invisible elementor-widget elementor-widget-eael-info-box\" data-id=\"e9d2eb1\" data-element_type=\"widget\" data-settings=\"{&quot;_animation&quot;:&quot;fadeInLeft&quot;}\" data-widget_type=\"eael-info-box.default\">\n\t\t\t\t<div class=\"elementor-widget-container\">\n\t\t\t        <div class=\"eael-infobox icon-on-top\">\n\t            <div class=\"infobox-icon\">\n\n                            <img decoding=\"async\" src=\"https:\/\/prev-ext.com\/wp-content\/uploads\/2025\/01\/Image2-4.jpg\" alt=\"Punaises de lit - 1\">\n            \n            \n            \n        <\/div>\n            <div class=\"infobox-content\">\n                    <div class=\"infobox-title-section\">\n                <h2 class=\"title\">Act quickly against bed bugs to avoid a major infestation<\/h2>            <\/div>\n            <div><p>When you discover bed bugs in your home, act quickly. Indeed, eliminate them to avoid a major infestation. These pests reproduce quickly and can thus invade your home rapidly. Therefore, the longer you wait, the more difficult and costly it becomes to eradicate them.<\/p><\/div>        <\/div>\n            <\/div>\n\n\t\t\t\t<\/div>\n\t\t\t\t<\/div>\n\t\t\t\t\t<\/div>\n\t\t<\/div>\n\t\t\t\t<div class=\"elementor-column elementor-col-50 elementor-inner-column elementor-element elementor-element-ff5361d\" data-id=\"ff5361d\" data-element_type=\"column\">\n\t\t\t<div class=\"elementor-widget-wrap elementor-element-populated\">\n\t\t\t\t\t\t<div class=\"elementor-element elementor-element-8186d29 eael-infobox-content-align--left eael-infobox-shape-square eael-infobox-hover-img-shape-square elementor-invisible elementor-widget elementor-widget-eael-info-box\" data-id=\"8186d29\" data-element_type=\"widget\" data-settings=\"{&quot;_animation&quot;:&quot;zoomIn&quot;}\" data-widget_type=\"eael-info-box.default\">\n\t\t\t\t<div class=\"elementor-widget-container\">\n\t\t\t        <div class=\"eael-infobox icon-on-top\">\n\t            <div class=\"infobox-icon\">\n\n                            <img decoding=\"async\" src=\"https:\/\/prev-ext.com\/wp-content\/uploads\/2025\/01\/Image3-4-e1736258753523.jpg\" alt=\"Punaises de lit - 2\">\n            \n            \n            \n        <\/div>\n            <div class=\"infobox-content\">\n                    <div class=\"infobox-title-section\">\n                <h2 class=\"title\">Call professionals for effective extermination<\/h2>            <\/div>\n            <div><p>Contact us to ensure effective and compliant extermination work. Moreover, proven methods are used by our experts to eliminate bed bugs. We ensure safe and lasting elimination. However, <strong>avoid using over-the-counter insecticides<\/strong>. These products can also be dangerous and increase the resistance of bed bugs.<\/p><\/div>        <\/div>\n            <\/div>\n\n\t\t\t\t<\/div>\n\t\t\t\t<\/div>\n\t\t\t\t\t<\/div>\n\t\t<\/div>\n\t\t\t\t\t<\/div>\n\t\t<\/section>\n\t\t\t\t<section class=\"elementor-section elementor-inner-section elementor-element elementor-element-2d20e84 elementor-section-boxed elementor-section-height-default elementor-section-height-default\" data-id=\"2d20e84\" data-element_type=\"section\">\n\t\t\t\t\t\t<div class=\"elementor-container elementor-column-gap-no\">\n\t\t\t\t\t<div class=\"elementor-column elementor-col-50 elementor-inner-column elementor-element elementor-element-f2c0cd3\" data-id=\"f2c0cd3\" data-element_type=\"column\">\n\t\t\t<div class=\"elementor-widget-wrap elementor-element-populated\">\n\t\t\t\t\t\t<div class=\"elementor-element elementor-element-4c78652 eael-infobox-content-align--left eael-infobox-shape-square eael-infobox-hover-img-shape-square elementor-invisible elementor-widget elementor-widget-eael-info-box\" data-id=\"4c78652\" data-element_type=\"widget\" data-settings=\"{&quot;_animation&quot;:&quot;fadeInLeft&quot;}\" data-widget_type=\"eael-info-box.default\">\n\t\t\t\t<div class=\"elementor-widget-container\">\n\t\t\t        <div class=\"eael-infobox icon-on-top\">\n\t            <div class=\"infobox-icon\">\n\n                            <img decoding=\"async\" src=\"https:\/\/prev-ext.com\/wp-content\/uploads\/2024\/11\/23.jpg\" alt=\"Punaises de lit - 3\">\n            \n            \n            \n        <\/div>\n            <div class=\"infobox-content\">\n                    <div class=\"infobox-title-section\">\n                <h2 class=\"title\">Inform your landlord if you are a tenant.<\/h2>            <\/div>\n            <div><p>Are you a tenant and suspect bed bugs?<br \/>In this case, immediately inform your landlord. They will contact us quickly to schedule a professional intervention. Act quickly to prevent the spread within the building.<\/p><\/div>        <\/div>\n            <\/div>\n\n\t\t\t\t<\/div>\n\t\t\t\t<\/div>\n\t\t\t\t\t<\/div>\n\t\t<\/div>\n\t\t\t\t<div class=\"elementor-column elementor-col-50 elementor-inner-column elementor-element elementor-element-bdfa460\" data-id=\"bdfa460\" data-element_type=\"column\">\n\t\t\t<div class=\"elementor-widget-wrap elementor-element-populated\">\n\t\t\t\t\t\t<div class=\"elementor-element elementor-element-eaf4fe3 eael-infobox-content-align--left eael-infobox-shape-square eael-infobox-hover-img-shape-square elementor-invisible elementor-widget elementor-widget-eael-info-box\" data-id=\"eaf4fe3\" data-element_type=\"widget\" data-settings=\"{&quot;_animation&quot;:&quot;zoomIn&quot;}\" data-widget_type=\"eael-info-box.default\">\n\t\t\t\t<div class=\"elementor-widget-container\">\n\t\t\t        <div class=\"eael-infobox icon-on-top\">\n\t            <div class=\"infobox-icon\">\n\n                            <img decoding=\"async\" src=\"https:\/\/prev-ext.com\/wp-content\/uploads\/2025\/01\/Image4-3-e1736258779629.jpg\" alt=\"punaises de lit - 4\">\n            \n            \n            \n        <\/div>\n            <div class=\"infobox-content\">\n                    <div class=\"infobox-title-section\">\n                <h2 class=\"title\">Follow our recommendations to maximize the effectiveness of the treatment<\/h2>            <\/div>\n            <div><p>After our visit, we will give you some <strong>specific instructions<\/strong> to prepare the premises. Then, carefully follow our recommendations during and after treatments. This maximizes the success rate. Moreover, teamwork between you and <strong>Extermination Pr\u00e9v-Ext<\/strong> is essential. Finally, together, let's make bed bugs a bad memory.<\/p><\/div>        <\/div>\n            <\/div>\n\n\t\t\t\t<\/div>\n\t\t\t\t<\/div>\n\t\t\t\t\t<\/div>\n\t\t<\/div>\n\t\t\t\t\t<\/div>\n\t\t<\/section>\n\t\t\t\t\t<\/div>\n\t\t<\/div>\n\t\t\t\t\t<\/div>\n\t\t<\/section>\n\t\t\t\t<section class=\"elementor-section elementor-top-section elementor-element elementor-element-5a3e744 elementor-section-content-bottom elementor-section-boxed elementor-section-height-default elementor-section-height-default\" data-id=\"5a3e744\" data-element_type=\"section\" data-settings=\"{&quot;background_background&quot;:&quot;classic&quot;}\">\n\t\t\t\t\t\t<div class=\"elementor-container elementor-column-gap-no\">\n\t\t\t\t\t<div class=\"elementor-column elementor-col-50 elementor-top-column elementor-element elementor-element-56ae2d4 elementor-invisible\" data-id=\"56ae2d4\" data-element_type=\"column\" data-settings=\"{&quot;animation&quot;:&quot;fadeInLeft&quot;}\">\n\t\t\t<div class=\"elementor-widget-wrap elementor-element-populated\">\n\t\t\t\t\t\t<div class=\"elementor-element elementor-element-285a824 elementor-widget elementor-widget-heading\" data-id=\"285a824\" data-element_type=\"widget\" data-widget_type=\"heading.default\">\n\t\t\t\t<div class=\"elementor-widget-container\">\n\t\t\t<h2 class=\"elementor-heading-title elementor-size-default\">Our treatment with the Aprehend biopesticides <\/h2>\t\t<\/div>\n\t\t\t\t<\/div>\n\t\t\t\t<div class=\"elementor-element elementor-element-bf11898 elementor-widget elementor-widget-text-editor\" data-id=\"bf11898\" data-element_type=\"widget\" data-widget_type=\"text-editor.default\">\n\t\t\t\t<div class=\"elementor-widget-container\">\n\t\t\t\t\t\t\t<p>Aprehend is a revolutionary fungal biopesticide designed for the elimination and prevention of bed bugs. Strategic barriers are applied in the main areas where bed bugs nest after their introduction. When individuals cross the barrier, they pick up Aprehend spores and die from the fungal disease within 3 to 7 days. This prevents bed bugs from infesting the premises, and the barrier continues to provide protection for up to 3 months.<\/p>\t\t\t\t\t\t<\/div>\n\t\t\t\t<\/div>\n\t\t\t\t<div class=\"elementor-element elementor-element-fc9467a elementor-invisible elementor-widget elementor-widget-image\" data-id=\"fc9467a\" data-element_type=\"widget\" data-settings=\"{&quot;_animation&quot;:&quot;fadeInRight&quot;}\" data-widget_type=\"image.default\">\n\t\t\t\t<div class=\"elementor-widget-container\">\n\t\t\t\t\t\t\t\t\t\t\t\t\t<img fetchpriority=\"high\" decoding=\"async\" width=\"474\" height=\"265\" src=\"https:\/\/prev-ext.com\/wp-content\/uploads\/2024\/12\/Image12.jpg\" class=\"attachment-full size-full wp-image-685\" alt=\"\" srcset=\"https:\/\/prev-ext.com\/wp-content\/uploads\/2024\/12\/Image12.jpg 474w, https:\/\/prev-ext.com\/wp-content\/uploads\/2024\/12\/Image12-300x168.jpg 300w\" sizes=\"(max-width: 474px) 100vw, 474px\" \/>\t\t\t\t\t\t\t\t\t\t\t\t\t<\/div>\n\t\t\t\t<\/div>\n\t\t\t\t<div class=\"elementor-element elementor-element-58d6e59 elementor-widget elementor-widget-button\" data-id=\"58d6e59\" data-element_type=\"widget\" data-widget_type=\"button.default\">\n\t\t\t\t<div class=\"elementor-widget-container\">\n\t\t\t\t\t\t\t<div class=\"elementor-button-wrapper\">\n\t\t\t\t\t<a class=\"elementor-button elementor-button-link elementor-size-sm\" href=\"https:\/\/www.aprehend.com\/\">\n\t\t\t\t\t\t<span class=\"elementor-button-content-wrapper\">\n\t\t\t\t\t\t\t\t\t<span class=\"elementor-button-text\">View Aprehend<\/span>\n\t\t\t\t\t<\/span>\n\t\t\t\t\t<\/a>\n\t\t\t\t<\/div>\n\t\t\t\t\t\t<\/div>\n\t\t\t\t<\/div>\n\t\t\t\t\t<\/div>\n\t\t<\/div>\n\t\t\t\t<div class=\"elementor-column elementor-col-50 elementor-top-column elementor-element elementor-element-752bc52\" data-id=\"752bc52\" data-element_type=\"column\">\n\t\t\t<div class=\"elementor-widget-wrap elementor-element-populated\">\n\t\t\t\t\t\t<div class=\"elementor-element elementor-element-c6fbb7a elementor-invisible elementor-widget elementor-widget-image\" data-id=\"c6fbb7a\" data-element_type=\"widget\" data-settings=\"{&quot;_animation&quot;:&quot;fadeInRight&quot;}\" data-widget_type=\"image.default\">\n\t\t\t\t<div class=\"elementor-widget-container\">\n\t\t\t\t\t\t\t\t\t\t\t\t\t<img decoding=\"async\" width=\"920\" height=\"613\" src=\"https:\/\/prev-ext.com\/wp-content\/uploads\/2024\/12\/Image13.jpg\" class=\"attachment-full size-full wp-image-692\" alt=\"D\u00e9tection canine\" srcset=\"https:\/\/prev-ext.com\/wp-content\/uploads\/2024\/12\/Image13.jpg 920w, https:\/\/prev-ext.com\/wp-content\/uploads\/2024\/12\/Image13-300x200.jpg 300w, https:\/\/prev-ext.com\/wp-content\/uploads\/2024\/12\/Image13-768x512.jpg 768w\" sizes=\"(max-width: 920px) 100vw, 920px\" \/>\t\t\t\t\t\t\t\t\t\t\t\t\t<\/div>\n\t\t\t\t<\/div>\n\t\t\t\t<div class=\"elementor-element elementor-element-48281d3 elementor-widget elementor-widget-heading\" data-id=\"48281d3\" data-element_type=\"widget\" data-widget_type=\"heading.default\">\n\t\t\t\t<div class=\"elementor-widget-container\">\n\t\t\t<h2 class=\"elementor-heading-title elementor-size-default\">Canine detection<\/h2>\t\t<\/div>\n\t\t\t\t<\/div>\n\t\t\t\t<div class=\"elementor-element elementor-element-2415b56 elementor-widget elementor-widget-button\" data-id=\"2415b56\" data-element_type=\"widget\" data-widget_type=\"button.default\">\n\t\t\t\t<div class=\"elementor-widget-container\">\n\t\t\t\t\t\t\t<div class=\"elementor-button-wrapper\">\n\t\t\t\t\t<a class=\"elementor-button elementor-button-link elementor-size-sm\" href=\"https:\/\/pk9.org\/\">\n\t\t\t\t\t\t<span class=\"elementor-button-content-wrapper\">\n\t\t\t\t\t\t\t\t\t<span class=\"elementor-button-text\">Know more<\/span>\n\t\t\t\t\t<\/span>\n\t\t\t\t\t<\/a>\n\t\t\t\t<\/div>\n\t\t\t\t\t\t<\/div>\n\t\t\t\t<\/div>\n\t\t\t\t<div class=\"elementor-element elementor-element-3322d28 elementor-widget elementor-widget-text-editor\" data-id=\"3322d28\" data-element_type=\"widget\" data-widget_type=\"text-editor.default\">\n\t\t\t\t<div class=\"elementor-widget-container\">\n\t\t\t\t\t\t\t<p>For several years, this method has demonstrated the usefulness of man's best friend when it comes to accurately detecting the places where bed bugs hide.<\/p><p>For bed bugs, it is even more important to carefully choose your extermination company!<\/p><p>In fact, a large extermination company may have the drawback of having a technician who does a job too quickly and imprecisely, plus they might not even send you the same technician for the follow-up visit.<\/p><p>At Pr\u00e9v-Ext, the work is done with meticulousness and precision to eliminate them once and for all!<\/p>\t\t\t\t\t\t<\/div>\n\t\t\t\t<\/div>\n\t\t\t\t\t<\/div>\n\t\t<\/div>\n\t\t\t\t\t<\/div>\n\t\t<\/section>\n\t\t\t\t<section class=\"elementor-section elementor-top-section elementor-element elementor-element-41e4d14 elementor-section-content-bottom elementor-section-boxed elementor-section-height-default elementor-section-height-default\" data-id=\"41e4d14\" data-element_type=\"section\" data-settings=\"{&quot;background_background&quot;:&quot;classic&quot;}\">\n\t\t\t\t\t\t<div class=\"elementor-container elementor-column-gap-no\">\n\t\t\t\t\t<div class=\"elementor-column elementor-col-100 elementor-top-column elementor-element elementor-element-c86ed25 elementor-invisible\" data-id=\"c86ed25\" data-element_type=\"column\" data-settings=\"{&quot;animation&quot;:&quot;fadeInLeft&quot;}\">\n\t\t\t<div class=\"elementor-widget-wrap elementor-element-populated\">\n\t\t\t\t\t\t<div class=\"elementor-element elementor-element-d7f37ab elementor-widget elementor-widget-heading\" data-id=\"d7f37ab\" data-element_type=\"widget\" data-widget_type=\"heading.default\">\n\t\t\t\t<div class=\"elementor-widget-container\">\n\t\t\t<h2 class=\"elementor-heading-title elementor-size-default\">Contact us<\/h2>\t\t<\/div>\n\t\t\t\t<\/div>\n\t\t\t\t<div class=\"elementor-element elementor-element-e96697e elementor-widget elementor-widget-text-editor\" data-id=\"e96697e\" data-element_type=\"widget\" data-widget_type=\"text-editor.default\">\n\t\t\t\t<div class=\"elementor-widget-container\">\n\t\t\t\t\t\t\t<p>Bed bug treatments, our specialty.\u00a0<\/p>\t\t\t\t\t\t<\/div>\n\t\t\t\t<\/div>\n\t\t\t\t<div class=\"elementor-element elementor-element-b4da651 elementor-align-right elementor-widget elementor-widget-button\" data-id=\"b4da651\" data-element_type=\"widget\" data-widget_type=\"button.default\">\n\t\t\t\t<div class=\"elementor-widget-container\">\n\t\t\t\t\t\t\t<div class=\"elementor-button-wrapper\">\n\t\t\t\t\t<a class=\"elementor-button elementor-button-link elementor-size-sm\" href=\"https:\/\/prev-ext.com\/en\/contact\/\">\n\t\t\t\t\t\t<span class=\"elementor-button-content-wrapper\">\n\t\t\t\t\t\t\t\t\t<span class=\"elementor-button-text\">Get a free estimate<\/span>\n\t\t\t\t\t<\/span>\n\t\t\t\t\t<\/a>\n\t\t\t\t<\/div>\n\t\t\t\t\t\t<\/div>\n\t\t\t\t<\/div>\n\t\t\t\t\t<\/div>\n\t\t<\/div>\n\t\t\t\t\t<\/div>\n\t\t<\/section>\n\t\t\t\t<\/div>","protected":false},"excerpt":{"rendered":"<p>Punaises de lit Agissez rapidement contre les punaises de lit pour \u00e9viter une infestation majeure Lorsque vous d\u00e9couvrez des punaises de lit chez vous, agissez rapidement. En effet, \u00e9liminez-les pour \u00e9viter une infestation majeure. Ces parasites se reproduisent vite et peuvent ainsi envahir votre maison rapidement. Par cons\u00e9quent, plus vous attendez, plus il devient difficile [&hellip;]<\/p>","protected":false},"author":1,"featured_media":0,"parent":0,"menu_order":0,"comment_status":"closed","ping_status":"closed","template":"elementor_header_footer","meta":{"footnotes":""},"class_list":["post-194","page","type-page","status-publish","hentry"],"yoast_head":"<!-- This site is optimized with the Yoast SEO plugin v25.0 - https:\/\/yoast.com\/wordpress\/plugins\/seo\/ -->\n<title>Punaises de lit - Pr\u00e9v-ext<\/title>\n<meta name=\"description\" content=\"\u00c9liminez les punaises de lit avec Extermination Pr\u00e9v-Ext. Interventions rapides et s\u00fbres pour retrouver un sommeil paisible.\" \/>\n<meta name=\"robots\" content=\"index, follow, max-snippet:-1, max-image-preview:large, max-video-preview:-1\" \/>\n<link rel=\"canonical\" href=\"https:\/\/prev-ext.com\/en\/punaises-de-lit\/\" \/>\n<meta property=\"og:locale\" content=\"en_US\" \/>\n<meta property=\"og:type\" content=\"article\" \/>\n<meta property=\"og:title\" content=\"Punaises de lit - Pr\u00e9v-ext\" \/>\n<meta property=\"og:description\" content=\"\u00c9liminez les punaises de lit avec Extermination Pr\u00e9v-Ext. Interventions rapides et s\u00fbres pour retrouver un sommeil paisible.\" \/>\n<meta property=\"og:url\" content=\"https:\/\/prev-ext.com\/en\/punaises-de-lit\/\" \/>\n<meta property=\"og:site_name\" content=\"Pr\u00e9v-ext\" \/>\n<meta property=\"article:modified_time\" content=\"2025-01-16T15:18:38+00:00\" \/>\n<meta property=\"og:image\" content=\"https:\/\/prev-ext.com\/wp-content\/uploads\/2025\/01\/Image2-4.jpg\" \/>\n<meta name=\"twitter:card\" content=\"summary_large_image\" \/>\n<meta name=\"twitter:label1\" content=\"Est. reading time\" \/>\n\t<meta name=\"twitter:data1\" content=\"4 minutes\" \/>\n<script type=\"application\/ld+json\" class=\"yoast-schema-graph\">{\"@context\":\"https:\/\/schema.org\",\"@graph\":[{\"@type\":\"WebPage\",\"@id\":\"https:\/\/prev-ext.com\/punaises-de-lit\/\",\"url\":\"https:\/\/prev-ext.com\/punaises-de-lit\/\",\"name\":\"Punaises de lit - Pr\u00e9v-ext\",\"isPartOf\":{\"@id\":\"https:\/\/prev-ext.com\/#website\"},\"primaryImageOfPage\":{\"@id\":\"https:\/\/prev-ext.com\/punaises-de-lit\/#primaryimage\"},\"image\":{\"@id\":\"https:\/\/prev-ext.com\/punaises-de-lit\/#primaryimage\"},\"thumbnailUrl\":\"https:\/\/prev-ext.com\/wp-content\/uploads\/2025\/01\/Image2-4.jpg\",\"datePublished\":\"2024-11-27T20:57:48+00:00\",\"dateModified\":\"2025-01-16T15:18:38+00:00\",\"description\":\"\u00c9liminez les punaises de lit avec Extermination Pr\u00e9v-Ext. Interventions rapides et s\u00fbres pour retrouver un sommeil paisible.\",\"breadcrumb\":{\"@id\":\"https:\/\/prev-ext.com\/punaises-de-lit\/#breadcrumb\"},\"inLanguage\":\"en-CA\",\"potentialAction\":[{\"@type\":\"ReadAction\",\"target\":[\"https:\/\/prev-ext.com\/punaises-de-lit\/\"]}]},{\"@type\":\"ImageObject\",\"inLanguage\":\"en-CA\",\"@id\":\"https:\/\/prev-ext.com\/punaises-de-lit\/#primaryimage\",\"url\":\"https:\/\/prev-ext.com\/wp-content\/uploads\/2025\/01\/Image2-4.jpg\",\"contentUrl\":\"https:\/\/prev-ext.com\/wp-content\/uploads\/2025\/01\/Image2-4.jpg\"},{\"@type\":\"BreadcrumbList\",\"@id\":\"https:\/\/prev-ext.com\/punaises-de-lit\/#breadcrumb\",\"itemListElement\":[{\"@type\":\"ListItem\",\"position\":1,\"name\":\"Home\",\"item\":\"https:\/\/prev-ext.com\/\"},{\"@type\":\"ListItem\",\"position\":2,\"name\":\"Punaises de lit\"}]},{\"@type\":\"WebSite\",\"@id\":\"https:\/\/prev-ext.com\/#website\",\"url\":\"https:\/\/prev-ext.com\/\",\"name\":\"Pr\u00e9v-ext\",\"description\":\"Extermination\",\"publisher\":{\"@id\":\"https:\/\/prev-ext.com\/#organization\"},\"potentialAction\":[{\"@type\":\"SearchAction\",\"target\":{\"@type\":\"EntryPoint\",\"urlTemplate\":\"https:\/\/prev-ext.com\/?s={search_term_string}\"},\"query-input\":{\"@type\":\"PropertyValueSpecification\",\"valueRequired\":true,\"valueName\":\"search_term_string\"}}],\"inLanguage\":\"en-CA\"},{\"@type\":\"Organization\",\"@id\":\"https:\/\/prev-ext.com\/#organization\",\"name\":\"Pr\u00e9v-ext\",\"url\":\"https:\/\/prev-ext.com\/\",\"logo\":{\"@type\":\"ImageObject\",\"inLanguage\":\"en-CA\",\"@id\":\"https:\/\/prev-ext.com\/#\/schema\/logo\/image\/\",\"url\":\"https:\/\/prev-ext.com\/wp-content\/uploads\/2024\/11\/logo.png\",\"contentUrl\":\"https:\/\/prev-ext.com\/wp-content\/uploads\/2024\/11\/logo.png\",\"width\":460,\"height\":184,\"caption\":\"Pr\u00e9v-ext\"},\"image\":{\"@id\":\"https:\/\/prev-ext.com\/#\/schema\/logo\/image\/\"}}]}<\/script>\n<!-- \/ Yoast SEO plugin. -->","yoast_head_json":{"title":"Punaises de lit - Pr\u00e9v-ext","description":"\u00c9liminez les punaises de lit avec Extermination Pr\u00e9v-Ext. Interventions rapides et s\u00fbres pour retrouver un sommeil paisible.","robots":{"index":"index","follow":"follow","max-snippet":"max-snippet:-1","max-image-preview":"max-image-preview:large","max-video-preview":"max-video-preview:-1"},"canonical":"https:\/\/prev-ext.com\/en\/punaises-de-lit\/","og_locale":"en_US","og_type":"article","og_title":"Punaises de lit - Pr\u00e9v-ext","og_description":"\u00c9liminez les punaises de lit avec Extermination Pr\u00e9v-Ext. Interventions rapides et s\u00fbres pour retrouver un sommeil paisible.","og_url":"https:\/\/prev-ext.com\/en\/punaises-de-lit\/","og_site_name":"Pr\u00e9v-ext","article_modified_time":"2025-01-16T15:18:38+00:00","og_image":[{"url":"https:\/\/prev-ext.com\/wp-content\/uploads\/2025\/01\/Image2-4.jpg","type":"","width":"","height":""}],"twitter_card":"summary_large_image","twitter_misc":{"Est. reading time":"4 minutes"},"schema":{"@context":"https:\/\/schema.org","@graph":[{"@type":"WebPage","@id":"https:\/\/prev-ext.com\/punaises-de-lit\/","url":"https:\/\/prev-ext.com\/punaises-de-lit\/","name":"Punaises de lit - Pr\u00e9v-ext","isPartOf":{"@id":"https:\/\/prev-ext.com\/#website"},"primaryImageOfPage":{"@id":"https:\/\/prev-ext.com\/punaises-de-lit\/#primaryimage"},"image":{"@id":"https:\/\/prev-ext.com\/punaises-de-lit\/#primaryimage"},"thumbnailUrl":"https:\/\/prev-ext.com\/wp-content\/uploads\/2025\/01\/Image2-4.jpg","datePublished":"2024-11-27T20:57:48+00:00","dateModified":"2025-01-16T15:18:38+00:00","description":"\u00c9liminez les punaises de lit avec Extermination Pr\u00e9v-Ext. Interventions rapides et s\u00fbres pour retrouver un sommeil paisible.","breadcrumb":{"@id":"https:\/\/prev-ext.com\/punaises-de-lit\/#breadcrumb"},"inLanguage":"en-CA","potentialAction":[{"@type":"ReadAction","target":["https:\/\/prev-ext.com\/punaises-de-lit\/"]}]},{"@type":"ImageObject","inLanguage":"en-CA","@id":"https:\/\/prev-ext.com\/punaises-de-lit\/#primaryimage","url":"https:\/\/prev-ext.com\/wp-content\/uploads\/2025\/01\/Image2-4.jpg","contentUrl":"https:\/\/prev-ext.com\/wp-content\/uploads\/2025\/01\/Image2-4.jpg"},{"@type":"BreadcrumbList","@id":"https:\/\/prev-ext.com\/punaises-de-lit\/#breadcrumb","itemListElement":[{"@type":"ListItem","position":1,"name":"Home","item":"https:\/\/prev-ext.com\/"},{"@type":"ListItem","position":2,"name":"Punaises de lit"}]},{"@type":"WebSite","@id":"https:\/\/prev-ext.com\/#website","url":"https:\/\/prev-ext.com\/","name":"Pr\u00e9v-ext","description":"Extermination","publisher":{"@id":"https:\/\/prev-ext.com\/#organization"},"potentialAction":[{"@type":"SearchAction","target":{"@type":"EntryPoint","urlTemplate":"https:\/\/prev-ext.com\/?s={search_term_string}"},"query-input":{"@type":"PropertyValueSpecification","valueRequired":true,"valueName":"search_term_string"}}],"inLanguage":"en-CA"},{"@type":"Organization","@id":"https:\/\/prev-ext.com\/#organization","name":"Pr\u00e9v-ext","url":"https:\/\/prev-ext.com\/","logo":{"@type":"ImageObject","inLanguage":"en-CA","@id":"https:\/\/prev-ext.com\/#\/schema\/logo\/image\/","url":"https:\/\/prev-ext.com\/wp-content\/uploads\/2024\/11\/logo.png","contentUrl":"https:\/\/prev-ext.com\/wp-content\/uploads\/2024\/11\/logo.png","width":460,"height":184,"caption":"Pr\u00e9v-ext"},"image":{"@id":"https:\/\/prev-ext.com\/#\/schema\/logo\/image\/"}}]}},"_links":{"self":[{"href":"https:\/\/prev-ext.com\/en\/wp-json\/wp\/v2\/pages\/194","targetHints":{"allow":["GET"]}}],"collection":[{"href":"https:\/\/prev-ext.com\/en\/wp-json\/wp\/v2\/pages"}],"about":[{"href":"https:\/\/prev-ext.com\/en\/wp-json\/wp\/v2\/types\/page"}],"author":[{"embeddable":true,"href":"https:\/\/prev-ext.com\/en\/wp-json\/wp\/v2\/users\/1"}],"replies":[{"embeddable":true,"href":"https:\/\/prev-ext.com\/en\/wp-json\/wp\/v2\/comments?post=194"}],"version-history":[{"count":104,"href":"https:\/\/prev-ext.com\/en\/wp-json\/wp\/v2\/pages\/194\/revisions"}],"predecessor-version":[{"id":1292,"href":"https:\/\/prev-ext.com\/en\/wp-json\/wp\/v2\/pages\/194\/revisions\/1292"}],"wp:attachment":[{"href":"https:\/\/prev-ext.com\/en\/wp-json\/wp\/v2\/media?parent=194"}],"curies":[{"name":"wp","href":"https:\/\/api.w.org\/{rel}","templated":true}]}}