{"id":192,"date":"2024-11-27T20:57:48","date_gmt":"2024-11-27T20:57:48","guid":{"rendered":"https:\/\/prev-ext.com\/?page_id=192"},"modified":"2025-01-16T15:17:10","modified_gmt":"2025-01-16T15:17:10","slug":"rats","status":"publish","type":"page","link":"https:\/\/prev-ext.com\/en\/rats\/","title":{"rendered":"Rats"},"content":{"rendered":"<div data-elementor-type=\"wp-page\" data-elementor-id=\"192\" class=\"elementor elementor-192\" data-elementor-post-type=\"page\">\n\t\t\t\t\t\t<section class=\"elementor-section elementor-top-section elementor-element elementor-element-97c429e elementor-section-boxed elementor-section-height-default elementor-section-height-default\" data-id=\"97c429e\" data-element_type=\"section\" data-settings=\"{&quot;background_background&quot;:&quot;classic&quot;}\">\n\t\t\t\t\t\t<div class=\"elementor-container elementor-column-gap-no\">\n\t\t\t\t\t<div class=\"elementor-column elementor-col-100 elementor-top-column elementor-element elementor-element-59dbbaa\" data-id=\"59dbbaa\" data-element_type=\"column\">\n\t\t\t<div class=\"elementor-widget-wrap elementor-element-populated\">\n\t\t\t\t\t\t<div class=\"elementor-element elementor-element-a6dd2ed elementor-widget elementor-widget-heading\" data-id=\"a6dd2ed\" data-element_type=\"widget\" data-widget_type=\"heading.default\">\n\t\t\t\t<div class=\"elementor-widget-container\">\n\t\t\t<h1 class=\"elementor-heading-title elementor-size-default\">Rats<\/h1>\t\t<\/div>\n\t\t\t\t<\/div>\n\t\t\t\t\t<\/div>\n\t\t<\/div>\n\t\t\t\t\t<\/div>\n\t\t<\/section>\n\t\t\t\t<section class=\"elementor-section elementor-top-section elementor-element elementor-element-af06ddc elementor-section-boxed elementor-section-height-default elementor-section-height-default\" data-id=\"af06ddc\" data-element_type=\"section\">\n\t\t\t\t\t\t<div class=\"elementor-container elementor-column-gap-no\">\n\t\t\t\t\t<div class=\"elementor-column elementor-col-100 elementor-top-column elementor-element elementor-element-0fefbbb\" data-id=\"0fefbbb\" data-element_type=\"column\">\n\t\t\t<div class=\"elementor-widget-wrap elementor-element-populated\">\n\t\t\t\t\t\t<section class=\"elementor-section elementor-inner-section elementor-element elementor-element-70fec9a elementor-section-boxed elementor-section-height-default elementor-section-height-default\" data-id=\"70fec9a\" data-element_type=\"section\">\n\t\t\t\t\t\t<div class=\"elementor-container elementor-column-gap-no\">\n\t\t\t\t\t<div class=\"elementor-column elementor-col-33 elementor-inner-column elementor-element elementor-element-5a03004\" data-id=\"5a03004\" data-element_type=\"column\">\n\t\t\t<div class=\"elementor-widget-wrap elementor-element-populated\">\n\t\t\t\t\t\t<div class=\"elementor-element elementor-element-11a82e7 eael-infobox-content-align--left eael-infobox-shape-square eael-infobox-hover-img-shape-square elementor-invisible elementor-widget elementor-widget-eael-info-box\" data-id=\"11a82e7\" data-element_type=\"widget\" data-settings=\"{&quot;_animation&quot;:&quot;fadeInLeft&quot;}\" data-widget_type=\"eael-info-box.default\">\n\t\t\t\t<div class=\"elementor-widget-container\">\n\t\t\t        <div class=\"eael-infobox icon-on-top\">\n\t            <div class=\"infobox-icon\">\n\n                            <img decoding=\"async\" src=\"https:\/\/prev-ext.com\/wp-content\/uploads\/2024\/11\/norwayrat-001-reverse.jpg\" alt=\"\">\n            \n            \n            \n        <\/div>\n            <div class=\"infobox-content\">\n                    <div class=\"infobox-title-section\">\n                <h2 class=\"title\">Rats: unwanted but discreet neighbors<\/h2>            <\/div>\n            <div><p>Although rats are prevalent in sewers, they generally cause us little trouble. We know they live beneath the streets of our cities, and they are better off staying there. However, when these rodents leave their natural habitat, they can become a threat to our homes and our health.<\/p><\/div>        <\/div>\n            <\/div>\n\n\t\t\t\t<\/div>\n\t\t\t\t<\/div>\n\t\t\t\t\t<\/div>\n\t\t<\/div>\n\t\t\t\t<div class=\"elementor-column elementor-col-33 elementor-inner-column elementor-element elementor-element-6ce0ca4\" data-id=\"6ce0ca4\" data-element_type=\"column\">\n\t\t\t<div class=\"elementor-widget-wrap elementor-element-populated\">\n\t\t\t\t\t\t<div class=\"elementor-element elementor-element-dcab514 eael-infobox-content-align--left eael-infobox-shape-square eael-infobox-hover-img-shape-square elementor-invisible elementor-widget elementor-widget-eael-info-box\" data-id=\"dcab514\" data-element_type=\"widget\" data-settings=\"{&quot;_animation&quot;:&quot;zoomIn&quot;}\" data-widget_type=\"eael-info-box.default\">\n\t\t\t\t<div class=\"elementor-widget-container\">\n\t\t\t        <div class=\"eael-infobox icon-on-top\">\n\t            <div class=\"infobox-icon\">\n\n                            <img decoding=\"async\" src=\"https:\/\/prev-ext.com\/wp-content\/uploads\/2024\/11\/5.jpg\" alt=\"\">\n            \n            \n            \n        <\/div>\n            <div class=\"infobox-content\">\n                    <div class=\"infobox-title-section\">\n                <h2 class=\"title\">The Norway rat: the most common species in Montreal<\/h2>            <\/div>\n            <div><p>The Norway rat is the most prevalent species in the greater Montreal area. Often brownish in color, these rats are larger than mice and can weigh up to 0.5 kg (1 lb). Their impressive size and adaptability make them formidable pests in urban environments.<\/p><\/div>        <\/div>\n            <\/div>\n\n\t\t\t\t<\/div>\n\t\t\t\t<\/div>\n\t\t\t\t\t<\/div>\n\t\t<\/div>\n\t\t\t\t<div class=\"elementor-column elementor-col-33 elementor-inner-column elementor-element elementor-element-eb6f24b\" data-id=\"eb6f24b\" data-element_type=\"column\">\n\t\t\t<div class=\"elementor-widget-wrap elementor-element-populated\">\n\t\t\t\t\t\t<div class=\"elementor-element elementor-element-f0ef2d8 eael-infobox-content-align--left eael-infobox-shape-square eael-infobox-hover-img-shape-square elementor-invisible elementor-widget elementor-widget-eael-info-box\" data-id=\"f0ef2d8\" data-element_type=\"widget\" data-settings=\"{&quot;_animation&quot;:&quot;fadeInRight&quot;}\" data-widget_type=\"eael-info-box.default\">\n\t\t\t\t<div class=\"elementor-widget-container\">\n\t\t\t        <div class=\"eael-infobox icon-on-top\">\n\t            <div class=\"infobox-icon\">\n\n                            <img decoding=\"async\" src=\"https:\/\/prev-ext.com\/wp-content\/uploads\/2025\/01\/Image3.jpg\" alt=\"\">\n            \n            \n            \n        <\/div>\n            <div class=\"infobox-content\">\n                    <div class=\"infobox-title-section\">\n                <h2 class=\"title\">How do rats infiltrate our buildings?<\/h2>            <\/div>\n            <div><p>How do these rodents manage to infiltrate our homes? Most of the time, they succeed in entering through damaged or broken plumbing conduits. These openings provide them easy access to the inside of buildings, where they find food and shelter to reproduce.<\/p><\/div>        <\/div>\n            <\/div>\n\n\t\t\t\t<\/div>\n\t\t\t\t<\/div>\n\t\t\t\t\t<\/div>\n\t\t<\/div>\n\t\t\t\t\t<\/div>\n\t\t<\/section>\n\t\t\t\t<section class=\"elementor-section elementor-inner-section elementor-element elementor-element-20d9747 elementor-section-boxed elementor-section-height-default elementor-section-height-default\" data-id=\"20d9747\" data-element_type=\"section\">\n\t\t\t\t\t\t<div class=\"elementor-container elementor-column-gap-no\">\n\t\t\t\t\t<div class=\"elementor-column elementor-col-33 elementor-inner-column elementor-element elementor-element-9331d68\" data-id=\"9331d68\" data-element_type=\"column\">\n\t\t\t<div class=\"elementor-widget-wrap elementor-element-populated\">\n\t\t\t\t\t\t<div class=\"elementor-element elementor-element-a5bf9e2 eael-infobox-content-align--left eael-infobox-shape-square eael-infobox-hover-img-shape-square elementor-invisible elementor-widget elementor-widget-eael-info-box\" data-id=\"a5bf9e2\" data-element_type=\"widget\" data-settings=\"{&quot;_animation&quot;:&quot;fadeInLeft&quot;}\" data-widget_type=\"eael-info-box.default\">\n\t\t\t\t<div class=\"elementor-widget-container\">\n\t\t\t        <div class=\"eael-infobox icon-on-top\">\n\t            <div class=\"infobox-icon\">\n\n                            <img decoding=\"async\" src=\"https:\/\/prev-ext.com\/wp-content\/uploads\/2024\/11\/32.jpg\" alt=\"\">\n            \n            \n            \n        <\/div>\n            <div class=\"infobox-content\">\n                    <div class=\"infobox-title-section\">\n                <h2 class=\"title\">Tell-tale signs of a rat infestation<\/h2>            <\/div>\n            <div><p>Several clues can reveal the presence of rats in your home. At night, you may hear noises in the walls resembling scurrying or scratching. You may also find gnawed or chewed objects, such as damaged food packaging. The presence of cylindrical droppings, much larger than those of mice (which resemble grains of rice), also confirms an infestation.<\/p><\/div>        <\/div>\n            <\/div>\n\n\t\t\t\t<\/div>\n\t\t\t\t<\/div>\n\t\t\t\t\t<\/div>\n\t\t<\/div>\n\t\t\t\t<div class=\"elementor-column elementor-col-33 elementor-inner-column elementor-element elementor-element-9a64935\" data-id=\"9a64935\" data-element_type=\"column\">\n\t\t\t<div class=\"elementor-widget-wrap elementor-element-populated\">\n\t\t\t\t\t\t<div class=\"elementor-element elementor-element-50dd8ad eael-infobox-content-align--left eael-infobox-shape-square eael-infobox-hover-img-shape-square elementor-invisible elementor-widget elementor-widget-eael-info-box\" data-id=\"50dd8ad\" data-element_type=\"widget\" data-settings=\"{&quot;_animation&quot;:&quot;zoomIn&quot;}\" data-widget_type=\"eael-info-box.default\">\n\t\t\t\t<div class=\"elementor-widget-container\">\n\t\t\t        <div class=\"eael-infobox icon-on-top\">\n\t            <div class=\"infobox-icon\">\n\n                            <img decoding=\"async\" src=\"https:\/\/prev-ext.com\/wp-content\/uploads\/2024\/11\/13.jpg\" alt=\"\">\n            \n            \n            \n        <\/div>\n            <div class=\"infobox-content\">\n                    <div class=\"infobox-title-section\">\n                <h2 class=\"title\">The dangers of rats and the importance of quick action<\/h2>            <\/div>\n            <div><p>Rats reproduce quickly and are often carriers of diseases, posing a serious risk to your health and that of your loved ones. They can contaminate food, spread bacteria, and damage your home's structures by gnawing on wood and electrical cables. It is therefore crucial to act without hesitation at the first signs of an infestation to prevent the situation from worsening.<\/p><\/div>        <\/div>\n            <\/div>\n\n\t\t\t\t<\/div>\n\t\t\t\t<\/div>\n\t\t\t\t\t<\/div>\n\t\t<\/div>\n\t\t\t\t<div class=\"elementor-column elementor-col-33 elementor-inner-column elementor-element elementor-element-946da6b\" data-id=\"946da6b\" data-element_type=\"column\">\n\t\t\t<div class=\"elementor-widget-wrap elementor-element-populated\">\n\t\t\t\t\t\t<div class=\"elementor-element elementor-element-7a75ff7 eael-infobox-content-align--left eael-infobox-shape-square eael-infobox-hover-img-shape-square elementor-invisible elementor-widget elementor-widget-eael-info-box\" data-id=\"7a75ff7\" data-element_type=\"widget\" data-settings=\"{&quot;_animation&quot;:&quot;fadeInRight&quot;}\" data-widget_type=\"eael-info-box.default\">\n\t\t\t\t<div class=\"elementor-widget-container\">\n\t\t\t        <div class=\"eael-infobox icon-on-top\">\n\t            <div class=\"infobox-icon\">\n\n                            <img decoding=\"async\" src=\"https:\/\/prev-ext.com\/wp-content\/uploads\/2025\/01\/Image4.jpg\" alt=\"\">\n            \n            \n            \n        <\/div>\n            <div class=\"infobox-content\">\n                    <div class=\"infobox-title-section\">\n                <h2 class=\"title\">Extermination Pr\u00e9v-Ext: Your Solution for Effective Rat Control<\/h2>            <\/div>\n            <div><p>At\u00a0<strong>Extermination Pr\u00e9v-Ext<\/strong>, we handle rat control professionally and safely. Additionally, we have plumbing specialists to conduct the necessary tests and identify the source of your problem, if needed.\u00a0<strong><a href=\"https:\/\/prev-ext.com\/en\/contact\/\">Call us<\/a> without hesitation for a free estimate<\/strong>. Our experienced team is ready to help you restore a healthy and peaceful environment.<\/p><\/div>        <\/div>\n            <\/div>\n\n\t\t\t\t<\/div>\n\t\t\t\t<\/div>\n\t\t\t\t\t<\/div>\n\t\t<\/div>\n\t\t\t\t\t<\/div>\n\t\t<\/section>\n\t\t\t\t\t<\/div>\n\t\t<\/div>\n\t\t\t\t\t<\/div>\n\t\t<\/section>\n\t\t\t\t<section class=\"elementor-section elementor-top-section elementor-element elementor-element-5a3e744 elementor-section-content-bottom elementor-section-boxed elementor-section-height-default elementor-section-height-default\" data-id=\"5a3e744\" data-element_type=\"section\" data-settings=\"{&quot;background_background&quot;:&quot;classic&quot;}\">\n\t\t\t\t\t\t<div class=\"elementor-container elementor-column-gap-no\">\n\t\t\t\t\t<div class=\"elementor-column elementor-col-50 elementor-top-column elementor-element elementor-element-56ae2d4 elementor-invisible\" data-id=\"56ae2d4\" data-element_type=\"column\" data-settings=\"{&quot;animation&quot;:&quot;fadeInLeft&quot;}\">\n\t\t\t<div class=\"elementor-widget-wrap elementor-element-populated\">\n\t\t\t\t\t\t<div class=\"elementor-element elementor-element-285a824 elementor-widget elementor-widget-heading\" data-id=\"285a824\" data-element_type=\"widget\" data-widget_type=\"heading.default\">\n\t\t\t\t<div class=\"elementor-widget-container\">\n\t\t\t<h2 class=\"elementor-heading-title elementor-size-default\">Call us without hesitation for a free estimate<\/h2>\t\t<\/div>\n\t\t\t\t<\/div>\n\t\t\t\t<div class=\"elementor-element elementor-element-bf11898 elementor-widget elementor-widget-text-editor\" data-id=\"bf11898\" data-element_type=\"widget\" data-widget_type=\"text-editor.default\">\n\t\t\t\t<div class=\"elementor-widget-container\">\n\t\t\t\t\t\t\tOur experienced team is ready to help you restore <br> a healthy and peaceful environment.\t\t\t\t\t\t<\/div>\n\t\t\t\t<\/div>\n\t\t\t\t<div class=\"elementor-element elementor-element-58d6e59 elementor-widget elementor-widget-button\" data-id=\"58d6e59\" data-element_type=\"widget\" data-widget_type=\"button.default\">\n\t\t\t\t<div class=\"elementor-widget-container\">\n\t\t\t\t\t\t\t<div class=\"elementor-button-wrapper\">\n\t\t\t\t\t<a class=\"elementor-button elementor-button-link elementor-size-sm\" href=\"#\">\n\t\t\t\t\t\t<span class=\"elementor-button-content-wrapper\">\n\t\t\t\t\t\t\t\t\t<span class=\"elementor-button-text\">Contact us<\/span>\n\t\t\t\t\t<\/span>\n\t\t\t\t\t<\/a>\n\t\t\t\t<\/div>\n\t\t\t\t\t\t<\/div>\n\t\t\t\t<\/div>\n\t\t\t\t\t<\/div>\n\t\t<\/div>\n\t\t\t\t<div class=\"elementor-column elementor-col-50 elementor-top-column elementor-element elementor-element-752bc52\" data-id=\"752bc52\" data-element_type=\"column\">\n\t\t\t<div class=\"elementor-widget-wrap\">\n\t\t\t\t\t\t\t<\/div>\n\t\t<\/div>\n\t\t\t\t\t<\/div>\n\t\t<\/section>\n\t\t\t\t<\/div>","protected":false},"excerpt":{"rendered":"<p>Rats Les rats : des voisins ind\u00e9sirables mais discrets Bien que les rats soient bien pr\u00e9sents dans les \u00e9gouts, ils nous importunent g\u00e9n\u00e9ralement peu. Nous savons qu\u2019ils vivent sous les rues de nos villes, et ils sont bien mieux d\u2019y rester. Cependant, lorsque ces rongeurs sortent de leur habitat naturel, ils peuvent devenir une menace [&hellip;]<\/p>","protected":false},"author":1,"featured_media":0,"parent":0,"menu_order":0,"comment_status":"closed","ping_status":"closed","template":"elementor_header_footer","meta":{"footnotes":""},"class_list":["post-192","page","type-page","status-publish","hentry"],"yoast_head":"<!-- This site is optimized with the Yoast SEO plugin v25.0 - https:\/\/yoast.com\/wordpress\/plugins\/seo\/ -->\n<title>Rats - Pr\u00e9v-ext<\/title>\n<meta name=\"description\" content=\"Extermination Pr\u00e9v-Ext lutte contre les rats de mani\u00e8re professionnelle. Prot\u00e9gez votre domicile avec nos solutions rapides et fiables.\" \/>\n<meta name=\"robots\" content=\"index, follow, max-snippet:-1, max-image-preview:large, max-video-preview:-1\" \/>\n<link rel=\"canonical\" href=\"https:\/\/prev-ext.com\/en\/rats\/\" \/>\n<meta property=\"og:locale\" content=\"en_US\" \/>\n<meta property=\"og:type\" content=\"article\" \/>\n<meta property=\"og:title\" content=\"Rats - Pr\u00e9v-ext\" \/>\n<meta property=\"og:description\" content=\"Extermination Pr\u00e9v-Ext lutte contre les rats de mani\u00e8re professionnelle. Prot\u00e9gez votre domicile avec nos solutions rapides et fiables.\" \/>\n<meta property=\"og:url\" content=\"https:\/\/prev-ext.com\/en\/rats\/\" \/>\n<meta property=\"og:site_name\" content=\"Pr\u00e9v-ext\" \/>\n<meta property=\"article:modified_time\" content=\"2025-01-16T15:17:10+00:00\" \/>\n<meta property=\"og:image\" content=\"https:\/\/prev-ext.com\/wp-content\/uploads\/2024\/11\/norwayrat-001-reverse.jpg\" \/>\n<meta name=\"twitter:card\" content=\"summary_large_image\" \/>\n<meta name=\"twitter:label1\" content=\"Est. reading time\" \/>\n\t<meta name=\"twitter:data1\" content=\"4 minutes\" \/>\n<script type=\"application\/ld+json\" class=\"yoast-schema-graph\">{\"@context\":\"https:\/\/schema.org\",\"@graph\":[{\"@type\":\"WebPage\",\"@id\":\"https:\/\/prev-ext.com\/rats\/\",\"url\":\"https:\/\/prev-ext.com\/rats\/\",\"name\":\"Rats - Pr\u00e9v-ext\",\"isPartOf\":{\"@id\":\"https:\/\/prev-ext.com\/#website\"},\"primaryImageOfPage\":{\"@id\":\"https:\/\/prev-ext.com\/rats\/#primaryimage\"},\"image\":{\"@id\":\"https:\/\/prev-ext.com\/rats\/#primaryimage\"},\"thumbnailUrl\":\"https:\/\/prev-ext.com\/wp-content\/uploads\/2024\/11\/norwayrat-001-reverse.jpg\",\"datePublished\":\"2024-11-27T20:57:48+00:00\",\"dateModified\":\"2025-01-16T15:17:10+00:00\",\"description\":\"Extermination Pr\u00e9v-Ext lutte contre les rats de mani\u00e8re professionnelle. Prot\u00e9gez votre domicile avec nos solutions rapides et fiables.\",\"breadcrumb\":{\"@id\":\"https:\/\/prev-ext.com\/rats\/#breadcrumb\"},\"inLanguage\":\"en-CA\",\"potentialAction\":[{\"@type\":\"ReadAction\",\"target\":[\"https:\/\/prev-ext.com\/rats\/\"]}]},{\"@type\":\"ImageObject\",\"inLanguage\":\"en-CA\",\"@id\":\"https:\/\/prev-ext.com\/rats\/#primaryimage\",\"url\":\"https:\/\/prev-ext.com\/wp-content\/uploads\/2024\/11\/norwayrat-001-reverse.jpg\",\"contentUrl\":\"https:\/\/prev-ext.com\/wp-content\/uploads\/2024\/11\/norwayrat-001-reverse.jpg\"},{\"@type\":\"BreadcrumbList\",\"@id\":\"https:\/\/prev-ext.com\/rats\/#breadcrumb\",\"itemListElement\":[{\"@type\":\"ListItem\",\"position\":1,\"name\":\"Home\",\"item\":\"https:\/\/prev-ext.com\/\"},{\"@type\":\"ListItem\",\"position\":2,\"name\":\"Rats\"}]},{\"@type\":\"WebSite\",\"@id\":\"https:\/\/prev-ext.com\/#website\",\"url\":\"https:\/\/prev-ext.com\/\",\"name\":\"Pr\u00e9v-ext\",\"description\":\"Extermination\",\"publisher\":{\"@id\":\"https:\/\/prev-ext.com\/#organization\"},\"potentialAction\":[{\"@type\":\"SearchAction\",\"target\":{\"@type\":\"EntryPoint\",\"urlTemplate\":\"https:\/\/prev-ext.com\/?s={search_term_string}\"},\"query-input\":{\"@type\":\"PropertyValueSpecification\",\"valueRequired\":true,\"valueName\":\"search_term_string\"}}],\"inLanguage\":\"en-CA\"},{\"@type\":\"Organization\",\"@id\":\"https:\/\/prev-ext.com\/#organization\",\"name\":\"Pr\u00e9v-ext\",\"url\":\"https:\/\/prev-ext.com\/\",\"logo\":{\"@type\":\"ImageObject\",\"inLanguage\":\"en-CA\",\"@id\":\"https:\/\/prev-ext.com\/#\/schema\/logo\/image\/\",\"url\":\"https:\/\/prev-ext.com\/wp-content\/uploads\/2024\/11\/logo.png\",\"contentUrl\":\"https:\/\/prev-ext.com\/wp-content\/uploads\/2024\/11\/logo.png\",\"width\":460,\"height\":184,\"caption\":\"Pr\u00e9v-ext\"},\"image\":{\"@id\":\"https:\/\/prev-ext.com\/#\/schema\/logo\/image\/\"}}]}<\/script>\n<!-- \/ Yoast SEO plugin. -->","yoast_head_json":{"title":"Rats - Pr\u00e9v-ext","description":"Extermination Pr\u00e9v-Ext lutte contre les rats de mani\u00e8re professionnelle. Prot\u00e9gez votre domicile avec nos solutions rapides et fiables.","robots":{"index":"index","follow":"follow","max-snippet":"max-snippet:-1","max-image-preview":"max-image-preview:large","max-video-preview":"max-video-preview:-1"},"canonical":"https:\/\/prev-ext.com\/en\/rats\/","og_locale":"en_US","og_type":"article","og_title":"Rats - Pr\u00e9v-ext","og_description":"Extermination Pr\u00e9v-Ext lutte contre les rats de mani\u00e8re professionnelle. Prot\u00e9gez votre domicile avec nos solutions rapides et fiables.","og_url":"https:\/\/prev-ext.com\/en\/rats\/","og_site_name":"Pr\u00e9v-ext","article_modified_time":"2025-01-16T15:17:10+00:00","og_image":[{"url":"https:\/\/prev-ext.com\/wp-content\/uploads\/2024\/11\/norwayrat-001-reverse.jpg","type":"","width":"","height":""}],"twitter_card":"summary_large_image","twitter_misc":{"Est. reading time":"4 minutes"},"schema":{"@context":"https:\/\/schema.org","@graph":[{"@type":"WebPage","@id":"https:\/\/prev-ext.com\/rats\/","url":"https:\/\/prev-ext.com\/rats\/","name":"Rats - Pr\u00e9v-ext","isPartOf":{"@id":"https:\/\/prev-ext.com\/#website"},"primaryImageOfPage":{"@id":"https:\/\/prev-ext.com\/rats\/#primaryimage"},"image":{"@id":"https:\/\/prev-ext.com\/rats\/#primaryimage"},"thumbnailUrl":"https:\/\/prev-ext.com\/wp-content\/uploads\/2024\/11\/norwayrat-001-reverse.jpg","datePublished":"2024-11-27T20:57:48+00:00","dateModified":"2025-01-16T15:17:10+00:00","description":"Extermination Pr\u00e9v-Ext lutte contre les rats de mani\u00e8re professionnelle. Prot\u00e9gez votre domicile avec nos solutions rapides et fiables.","breadcrumb":{"@id":"https:\/\/prev-ext.com\/rats\/#breadcrumb"},"inLanguage":"en-CA","potentialAction":[{"@type":"ReadAction","target":["https:\/\/prev-ext.com\/rats\/"]}]},{"@type":"ImageObject","inLanguage":"en-CA","@id":"https:\/\/prev-ext.com\/rats\/#primaryimage","url":"https:\/\/prev-ext.com\/wp-content\/uploads\/2024\/11\/norwayrat-001-reverse.jpg","contentUrl":"https:\/\/prev-ext.com\/wp-content\/uploads\/2024\/11\/norwayrat-001-reverse.jpg"},{"@type":"BreadcrumbList","@id":"https:\/\/prev-ext.com\/rats\/#breadcrumb","itemListElement":[{"@type":"ListItem","position":1,"name":"Home","item":"https:\/\/prev-ext.com\/"},{"@type":"ListItem","position":2,"name":"Rats"}]},{"@type":"WebSite","@id":"https:\/\/prev-ext.com\/#website","url":"https:\/\/prev-ext.com\/","name":"Pr\u00e9v-ext","description":"Extermination","publisher":{"@id":"https:\/\/prev-ext.com\/#organization"},"potentialAction":[{"@type":"SearchAction","target":{"@type":"EntryPoint","urlTemplate":"https:\/\/prev-ext.com\/?s={search_term_string}"},"query-input":{"@type":"PropertyValueSpecification","valueRequired":true,"valueName":"search_term_string"}}],"inLanguage":"en-CA"},{"@type":"Organization","@id":"https:\/\/prev-ext.com\/#organization","name":"Pr\u00e9v-ext","url":"https:\/\/prev-ext.com\/","logo":{"@type":"ImageObject","inLanguage":"en-CA","@id":"https:\/\/prev-ext.com\/#\/schema\/logo\/image\/","url":"https:\/\/prev-ext.com\/wp-content\/uploads\/2024\/11\/logo.png","contentUrl":"https:\/\/prev-ext.com\/wp-content\/uploads\/2024\/11\/logo.png","width":460,"height":184,"caption":"Pr\u00e9v-ext"},"image":{"@id":"https:\/\/prev-ext.com\/#\/schema\/logo\/image\/"}}]}},"_links":{"self":[{"href":"https:\/\/prev-ext.com\/en\/wp-json\/wp\/v2\/pages\/192","targetHints":{"allow":["GET"]}}],"collection":[{"href":"https:\/\/prev-ext.com\/en\/wp-json\/wp\/v2\/pages"}],"about":[{"href":"https:\/\/prev-ext.com\/en\/wp-json\/wp\/v2\/types\/page"}],"author":[{"embeddable":true,"href":"https:\/\/prev-ext.com\/en\/wp-json\/wp\/v2\/users\/1"}],"replies":[{"embeddable":true,"href":"https:\/\/prev-ext.com\/en\/wp-json\/wp\/v2\/comments?post=192"}],"version-history":[{"count":37,"href":"https:\/\/prev-ext.com\/en\/wp-json\/wp\/v2\/pages\/192\/revisions"}],"predecessor-version":[{"id":1280,"href":"https:\/\/prev-ext.com\/en\/wp-json\/wp\/v2\/pages\/192\/revisions\/1280"}],"wp:attachment":[{"href":"https:\/\/prev-ext.com\/en\/wp-json\/wp\/v2\/media?parent=192"}],"curies":[{"name":"wp","href":"https:\/\/api.w.org\/{rel}","templated":true}]}}