{"id":189,"date":"2024-11-27T20:57:48","date_gmt":"2024-11-27T20:57:48","guid":{"rendered":"https:\/\/prev-ext.com\/?page_id=189"},"modified":"2025-01-16T15:16:44","modified_gmt":"2025-01-16T15:16:44","slug":"guepes","status":"publish","type":"page","link":"https:\/\/prev-ext.com\/en\/guepes\/","title":{"rendered":"Wasps"},"content":{"rendered":"<div data-elementor-type=\"wp-page\" data-elementor-id=\"189\" class=\"elementor elementor-189\" data-elementor-post-type=\"page\">\n\t\t\t\t\t\t<section class=\"elementor-section elementor-top-section elementor-element elementor-element-97c429e elementor-section-boxed elementor-section-height-default elementor-section-height-default\" data-id=\"97c429e\" data-element_type=\"section\" data-settings=\"{&quot;background_background&quot;:&quot;classic&quot;}\">\n\t\t\t\t\t\t<div class=\"elementor-container elementor-column-gap-no\">\n\t\t\t\t\t<div class=\"elementor-column elementor-col-100 elementor-top-column elementor-element elementor-element-59dbbaa\" data-id=\"59dbbaa\" data-element_type=\"column\">\n\t\t\t<div class=\"elementor-widget-wrap elementor-element-populated\">\n\t\t\t\t\t\t<div class=\"elementor-element elementor-element-a6dd2ed elementor-widget elementor-widget-heading\" data-id=\"a6dd2ed\" data-element_type=\"widget\" data-widget_type=\"heading.default\">\n\t\t\t\t<div class=\"elementor-widget-container\">\n\t\t\t<h1 class=\"elementor-heading-title elementor-size-default\">Wasp Nest<\/h1>\t\t<\/div>\n\t\t\t\t<\/div>\n\t\t\t\t\t<\/div>\n\t\t<\/div>\n\t\t\t\t\t<\/div>\n\t\t<\/section>\n\t\t\t\t<section class=\"elementor-section elementor-top-section elementor-element elementor-element-80a9306 elementor-section-boxed elementor-section-height-default elementor-section-height-default\" data-id=\"80a9306\" data-element_type=\"section\">\n\t\t\t\t\t\t<div class=\"elementor-container elementor-column-gap-no\">\n\t\t\t\t\t<div class=\"elementor-column elementor-col-100 elementor-top-column elementor-element elementor-element-557986a\" data-id=\"557986a\" data-element_type=\"column\">\n\t\t\t<div class=\"elementor-widget-wrap elementor-element-populated\">\n\t\t\t\t\t\t<section class=\"elementor-section elementor-inner-section elementor-element elementor-element-4f26150 elementor-section-boxed elementor-section-height-default elementor-section-height-default\" data-id=\"4f26150\" data-element_type=\"section\">\n\t\t\t\t\t\t<div class=\"elementor-container elementor-column-gap-no\">\n\t\t\t\t\t<div class=\"elementor-column elementor-col-33 elementor-inner-column elementor-element elementor-element-18ef969\" data-id=\"18ef969\" data-element_type=\"column\">\n\t\t\t<div class=\"elementor-widget-wrap elementor-element-populated\">\n\t\t\t\t\t\t<div class=\"elementor-element elementor-element-e9d2eb1 eael-infobox-content-align--left eael-infobox-shape-square eael-infobox-hover-img-shape-square elementor-invisible elementor-widget elementor-widget-eael-info-box\" data-id=\"e9d2eb1\" data-element_type=\"widget\" data-settings=\"{&quot;_animation&quot;:&quot;fadeInLeft&quot;}\" data-widget_type=\"eael-info-box.default\">\n\t\t\t\t<div class=\"elementor-widget-container\">\n\t\t\t        <div class=\"eael-infobox icon-on-top\">\n\t            <div class=\"infobox-icon\">\n\n                            <img decoding=\"async\" src=\"https:\/\/prev-ext.com\/wp-content\/uploads\/2025\/01\/Image2-1-e1736258626190.jpg\" alt=\"\">\n            \n            \n            \n        <\/div>\n            <div class=\"infobox-content\">\n                    <div class=\"infobox-title-section\">\n                <h2 class=\"title\">Wasps: a common problem often confused with bees<\/h2>            <\/div>\n            <div><p>It is not uncommon for clients to call us thinking they have bees in their homes. In reality, 99% of the time, it is about <strong>Wasps<\/strong>. These insects have a similar way of life. Indeed, they build paper nests, a mixture of wood and saliva. Moreover, they place these nests in trees, under roofs, in various structures, or even in the ground. Furthermore, their presence can represent<strong> a risk to the safety of your family.<\/strong>. Thus, wasps can become a nuisance, especially when they establish their nests near your home.<\/p><\/div>        <\/div>\n            <\/div>\n\n\t\t\t\t<\/div>\n\t\t\t\t<\/div>\n\t\t\t\t\t<\/div>\n\t\t<\/div>\n\t\t\t\t<div class=\"elementor-column elementor-col-33 elementor-inner-column elementor-element elementor-element-ff5361d\" data-id=\"ff5361d\" data-element_type=\"column\">\n\t\t\t<div class=\"elementor-widget-wrap elementor-element-populated\">\n\t\t\t\t\t\t<div class=\"elementor-element elementor-element-8186d29 eael-infobox-content-align--left eael-infobox-shape-square eael-infobox-hover-img-shape-square elementor-invisible elementor-widget elementor-widget-eael-info-box\" data-id=\"8186d29\" data-element_type=\"widget\" data-settings=\"{&quot;_animation&quot;:&quot;zoomIn&quot;}\" data-widget_type=\"eael-info-box.default\">\n\t\t\t\t<div class=\"elementor-widget-container\">\n\t\t\t        <div class=\"eael-infobox icon-on-top\">\n\t            <div class=\"infobox-icon\">\n\n                            <img decoding=\"async\" src=\"https:\/\/prev-ext.com\/wp-content\/uploads\/2025\/01\/Image3-1-e1736258713526.jpg\" alt=\"\">\n            \n            \n            \n        <\/div>\n            <div class=\"infobox-content\">\n                    <div class=\"infobox-title-section\">\n                <h2 class=\"title\">The dangers of nests inside your home<\/h2>            <\/div>\n            <div><p>In more concerning situations, you might observe in summer a back-and-forth of wasps entering through a small opening in your home, such as between the brick or stone and the soffit. Indeed, they then establish their nest<strong>inside the structure of the house.<\/strong>, whether in the attic or in other well-sheltered hiding places from the elements. If the nest is left without intervention, wasps can end up penetrating inside your home. This represents a risk to you and your family.<\/p><\/div>        <\/div>\n            <\/div>\n\n\t\t\t\t<\/div>\n\t\t\t\t<\/div>\n\t\t\t\t\t<\/div>\n\t\t<\/div>\n\t\t\t\t<div class=\"elementor-column elementor-col-33 elementor-inner-column elementor-element elementor-element-4ad30d3\" data-id=\"4ad30d3\" data-element_type=\"column\">\n\t\t\t<div class=\"elementor-widget-wrap elementor-element-populated\">\n\t\t\t\t\t\t<div class=\"elementor-element elementor-element-4fc1f80 eael-infobox-content-align--left eael-infobox-shape-square eael-infobox-hover-img-shape-square elementor-invisible elementor-widget elementor-widget-eael-info-box\" data-id=\"4fc1f80\" data-element_type=\"widget\" data-settings=\"{&quot;_animation&quot;:&quot;fadeInRight&quot;}\" data-widget_type=\"eael-info-box.default\">\n\t\t\t\t<div class=\"elementor-widget-container\">\n\t\t\t        <div class=\"eael-infobox icon-on-top\">\n\t            <div class=\"infobox-icon\">\n\n                            <img decoding=\"async\" src=\"https:\/\/prev-ext.com\/wp-content\/uploads\/2024\/11\/thumbnail_iStock_000014159816Large-1-e1736258654486.jpg\" alt=\"\">\n            \n            \n            \n        <\/div>\n            <div class=\"infobox-content\">\n                    <div class=\"infobox-title-section\">\n                <h2 class=\"title\">Call on professionals for safe elimination<\/h2>            <\/div>\n            <div><p>Given the aggressiveness of wasps, it is strongly advised not to attempt to destroy their nest without the help of an expert. Indeed, these insects vigorously protect their nest. Furthermore, their stings can be very painful, or even deadly in rare cases. Thus, <strong><a href=\"https:\/\/prev-ext.com\/en\/contact\/\">contact us<\/a><\/strong> at Extermination Pr\u00e9v-Ext for a professional and safe intervention. Our experienced team will effectively eliminate the nest, thus ensuring you peace of mind and the <strong><a href=\"https:\/\/www.canada.ca\/fr\/sante-canada\/services\/conseils-pour-controle-parasites\/guepes.html\">security for your house.<\/a><\/strong>.<\/p><\/div>        <\/div>\n            <\/div>\n\n\t\t\t\t<\/div>\n\t\t\t\t<\/div>\n\t\t\t\t\t<\/div>\n\t\t<\/div>\n\t\t\t\t\t<\/div>\n\t\t<\/section>\n\t\t\t\t\t<\/div>\n\t\t<\/div>\n\t\t\t\t\t<\/div>\n\t\t<\/section>\n\t\t\t\t<section class=\"elementor-section elementor-top-section elementor-element elementor-element-5a3e744 elementor-section-content-bottom elementor-section-boxed elementor-section-height-default elementor-section-height-default\" data-id=\"5a3e744\" data-element_type=\"section\" data-settings=\"{&quot;background_background&quot;:&quot;classic&quot;}\">\n\t\t\t\t\t\t<div class=\"elementor-container elementor-column-gap-no\">\n\t\t\t\t\t<div class=\"elementor-column elementor-col-50 elementor-top-column elementor-element elementor-element-56ae2d4 elementor-invisible\" data-id=\"56ae2d4\" data-element_type=\"column\" data-settings=\"{&quot;animation&quot;:&quot;fadeInLeft&quot;}\">\n\t\t\t<div class=\"elementor-widget-wrap elementor-element-populated\">\n\t\t\t\t\t\t<div class=\"elementor-element elementor-element-285a824 elementor-widget elementor-widget-heading\" data-id=\"285a824\" data-element_type=\"widget\" data-widget_type=\"heading.default\">\n\t\t\t\t<div class=\"elementor-widget-container\">\n\t\t\t<h2 class=\"elementor-heading-title elementor-size-default\">Why take a chance with a wasp nest?<\/h2>\t\t<\/div>\n\t\t\t\t<\/div>\n\t\t\t\t<div class=\"elementor-element elementor-element-bf11898 elementor-widget elementor-widget-text-editor\" data-id=\"bf11898\" data-element_type=\"widget\" data-widget_type=\"text-editor.default\">\n\t\t\t\t<div class=\"elementor-widget-container\">\n\t\t\t\t\t\t\t<p>Leave the job to an expert!<\/p>\t\t\t\t\t\t<\/div>\n\t\t\t\t<\/div>\n\t\t\t\t<div class=\"elementor-element elementor-element-58d6e59 elementor-widget elementor-widget-button\" data-id=\"58d6e59\" data-element_type=\"widget\" data-widget_type=\"button.default\">\n\t\t\t\t<div class=\"elementor-widget-container\">\n\t\t\t\t\t\t\t<div class=\"elementor-button-wrapper\">\n\t\t\t\t\t<a class=\"elementor-button elementor-button-link elementor-size-sm\" href=\"https:\/\/prev-ext.com\/en\/contact\/\">\n\t\t\t\t\t\t<span class=\"elementor-button-content-wrapper\">\n\t\t\t\t\t\t\t\t\t<span class=\"elementor-button-text\">Quote<\/span>\n\t\t\t\t\t<\/span>\n\t\t\t\t\t<\/a>\n\t\t\t\t<\/div>\n\t\t\t\t\t\t<\/div>\n\t\t\t\t<\/div>\n\t\t\t\t\t<\/div>\n\t\t<\/div>\n\t\t\t\t<div class=\"elementor-column elementor-col-50 elementor-top-column elementor-element elementor-element-752bc52\" data-id=\"752bc52\" data-element_type=\"column\">\n\t\t\t<div class=\"elementor-widget-wrap\">\n\t\t\t\t\t\t\t<\/div>\n\t\t<\/div>\n\t\t\t\t\t<\/div>\n\t\t<\/section>\n\t\t\t\t<\/div>","protected":false},"excerpt":{"rendered":"<p>Nid de Gu\u00eapes Les gu\u00eapes : un probl\u00e8me courant souvent confondu avec les abeilles Il n&rsquo;est pas rare que des clients nous appellent en pensant avoir des abeilles chez eux. En r\u00e9alit\u00e9, 99\u202f% du temps, il s&rsquo;agit de gu\u00eapes. Ces insectes ont un mode de vie similaire. En effet, ils construisent des nids en papier, [&hellip;]<\/p>","protected":false},"author":1,"featured_media":0,"parent":0,"menu_order":0,"comment_status":"closed","ping_status":"closed","template":"elementor_header_footer","meta":{"footnotes":""},"class_list":["post-189","page","type-page","status-publish","hentry"],"yoast_head":"<!-- This site is optimized with the Yoast SEO plugin v25.0 - https:\/\/yoast.com\/wordpress\/plugins\/seo\/ -->\n<title>Gu\u00eapes - Pr\u00e9v-ext<\/title>\n<meta name=\"description\" content=\"Prot\u00e9gez votre domicile des gu\u00eapes avec Extermination Pr\u00e9v-Ext. Solutions rapides et s\u00e9curitaires pour un environnement sans nuisibles.\" \/>\n<meta name=\"robots\" content=\"index, follow, max-snippet:-1, max-image-preview:large, max-video-preview:-1\" \/>\n<link rel=\"canonical\" href=\"https:\/\/prev-ext.com\/en\/guepes\/\" \/>\n<meta property=\"og:locale\" content=\"en_US\" \/>\n<meta property=\"og:type\" content=\"article\" \/>\n<meta property=\"og:title\" content=\"Gu\u00eapes - Pr\u00e9v-ext\" \/>\n<meta property=\"og:description\" content=\"Prot\u00e9gez votre domicile des gu\u00eapes avec Extermination Pr\u00e9v-Ext. Solutions rapides et s\u00e9curitaires pour un environnement sans nuisibles.\" \/>\n<meta property=\"og:url\" content=\"https:\/\/prev-ext.com\/en\/guepes\/\" \/>\n<meta property=\"og:site_name\" content=\"Pr\u00e9v-ext\" \/>\n<meta property=\"article:modified_time\" content=\"2025-01-16T15:16:44+00:00\" \/>\n<meta property=\"og:image\" content=\"https:\/\/prev-ext.com\/wp-content\/uploads\/2025\/01\/Image2-1-e1736258626190.jpg\" \/>\n<meta name=\"twitter:card\" content=\"summary_large_image\" \/>\n<meta name=\"twitter:label1\" content=\"Est. reading time\" \/>\n\t<meta name=\"twitter:data1\" content=\"3 minutes\" \/>\n<script type=\"application\/ld+json\" class=\"yoast-schema-graph\">{\"@context\":\"https:\/\/schema.org\",\"@graph\":[{\"@type\":\"WebPage\",\"@id\":\"https:\/\/prev-ext.com\/guepes\/\",\"url\":\"https:\/\/prev-ext.com\/guepes\/\",\"name\":\"Gu\u00eapes - Pr\u00e9v-ext\",\"isPartOf\":{\"@id\":\"https:\/\/prev-ext.com\/#website\"},\"primaryImageOfPage\":{\"@id\":\"https:\/\/prev-ext.com\/guepes\/#primaryimage\"},\"image\":{\"@id\":\"https:\/\/prev-ext.com\/guepes\/#primaryimage\"},\"thumbnailUrl\":\"https:\/\/prev-ext.com\/wp-content\/uploads\/2025\/01\/Image2-1-e1736258626190.jpg\",\"datePublished\":\"2024-11-27T20:57:48+00:00\",\"dateModified\":\"2025-01-16T15:16:44+00:00\",\"description\":\"Prot\u00e9gez votre domicile des gu\u00eapes avec Extermination Pr\u00e9v-Ext. Solutions rapides et s\u00e9curitaires pour un environnement sans nuisibles.\",\"breadcrumb\":{\"@id\":\"https:\/\/prev-ext.com\/guepes\/#breadcrumb\"},\"inLanguage\":\"en-CA\",\"potentialAction\":[{\"@type\":\"ReadAction\",\"target\":[\"https:\/\/prev-ext.com\/guepes\/\"]}]},{\"@type\":\"ImageObject\",\"inLanguage\":\"en-CA\",\"@id\":\"https:\/\/prev-ext.com\/guepes\/#primaryimage\",\"url\":\"https:\/\/prev-ext.com\/wp-content\/uploads\/2025\/01\/Image2-1-e1736258626190.jpg\",\"contentUrl\":\"https:\/\/prev-ext.com\/wp-content\/uploads\/2025\/01\/Image2-1-e1736258626190.jpg\"},{\"@type\":\"BreadcrumbList\",\"@id\":\"https:\/\/prev-ext.com\/guepes\/#breadcrumb\",\"itemListElement\":[{\"@type\":\"ListItem\",\"position\":1,\"name\":\"Home\",\"item\":\"https:\/\/prev-ext.com\/\"},{\"@type\":\"ListItem\",\"position\":2,\"name\":\"Gu\u00eapes\"}]},{\"@type\":\"WebSite\",\"@id\":\"https:\/\/prev-ext.com\/#website\",\"url\":\"https:\/\/prev-ext.com\/\",\"name\":\"Pr\u00e9v-ext\",\"description\":\"Extermination\",\"publisher\":{\"@id\":\"https:\/\/prev-ext.com\/#organization\"},\"potentialAction\":[{\"@type\":\"SearchAction\",\"target\":{\"@type\":\"EntryPoint\",\"urlTemplate\":\"https:\/\/prev-ext.com\/?s={search_term_string}\"},\"query-input\":{\"@type\":\"PropertyValueSpecification\",\"valueRequired\":true,\"valueName\":\"search_term_string\"}}],\"inLanguage\":\"en-CA\"},{\"@type\":\"Organization\",\"@id\":\"https:\/\/prev-ext.com\/#organization\",\"name\":\"Pr\u00e9v-ext\",\"url\":\"https:\/\/prev-ext.com\/\",\"logo\":{\"@type\":\"ImageObject\",\"inLanguage\":\"en-CA\",\"@id\":\"https:\/\/prev-ext.com\/#\/schema\/logo\/image\/\",\"url\":\"https:\/\/prev-ext.com\/wp-content\/uploads\/2024\/11\/logo.png\",\"contentUrl\":\"https:\/\/prev-ext.com\/wp-content\/uploads\/2024\/11\/logo.png\",\"width\":460,\"height\":184,\"caption\":\"Pr\u00e9v-ext\"},\"image\":{\"@id\":\"https:\/\/prev-ext.com\/#\/schema\/logo\/image\/\"}}]}<\/script>\n<!-- \/ Yoast SEO plugin. -->","yoast_head_json":{"title":"Gu\u00eapes - Pr\u00e9v-ext","description":"Prot\u00e9gez votre domicile des gu\u00eapes avec Extermination Pr\u00e9v-Ext. Solutions rapides et s\u00e9curitaires pour un environnement sans nuisibles.","robots":{"index":"index","follow":"follow","max-snippet":"max-snippet:-1","max-image-preview":"max-image-preview:large","max-video-preview":"max-video-preview:-1"},"canonical":"https:\/\/prev-ext.com\/en\/guepes\/","og_locale":"en_US","og_type":"article","og_title":"Gu\u00eapes - Pr\u00e9v-ext","og_description":"Prot\u00e9gez votre domicile des gu\u00eapes avec Extermination Pr\u00e9v-Ext. Solutions rapides et s\u00e9curitaires pour un environnement sans nuisibles.","og_url":"https:\/\/prev-ext.com\/en\/guepes\/","og_site_name":"Pr\u00e9v-ext","article_modified_time":"2025-01-16T15:16:44+00:00","og_image":[{"url":"https:\/\/prev-ext.com\/wp-content\/uploads\/2025\/01\/Image2-1-e1736258626190.jpg","type":"","width":"","height":""}],"twitter_card":"summary_large_image","twitter_misc":{"Est. reading time":"3 minutes"},"schema":{"@context":"https:\/\/schema.org","@graph":[{"@type":"WebPage","@id":"https:\/\/prev-ext.com\/guepes\/","url":"https:\/\/prev-ext.com\/guepes\/","name":"Gu\u00eapes - Pr\u00e9v-ext","isPartOf":{"@id":"https:\/\/prev-ext.com\/#website"},"primaryImageOfPage":{"@id":"https:\/\/prev-ext.com\/guepes\/#primaryimage"},"image":{"@id":"https:\/\/prev-ext.com\/guepes\/#primaryimage"},"thumbnailUrl":"https:\/\/prev-ext.com\/wp-content\/uploads\/2025\/01\/Image2-1-e1736258626190.jpg","datePublished":"2024-11-27T20:57:48+00:00","dateModified":"2025-01-16T15:16:44+00:00","description":"Prot\u00e9gez votre domicile des gu\u00eapes avec Extermination Pr\u00e9v-Ext. Solutions rapides et s\u00e9curitaires pour un environnement sans nuisibles.","breadcrumb":{"@id":"https:\/\/prev-ext.com\/guepes\/#breadcrumb"},"inLanguage":"en-CA","potentialAction":[{"@type":"ReadAction","target":["https:\/\/prev-ext.com\/guepes\/"]}]},{"@type":"ImageObject","inLanguage":"en-CA","@id":"https:\/\/prev-ext.com\/guepes\/#primaryimage","url":"https:\/\/prev-ext.com\/wp-content\/uploads\/2025\/01\/Image2-1-e1736258626190.jpg","contentUrl":"https:\/\/prev-ext.com\/wp-content\/uploads\/2025\/01\/Image2-1-e1736258626190.jpg"},{"@type":"BreadcrumbList","@id":"https:\/\/prev-ext.com\/guepes\/#breadcrumb","itemListElement":[{"@type":"ListItem","position":1,"name":"Home","item":"https:\/\/prev-ext.com\/"},{"@type":"ListItem","position":2,"name":"Gu\u00eapes"}]},{"@type":"WebSite","@id":"https:\/\/prev-ext.com\/#website","url":"https:\/\/prev-ext.com\/","name":"Pr\u00e9v-ext","description":"Extermination","publisher":{"@id":"https:\/\/prev-ext.com\/#organization"},"potentialAction":[{"@type":"SearchAction","target":{"@type":"EntryPoint","urlTemplate":"https:\/\/prev-ext.com\/?s={search_term_string}"},"query-input":{"@type":"PropertyValueSpecification","valueRequired":true,"valueName":"search_term_string"}}],"inLanguage":"en-CA"},{"@type":"Organization","@id":"https:\/\/prev-ext.com\/#organization","name":"Pr\u00e9v-ext","url":"https:\/\/prev-ext.com\/","logo":{"@type":"ImageObject","inLanguage":"en-CA","@id":"https:\/\/prev-ext.com\/#\/schema\/logo\/image\/","url":"https:\/\/prev-ext.com\/wp-content\/uploads\/2024\/11\/logo.png","contentUrl":"https:\/\/prev-ext.com\/wp-content\/uploads\/2024\/11\/logo.png","width":460,"height":184,"caption":"Pr\u00e9v-ext"},"image":{"@id":"https:\/\/prev-ext.com\/#\/schema\/logo\/image\/"}}]}},"_links":{"self":[{"href":"https:\/\/prev-ext.com\/en\/wp-json\/wp\/v2\/pages\/189","targetHints":{"allow":["GET"]}}],"collection":[{"href":"https:\/\/prev-ext.com\/en\/wp-json\/wp\/v2\/pages"}],"about":[{"href":"https:\/\/prev-ext.com\/en\/wp-json\/wp\/v2\/types\/page"}],"author":[{"embeddable":true,"href":"https:\/\/prev-ext.com\/en\/wp-json\/wp\/v2\/users\/1"}],"replies":[{"embeddable":true,"href":"https:\/\/prev-ext.com\/en\/wp-json\/wp\/v2\/comments?post=189"}],"version-history":[{"count":52,"href":"https:\/\/prev-ext.com\/en\/wp-json\/wp\/v2\/pages\/189\/revisions"}],"predecessor-version":[{"id":1277,"href":"https:\/\/prev-ext.com\/en\/wp-json\/wp\/v2\/pages\/189\/revisions\/1277"}],"wp:attachment":[{"href":"https:\/\/prev-ext.com\/en\/wp-json\/wp\/v2\/media?parent=189"}],"curies":[{"name":"wp","href":"https:\/\/api.w.org\/{rel}","templated":true}]}}