{"id":188,"date":"2024-11-27T20:57:48","date_gmt":"2024-11-27T20:57:48","guid":{"rendered":"https:\/\/prev-ext.com\/?page_id=188"},"modified":"2025-01-27T14:24:29","modified_gmt":"2025-01-27T14:24:29","slug":"fourmis-de-pave","status":"publish","type":"page","link":"https:\/\/prev-ext.com\/en\/fourmis-de-pave\/","title":{"rendered":"Pavement ants"},"content":{"rendered":"<div data-elementor-type=\"wp-page\" data-elementor-id=\"188\" class=\"elementor elementor-188\" data-elementor-post-type=\"page\">\n\t\t\t\t\t\t<section class=\"elementor-section elementor-top-section elementor-element elementor-element-97c429e elementor-section-boxed elementor-section-height-default elementor-section-height-default\" data-id=\"97c429e\" data-element_type=\"section\" data-settings=\"{&quot;background_background&quot;:&quot;classic&quot;}\">\n\t\t\t\t\t\t<div class=\"elementor-container elementor-column-gap-no\">\n\t\t\t\t\t<div class=\"elementor-column elementor-col-100 elementor-top-column elementor-element elementor-element-59dbbaa\" data-id=\"59dbbaa\" data-element_type=\"column\">\n\t\t\t<div class=\"elementor-widget-wrap elementor-element-populated\">\n\t\t\t\t\t\t<div class=\"elementor-element elementor-element-a6dd2ed elementor-widget elementor-widget-heading\" data-id=\"a6dd2ed\" data-element_type=\"widget\" data-widget_type=\"heading.default\">\n\t\t\t\t<div class=\"elementor-widget-container\">\n\t\t\t<h1 class=\"elementor-heading-title elementor-size-default\">Pavement ants<\/h1>\t\t<\/div>\n\t\t\t\t<\/div>\n\t\t\t\t\t<\/div>\n\t\t<\/div>\n\t\t\t\t\t<\/div>\n\t\t<\/section>\n\t\t\t\t<section class=\"elementor-section elementor-top-section elementor-element elementor-element-80a9306 elementor-section-boxed elementor-section-height-default elementor-section-height-default\" data-id=\"80a9306\" data-element_type=\"section\">\n\t\t\t\t\t\t<div class=\"elementor-container elementor-column-gap-no\">\n\t\t\t\t\t<div class=\"elementor-column elementor-col-100 elementor-top-column elementor-element elementor-element-557986a\" data-id=\"557986a\" data-element_type=\"column\">\n\t\t\t<div class=\"elementor-widget-wrap elementor-element-populated\">\n\t\t\t\t\t\t<section class=\"elementor-section elementor-inner-section elementor-element elementor-element-4f26150 elementor-section-boxed elementor-section-height-default elementor-section-height-default\" data-id=\"4f26150\" data-element_type=\"section\">\n\t\t\t\t\t\t<div class=\"elementor-container elementor-column-gap-no\">\n\t\t\t\t\t<div class=\"elementor-column elementor-col-33 elementor-inner-column elementor-element elementor-element-18ef969\" data-id=\"18ef969\" data-element_type=\"column\">\n\t\t\t<div class=\"elementor-widget-wrap elementor-element-populated\">\n\t\t\t\t\t\t<div class=\"elementor-element elementor-element-e9d2eb1 eael-infobox-content-align--left eael-infobox-shape-square eael-infobox-hover-img-shape-square elementor-invisible elementor-widget elementor-widget-eael-info-box\" data-id=\"e9d2eb1\" data-element_type=\"widget\" data-settings=\"{&quot;_animation&quot;:&quot;fadeInLeft&quot;}\" data-widget_type=\"eael-info-box.default\">\n\t\t\t\t<div class=\"elementor-widget-container\">\n\t\t\t        <div class=\"eael-infobox icon-on-top\">\n\t            <div class=\"infobox-icon\">\n\n                            <img decoding=\"async\" src=\"https:\/\/prev-ext.com\/wp-content\/uploads\/2024\/11\/7.jpg\" alt=\"\">\n            \n            \n            \n        <\/div>\n            <div class=\"infobox-content\">\n                    <div class=\"infobox-title-section\">\n                <h2 class=\"title\">Pavement ants: small but invasive<\/h2>            <\/div>\n            <div><p>All <strong>Pavement ants<\/strong> are small creatures seemingly harmless. Indeed, their presence is often noted by small sand mounds outside, near the house, indicating the location of their anthill. Furthermore, these mounds can quickly enlarge if the infestation progresses. However, although seemingly harmless, these <strong><a href=\"https:\/\/fr.wikipedia.org\/wiki\/Fourmi\">ants\u00a0<\/a><\/strong>constantly seek food and water, which drives them to enter our homes. Moreover, they can damage structures by excavating galleries in foundations or walls. Thus, it is essential to regularly monitor the surroundings of your home and take preventive measures at the first signs of activity.\u00a0<\/p><\/div>        <\/div>\n            <\/div>\n\n\t\t\t\t<\/div>\n\t\t\t\t<\/div>\n\t\t\t\t\t<\/div>\n\t\t<\/div>\n\t\t\t\t<div class=\"elementor-column elementor-col-33 elementor-inner-column elementor-element elementor-element-ff5361d\" data-id=\"ff5361d\" data-element_type=\"column\">\n\t\t\t<div class=\"elementor-widget-wrap elementor-element-populated\">\n\t\t\t\t\t\t<div class=\"elementor-element elementor-element-8186d29 eael-infobox-content-align--left eael-infobox-shape-square eael-infobox-hover-img-shape-square elementor-invisible elementor-widget elementor-widget-eael-info-box\" data-id=\"8186d29\" data-element_type=\"widget\" data-settings=\"{&quot;_animation&quot;:&quot;zoomIn&quot;}\" data-widget_type=\"eael-info-box.default\">\n\t\t\t\t<div class=\"elementor-widget-container\">\n\t\t\t        <div class=\"eael-infobox icon-on-top\">\n\t            <div class=\"infobox-icon\">\n\n                            <img decoding=\"async\" src=\"https:\/\/prev-ext.com\/wp-content\/uploads\/2025\/01\/Image2-2-e1736258585311.jpg\" alt=\"\">\n            \n            \n            \n        <\/div>\n            <div class=\"infobox-content\">\n                    <div class=\"infobox-title-section\">\n                <h2 class=\"title\">Preventing the invasion of pavement ants in your home<\/h2>            <\/div>\n            <div><p>To prevent the presence of pavement ants, it is essential to keep the premises clean and in good condition. Furthermore, you should avoid leaving food accessible, as they are particularly attracted to food scraps, including that of our dogs or cats. Additionally, ensure that food containers are well sealed and regularly clean surfaces to eliminate traces that could attract them.<\/p><\/div>        <\/div>\n            <\/div>\n\n\t\t\t\t<\/div>\n\t\t\t\t<\/div>\n\t\t\t\t\t<\/div>\n\t\t<\/div>\n\t\t\t\t<div class=\"elementor-column elementor-col-33 elementor-inner-column elementor-element elementor-element-4ad30d3\" data-id=\"4ad30d3\" data-element_type=\"column\">\n\t\t\t<div class=\"elementor-widget-wrap elementor-element-populated\">\n\t\t\t\t\t\t<div class=\"elementor-element elementor-element-4fc1f80 eael-infobox-content-align--left eael-infobox-shape-square eael-infobox-hover-img-shape-square elementor-invisible elementor-widget elementor-widget-eael-info-box\" data-id=\"4fc1f80\" data-element_type=\"widget\" data-settings=\"{&quot;_animation&quot;:&quot;fadeInRight&quot;}\" data-widget_type=\"eael-info-box.default\">\n\t\t\t\t<div class=\"elementor-widget-container\">\n\t\t\t        <div class=\"eael-infobox icon-on-top\">\n\t            <div class=\"infobox-icon\">\n\n                            <img decoding=\"async\" src=\"https:\/\/prev-ext.com\/wp-content\/uploads\/2025\/01\/Image3-2.jpg\" alt=\"\">\n            \n            \n            \n        <\/div>\n            <div class=\"infobox-content\">\n                    <div class=\"infobox-title-section\">\n                <h2 class=\"title\">Their favorite hiding places and how to eliminate them<\/h2>            <\/div>\n            <div><p>They are often found in homes with an attached garage or in ground-level residences. These areas provide ideal hiding spots under the concrete slab, where they benefit from a temperate environment. Therefore, if you suspect an infestation, it is important to act quickly.<\/p><\/div>        <\/div>\n            <\/div>\n\n\t\t\t\t<\/div>\n\t\t\t\t<\/div>\n\t\t\t\t\t<\/div>\n\t\t<\/div>\n\t\t\t\t\t<\/div>\n\t\t<\/section>\n\t\t\t\t\t<\/div>\n\t\t<\/div>\n\t\t\t\t\t<\/div>\n\t\t<\/section>\n\t\t\t\t<section class=\"elementor-section elementor-top-section elementor-element elementor-element-5a3e744 elementor-section-content-bottom elementor-section-boxed elementor-section-height-default elementor-section-height-default\" data-id=\"5a3e744\" data-element_type=\"section\" data-settings=\"{&quot;background_background&quot;:&quot;classic&quot;}\">\n\t\t\t\t\t\t<div class=\"elementor-container elementor-column-gap-no\">\n\t\t\t\t\t<div class=\"elementor-column elementor-col-50 elementor-top-column elementor-element elementor-element-56ae2d4 elementor-invisible\" data-id=\"56ae2d4\" data-element_type=\"column\" data-settings=\"{&quot;animation&quot;:&quot;fadeInLeft&quot;}\">\n\t\t\t<div class=\"elementor-widget-wrap elementor-element-populated\">\n\t\t\t\t\t\t<div class=\"elementor-element elementor-element-285a824 elementor-widget elementor-widget-heading\" data-id=\"285a824\" data-element_type=\"widget\" data-widget_type=\"heading.default\">\n\t\t\t\t<div class=\"elementor-widget-container\">\n\t\t\t<h2 class=\"elementor-heading-title elementor-size-default\">Stop fighting with small brown ants, <\/h2>\t\t<\/div>\n\t\t\t\t<\/div>\n\t\t\t\t<div class=\"elementor-element elementor-element-bf11898 elementor-widget elementor-widget-text-editor\" data-id=\"bf11898\" data-element_type=\"widget\" data-widget_type=\"text-editor.default\">\n\t\t\t\t<div class=\"elementor-widget-container\">\n\t\t\t\t\t\t\t<p>and benefit from our expertise to effectively eliminate these pests from your home.<\/p>\t\t\t\t\t\t<\/div>\n\t\t\t\t<\/div>\n\t\t\t\t<div class=\"elementor-element elementor-element-58d6e59 elementor-widget elementor-widget-button\" data-id=\"58d6e59\" data-element_type=\"widget\" data-widget_type=\"button.default\">\n\t\t\t\t<div class=\"elementor-widget-container\">\n\t\t\t\t\t\t\t<div class=\"elementor-button-wrapper\">\n\t\t\t\t\t<a class=\"elementor-button elementor-button-link elementor-size-sm\" href=\"https:\/\/prev-ext.com\/en\/contact\/\">\n\t\t\t\t\t\t<span class=\"elementor-button-content-wrapper\">\n\t\t\t\t\t\t\t\t\t<span class=\"elementor-button-text\">Call now<\/span>\n\t\t\t\t\t<\/span>\n\t\t\t\t\t<\/a>\n\t\t\t\t<\/div>\n\t\t\t\t\t\t<\/div>\n\t\t\t\t<\/div>\n\t\t\t\t\t<\/div>\n\t\t<\/div>\n\t\t\t\t<div class=\"elementor-column elementor-col-50 elementor-top-column elementor-element elementor-element-752bc52\" data-id=\"752bc52\" data-element_type=\"column\">\n\t\t\t<div class=\"elementor-widget-wrap\">\n\t\t\t\t\t\t\t<\/div>\n\t\t<\/div>\n\t\t\t\t\t<\/div>\n\t\t<\/section>\n\t\t\t\t<\/div>","protected":false},"excerpt":{"rendered":"<p>Fourmis de pav\u00e9 Les fourmis de pav\u00e9 : petites mais envahissantes Les fourmis de pav\u00e9 sont de petites cr\u00e9atures apparemment inoffensives. En effet, on constate souvent leur pr\u00e9sence par de petits monticules de sable \u00e0 l&rsquo;ext\u00e9rieur, pr\u00e8s de la maison, indiquant la localisation de leur fourmili\u00e8re. De plus, ces monticules peuvent s&rsquo;agrandir rapidement si l&rsquo;infestation [&hellip;]<\/p>","protected":false},"author":1,"featured_media":0,"parent":0,"menu_order":0,"comment_status":"closed","ping_status":"closed","template":"elementor_header_footer","meta":{"footnotes":""},"class_list":["post-188","page","type-page","status-publish","hentry"],"yoast_head":"<!-- This site is optimized with the Yoast SEO plugin v25.0 - https:\/\/yoast.com\/wordpress\/plugins\/seo\/ -->\n<title>Fourmis de pav\u00e9 - Pr\u00e9v-ext<\/title>\n<meta name=\"description\" content=\"Dites stop aux fourmis de pav\u00e9 avec Extermination Pr\u00e9v-Ext. Solutions efficaces et durables pour prot\u00e9ger vos espaces ext\u00e9rieurs.\" \/>\n<meta name=\"robots\" content=\"index, follow, max-snippet:-1, max-image-preview:large, max-video-preview:-1\" \/>\n<link rel=\"canonical\" href=\"https:\/\/prev-ext.com\/en\/fourmis-de-pave\/\" \/>\n<meta property=\"og:locale\" content=\"en_US\" \/>\n<meta property=\"og:type\" content=\"article\" \/>\n<meta property=\"og:title\" content=\"Fourmis de pav\u00e9 - Pr\u00e9v-ext\" \/>\n<meta property=\"og:description\" content=\"Dites stop aux fourmis de pav\u00e9 avec Extermination Pr\u00e9v-Ext. Solutions efficaces et durables pour prot\u00e9ger vos espaces ext\u00e9rieurs.\" \/>\n<meta property=\"og:url\" content=\"https:\/\/prev-ext.com\/en\/fourmis-de-pave\/\" \/>\n<meta property=\"og:site_name\" content=\"Pr\u00e9v-ext\" \/>\n<meta property=\"article:modified_time\" content=\"2025-01-27T14:24:29+00:00\" \/>\n<meta property=\"og:image\" content=\"https:\/\/prev-ext.com\/wp-content\/uploads\/2024\/11\/7.jpg\" \/>\n<meta name=\"twitter:card\" content=\"summary_large_image\" \/>\n<meta name=\"twitter:label1\" content=\"Est. reading time\" \/>\n\t<meta name=\"twitter:data1\" content=\"3 minutes\" \/>\n<script type=\"application\/ld+json\" class=\"yoast-schema-graph\">{\"@context\":\"https:\/\/schema.org\",\"@graph\":[{\"@type\":\"WebPage\",\"@id\":\"https:\/\/prev-ext.com\/fourmis-de-pave\/\",\"url\":\"https:\/\/prev-ext.com\/fourmis-de-pave\/\",\"name\":\"Fourmis de pav\u00e9 - Pr\u00e9v-ext\",\"isPartOf\":{\"@id\":\"https:\/\/prev-ext.com\/#website\"},\"primaryImageOfPage\":{\"@id\":\"https:\/\/prev-ext.com\/fourmis-de-pave\/#primaryimage\"},\"image\":{\"@id\":\"https:\/\/prev-ext.com\/fourmis-de-pave\/#primaryimage\"},\"thumbnailUrl\":\"https:\/\/prev-ext.com\/wp-content\/uploads\/2024\/11\/7.jpg\",\"datePublished\":\"2024-11-27T20:57:48+00:00\",\"dateModified\":\"2025-01-27T14:24:29+00:00\",\"description\":\"Dites stop aux fourmis de pav\u00e9 avec Extermination Pr\u00e9v-Ext. Solutions efficaces et durables pour prot\u00e9ger vos espaces ext\u00e9rieurs.\",\"breadcrumb\":{\"@id\":\"https:\/\/prev-ext.com\/fourmis-de-pave\/#breadcrumb\"},\"inLanguage\":\"en-CA\",\"potentialAction\":[{\"@type\":\"ReadAction\",\"target\":[\"https:\/\/prev-ext.com\/fourmis-de-pave\/\"]}]},{\"@type\":\"ImageObject\",\"inLanguage\":\"en-CA\",\"@id\":\"https:\/\/prev-ext.com\/fourmis-de-pave\/#primaryimage\",\"url\":\"https:\/\/prev-ext.com\/wp-content\/uploads\/2024\/11\/7.jpg\",\"contentUrl\":\"https:\/\/prev-ext.com\/wp-content\/uploads\/2024\/11\/7.jpg\"},{\"@type\":\"BreadcrumbList\",\"@id\":\"https:\/\/prev-ext.com\/fourmis-de-pave\/#breadcrumb\",\"itemListElement\":[{\"@type\":\"ListItem\",\"position\":1,\"name\":\"Home\",\"item\":\"https:\/\/prev-ext.com\/\"},{\"@type\":\"ListItem\",\"position\":2,\"name\":\"Fourmis de pav\u00e9\"}]},{\"@type\":\"WebSite\",\"@id\":\"https:\/\/prev-ext.com\/#website\",\"url\":\"https:\/\/prev-ext.com\/\",\"name\":\"Pr\u00e9v-ext\",\"description\":\"Extermination\",\"publisher\":{\"@id\":\"https:\/\/prev-ext.com\/#organization\"},\"potentialAction\":[{\"@type\":\"SearchAction\",\"target\":{\"@type\":\"EntryPoint\",\"urlTemplate\":\"https:\/\/prev-ext.com\/?s={search_term_string}\"},\"query-input\":{\"@type\":\"PropertyValueSpecification\",\"valueRequired\":true,\"valueName\":\"search_term_string\"}}],\"inLanguage\":\"en-CA\"},{\"@type\":\"Organization\",\"@id\":\"https:\/\/prev-ext.com\/#organization\",\"name\":\"Pr\u00e9v-ext\",\"url\":\"https:\/\/prev-ext.com\/\",\"logo\":{\"@type\":\"ImageObject\",\"inLanguage\":\"en-CA\",\"@id\":\"https:\/\/prev-ext.com\/#\/schema\/logo\/image\/\",\"url\":\"https:\/\/prev-ext.com\/wp-content\/uploads\/2024\/11\/logo.png\",\"contentUrl\":\"https:\/\/prev-ext.com\/wp-content\/uploads\/2024\/11\/logo.png\",\"width\":460,\"height\":184,\"caption\":\"Pr\u00e9v-ext\"},\"image\":{\"@id\":\"https:\/\/prev-ext.com\/#\/schema\/logo\/image\/\"}}]}<\/script>\n<!-- \/ Yoast SEO plugin. -->","yoast_head_json":{"title":"Fourmis de pav\u00e9 - Pr\u00e9v-ext","description":"Dites stop aux fourmis de pav\u00e9 avec Extermination Pr\u00e9v-Ext. Solutions efficaces et durables pour prot\u00e9ger vos espaces ext\u00e9rieurs.","robots":{"index":"index","follow":"follow","max-snippet":"max-snippet:-1","max-image-preview":"max-image-preview:large","max-video-preview":"max-video-preview:-1"},"canonical":"https:\/\/prev-ext.com\/en\/fourmis-de-pave\/","og_locale":"en_US","og_type":"article","og_title":"Fourmis de pav\u00e9 - Pr\u00e9v-ext","og_description":"Dites stop aux fourmis de pav\u00e9 avec Extermination Pr\u00e9v-Ext. Solutions efficaces et durables pour prot\u00e9ger vos espaces ext\u00e9rieurs.","og_url":"https:\/\/prev-ext.com\/en\/fourmis-de-pave\/","og_site_name":"Pr\u00e9v-ext","article_modified_time":"2025-01-27T14:24:29+00:00","og_image":[{"url":"https:\/\/prev-ext.com\/wp-content\/uploads\/2024\/11\/7.jpg","type":"","width":"","height":""}],"twitter_card":"summary_large_image","twitter_misc":{"Est. reading time":"3 minutes"},"schema":{"@context":"https:\/\/schema.org","@graph":[{"@type":"WebPage","@id":"https:\/\/prev-ext.com\/fourmis-de-pave\/","url":"https:\/\/prev-ext.com\/fourmis-de-pave\/","name":"Fourmis de pav\u00e9 - Pr\u00e9v-ext","isPartOf":{"@id":"https:\/\/prev-ext.com\/#website"},"primaryImageOfPage":{"@id":"https:\/\/prev-ext.com\/fourmis-de-pave\/#primaryimage"},"image":{"@id":"https:\/\/prev-ext.com\/fourmis-de-pave\/#primaryimage"},"thumbnailUrl":"https:\/\/prev-ext.com\/wp-content\/uploads\/2024\/11\/7.jpg","datePublished":"2024-11-27T20:57:48+00:00","dateModified":"2025-01-27T14:24:29+00:00","description":"Dites stop aux fourmis de pav\u00e9 avec Extermination Pr\u00e9v-Ext. Solutions efficaces et durables pour prot\u00e9ger vos espaces ext\u00e9rieurs.","breadcrumb":{"@id":"https:\/\/prev-ext.com\/fourmis-de-pave\/#breadcrumb"},"inLanguage":"en-CA","potentialAction":[{"@type":"ReadAction","target":["https:\/\/prev-ext.com\/fourmis-de-pave\/"]}]},{"@type":"ImageObject","inLanguage":"en-CA","@id":"https:\/\/prev-ext.com\/fourmis-de-pave\/#primaryimage","url":"https:\/\/prev-ext.com\/wp-content\/uploads\/2024\/11\/7.jpg","contentUrl":"https:\/\/prev-ext.com\/wp-content\/uploads\/2024\/11\/7.jpg"},{"@type":"BreadcrumbList","@id":"https:\/\/prev-ext.com\/fourmis-de-pave\/#breadcrumb","itemListElement":[{"@type":"ListItem","position":1,"name":"Home","item":"https:\/\/prev-ext.com\/"},{"@type":"ListItem","position":2,"name":"Fourmis de pav\u00e9"}]},{"@type":"WebSite","@id":"https:\/\/prev-ext.com\/#website","url":"https:\/\/prev-ext.com\/","name":"Pr\u00e9v-ext","description":"Extermination","publisher":{"@id":"https:\/\/prev-ext.com\/#organization"},"potentialAction":[{"@type":"SearchAction","target":{"@type":"EntryPoint","urlTemplate":"https:\/\/prev-ext.com\/?s={search_term_string}"},"query-input":{"@type":"PropertyValueSpecification","valueRequired":true,"valueName":"search_term_string"}}],"inLanguage":"en-CA"},{"@type":"Organization","@id":"https:\/\/prev-ext.com\/#organization","name":"Pr\u00e9v-ext","url":"https:\/\/prev-ext.com\/","logo":{"@type":"ImageObject","inLanguage":"en-CA","@id":"https:\/\/prev-ext.com\/#\/schema\/logo\/image\/","url":"https:\/\/prev-ext.com\/wp-content\/uploads\/2024\/11\/logo.png","contentUrl":"https:\/\/prev-ext.com\/wp-content\/uploads\/2024\/11\/logo.png","width":460,"height":184,"caption":"Pr\u00e9v-ext"},"image":{"@id":"https:\/\/prev-ext.com\/#\/schema\/logo\/image\/"}}]}},"_links":{"self":[{"href":"https:\/\/prev-ext.com\/en\/wp-json\/wp\/v2\/pages\/188","targetHints":{"allow":["GET"]}}],"collection":[{"href":"https:\/\/prev-ext.com\/en\/wp-json\/wp\/v2\/pages"}],"about":[{"href":"https:\/\/prev-ext.com\/en\/wp-json\/wp\/v2\/types\/page"}],"author":[{"embeddable":true,"href":"https:\/\/prev-ext.com\/en\/wp-json\/wp\/v2\/users\/1"}],"replies":[{"embeddable":true,"href":"https:\/\/prev-ext.com\/en\/wp-json\/wp\/v2\/comments?post=188"}],"version-history":[{"count":40,"href":"https:\/\/prev-ext.com\/en\/wp-json\/wp\/v2\/pages\/188\/revisions"}],"predecessor-version":[{"id":1301,"href":"https:\/\/prev-ext.com\/en\/wp-json\/wp\/v2\/pages\/188\/revisions\/1301"}],"wp:attachment":[{"href":"https:\/\/prev-ext.com\/en\/wp-json\/wp\/v2\/media?parent=188"}],"curies":[{"name":"wp","href":"https:\/\/api.w.org\/{rel}","templated":true}]}}