{"id":183,"date":"2024-11-27T20:57:48","date_gmt":"2024-11-27T20:57:48","guid":{"rendered":"https:\/\/prev-ext.com\/?page_id=183"},"modified":"2025-01-16T15:11:54","modified_gmt":"2025-01-16T15:11:54","slug":"calfeutrage-reparation-de-points-dacces","status":"publish","type":"page","link":"https:\/\/prev-ext.com\/en\/calfeutrage-reparation-de-points-dacces\/","title":{"rendered":"R\u00e9paration de points d&rsquo;acc\u00e8s"},"content":{"rendered":"<div data-elementor-type=\"wp-page\" data-elementor-id=\"183\" class=\"elementor elementor-183\" data-elementor-post-type=\"page\">\n\t\t\t\t\t\t<section class=\"elementor-section elementor-top-section elementor-element elementor-element-e8c996d elementor-section-boxed elementor-section-height-default elementor-section-height-default\" data-id=\"e8c996d\" data-element_type=\"section\" data-settings=\"{&quot;background_background&quot;:&quot;classic&quot;}\">\n\t\t\t\t\t\t<div class=\"elementor-container elementor-column-gap-no\">\n\t\t\t\t\t<div class=\"elementor-column elementor-col-100 elementor-top-column elementor-element elementor-element-635e149\" data-id=\"635e149\" data-element_type=\"column\">\n\t\t\t<div class=\"elementor-widget-wrap elementor-element-populated\">\n\t\t\t\t\t\t<div class=\"elementor-element elementor-element-6c10f8d elementor-widget elementor-widget-heading\" data-id=\"6c10f8d\" data-element_type=\"widget\" data-widget_type=\"heading.default\">\n\t\t\t\t<div class=\"elementor-widget-container\">\n\t\t\t<h1 class=\"elementor-heading-title elementor-size-default\">Repair of access points<\/h1>\t\t<\/div>\n\t\t\t\t<\/div>\n\t\t\t\t\t<\/div>\n\t\t<\/div>\n\t\t\t\t\t<\/div>\n\t\t<\/section>\n\t\t\t\t<section class=\"elementor-section elementor-top-section elementor-element elementor-element-9ace42a elementor-section-content-bottom elementor-section-boxed elementor-section-height-default elementor-section-height-default\" data-id=\"9ace42a\" data-element_type=\"section\">\n\t\t\t\t\t\t<div class=\"elementor-container elementor-column-gap-no\">\n\t\t\t\t\t<div class=\"elementor-column elementor-col-50 elementor-top-column elementor-element elementor-element-c637d15\" data-id=\"c637d15\" data-element_type=\"column\">\n\t\t\t<div class=\"elementor-widget-wrap elementor-element-populated\">\n\t\t\t\t\t\t<div class=\"elementor-element elementor-element-68f3d66 elementor-invisible elementor-widget elementor-widget-heading\" data-id=\"68f3d66\" data-element_type=\"widget\" data-settings=\"{&quot;_animation&quot;:&quot;fadeInLeft&quot;}\" data-widget_type=\"heading.default\">\n\t\t\t\t<div class=\"elementor-widget-container\">\n\t\t\t<h2 class=\"elementor-heading-title elementor-size-default\">Caulking against mice<\/h2>\t\t<\/div>\n\t\t\t\t<\/div>\n\t\t\t\t<div class=\"elementor-element elementor-element-3328513 elementor-invisible elementor-widget elementor-widget-text-editor\" data-id=\"3328513\" data-element_type=\"widget\" data-settings=\"{&quot;_animation&quot;:&quot;fadeInLeft&quot;}\" data-widget_type=\"text-editor.default\">\n\t\t\t\t<div class=\"elementor-widget-container\">\n\t\t\t\t\t\t\t<div><p>Once the breaches are identified and the pests exterminated, proceed with <strong>caulking<\/strong> to prevent infiltration. Caulking effectively seals all openings in your home. Therefore, repair cracks without delay, as even a small hole could lead to serious problems. Moreover, proper caulking prevents the entry of various pests. At Extermination Pr\u00e9v-Ext, we provide solutions to efficiently seal gaps and resolve your infestations. Additionally, we use high-quality materials for long-lasting results. Furthermore, our maintenance services ensure the durability of the caulking.<\/p><\/div><p><strong>Caution: it\u2019s not as simple as it seems!<\/strong> A tiny crack can become an entry point for insects. A mouse can squeeze through an opening as small as a dime, and a quarter-sized hole is enough for a rat to pass through. Therefore, it is crucial to seal all small openings. Moreover, rodents can cause significant damage if left unchecked.<\/p><p>Our experts, with their sharp eye and knowledge of pest behavior, efficiently identify entry points and address them quickly. Indeed, our ongoing training allows us to master caulking techniques. As a result, we ensure complete protection for your home.<\/p><p>Did you know that certain weaknesses in your home's siding can be exploited by larger animals, such as raccoons or squirrels? With their claws, they enlarge these gaps to enter your home. Moreover, these animals cause serious structural damage. Thus, it is important to secure all vulnerable areas. <strong><a href=\"https:\/\/prev-ext.com\/en\/contact\/\">Trust Extermination Pr\u00e9v-Ext<\/a><\/strong> to protect your home sustainably! In short, our expertise in caulking ensures a pest-free environment.<\/p>\t\t\t\t\t\t<\/div>\n\t\t\t\t<\/div>\n\t\t\t\t\t<\/div>\n\t\t<\/div>\n\t\t\t\t<div class=\"elementor-column elementor-col-50 elementor-top-column elementor-element elementor-element-47703c0 elementor-invisible\" data-id=\"47703c0\" data-element_type=\"column\" data-settings=\"{&quot;background_background&quot;:&quot;classic&quot;,&quot;animation&quot;:&quot;fadeInUp&quot;}\">\n\t\t\t<div class=\"elementor-widget-wrap elementor-element-populated\">\n\t\t\t\t\t\t<div class=\"elementor-element elementor-element-223b5c5 elementor-widget elementor-widget-image\" data-id=\"223b5c5\" data-element_type=\"widget\" data-widget_type=\"image.default\">\n\t\t\t\t<div class=\"elementor-widget-container\">\n\t\t\t\t\t\t\t\t\t\t\t\t\t<img fetchpriority=\"high\" decoding=\"async\" width=\"800\" height=\"534\" src=\"https:\/\/prev-ext.com\/wp-content\/uploads\/2024\/12\/thumbnail_iStock-1081470730-1024x683.jpg\" class=\"attachment-large size-large wp-image-590\" alt=\"\" srcset=\"https:\/\/prev-ext.com\/wp-content\/uploads\/2024\/12\/thumbnail_iStock-1081470730-1024x683.jpg 1024w, https:\/\/prev-ext.com\/wp-content\/uploads\/2024\/12\/thumbnail_iStock-1081470730-300x200.jpg 300w, https:\/\/prev-ext.com\/wp-content\/uploads\/2024\/12\/thumbnail_iStock-1081470730-768x512.jpg 768w, https:\/\/prev-ext.com\/wp-content\/uploads\/2024\/12\/thumbnail_iStock-1081470730.jpg 1254w\" sizes=\"(max-width: 800px) 100vw, 800px\" \/>\t\t\t\t\t\t\t\t\t\t\t\t\t<\/div>\n\t\t\t\t<\/div>\n\t\t\t\t<div class=\"elementor-element elementor-element-fdaa5e4 elementor-widget elementor-widget-image\" data-id=\"fdaa5e4\" data-element_type=\"widget\" data-widget_type=\"image.default\">\n\t\t\t\t<div class=\"elementor-widget-container\">\n\t\t\t\t\t\t\t\t\t\t\t\t\t<img decoding=\"async\" width=\"800\" height=\"670\" src=\"https:\/\/prev-ext.com\/wp-content\/uploads\/2025\/01\/Image2-6-1024x857.jpg\" class=\"attachment-large size-large wp-image-878\" alt=\"\" srcset=\"https:\/\/prev-ext.com\/wp-content\/uploads\/2025\/01\/Image2-6-1024x857.jpg 1024w, https:\/\/prev-ext.com\/wp-content\/uploads\/2025\/01\/Image2-6-300x251.jpg 300w, https:\/\/prev-ext.com\/wp-content\/uploads\/2025\/01\/Image2-6-768x642.jpg 768w, https:\/\/prev-ext.com\/wp-content\/uploads\/2025\/01\/Image2-6.jpg 1095w\" sizes=\"(max-width: 800px) 100vw, 800px\" \/>\t\t\t\t\t\t\t\t\t\t\t\t\t<\/div>\n\t\t\t\t<\/div>\n\t\t\t\t\t<\/div>\n\t\t<\/div>\n\t\t\t\t\t<\/div>\n\t\t<\/section>\n\t\t\t\t<section class=\"elementor-section elementor-top-section elementor-element elementor-element-2f270f5 elementor-section-content-bottom elementor-section-boxed elementor-section-height-default elementor-section-height-default\" data-id=\"2f270f5\" data-element_type=\"section\" data-settings=\"{&quot;background_background&quot;:&quot;classic&quot;,&quot;background_motion_fx_motion_fx_scrolling&quot;:&quot;yes&quot;,&quot;background_motion_fx_translateY_effect&quot;:&quot;yes&quot;,&quot;background_motion_fx_translateY_speed&quot;:{&quot;unit&quot;:&quot;px&quot;,&quot;size&quot;:10,&quot;sizes&quot;:[]},&quot;background_motion_fx_translateY_affectedRange&quot;:{&quot;unit&quot;:&quot;%&quot;,&quot;size&quot;:&quot;&quot;,&quot;sizes&quot;:{&quot;start&quot;:0,&quot;end&quot;:100}},&quot;background_motion_fx_devices&quot;:[&quot;desktop&quot;,&quot;tablet&quot;,&quot;mobile&quot;]}\">\n\t\t\t\t\t\t<div class=\"elementor-container elementor-column-gap-no\">\n\t\t\t\t\t<div class=\"elementor-column elementor-col-50 elementor-top-column elementor-element elementor-element-e1f9007 elementor-invisible\" data-id=\"e1f9007\" data-element_type=\"column\" data-settings=\"{&quot;animation&quot;:&quot;fadeInLeft&quot;}\">\n\t\t\t<div class=\"elementor-widget-wrap elementor-element-populated\">\n\t\t\t\t\t\t<div class=\"elementor-element elementor-element-4e9a210 elementor-widget elementor-widget-heading\" data-id=\"4e9a210\" data-element_type=\"widget\" data-widget_type=\"heading.default\">\n\t\t\t\t<div class=\"elementor-widget-container\">\n\t\t\t<h2 class=\"elementor-heading-title elementor-size-default\">Guarantee<\/h2>\t\t<\/div>\n\t\t\t\t<\/div>\n\t\t\t\t<div class=\"elementor-element elementor-element-7a07eda elementor-widget elementor-widget-text-editor\" data-id=\"7a07eda\" data-element_type=\"widget\" data-widget_type=\"text-editor.default\">\n\t\t\t\t<div class=\"elementor-widget-container\">\n\t\t\t\t\t\t\t<div>The process of <strong>caulking<\/strong> extends our rodent warranty from 6 months to 2 years. Thus, you benefit from prolonged protection. For truly effective pest control, consider our caulking and repair service.<strong>\u2018Extermination Pr\u00e9v-Ext<\/strong>. Additionally, we provide ongoing support for any future questions or needs.<\/div>\t\t\t\t\t\t<\/div>\n\t\t\t\t<\/div>\n\t\t\t\t<div class=\"elementor-element elementor-element-d7e787c elementor-widget elementor-widget-button\" data-id=\"d7e787c\" data-element_type=\"widget\" data-widget_type=\"button.default\">\n\t\t\t\t<div class=\"elementor-widget-container\">\n\t\t\t\t\t\t\t<div class=\"elementor-button-wrapper\">\n\t\t\t\t\t<a class=\"elementor-button elementor-button-link elementor-size-sm\" href=\"http:\/\/contact\">\n\t\t\t\t\t\t<span class=\"elementor-button-content-wrapper\">\n\t\t\t\t\t\t\t\t\t<span class=\"elementor-button-text\">Get an appointement<\/span>\n\t\t\t\t\t<\/span>\n\t\t\t\t\t<\/a>\n\t\t\t\t<\/div>\n\t\t\t\t\t\t<\/div>\n\t\t\t\t<\/div>\n\t\t\t\t\t<\/div>\n\t\t<\/div>\n\t\t\t\t<div class=\"elementor-column elementor-col-50 elementor-top-column elementor-element elementor-element-98f3ac6\" data-id=\"98f3ac6\" data-element_type=\"column\">\n\t\t\t<div class=\"elementor-widget-wrap\">\n\t\t\t\t\t\t\t<\/div>\n\t\t<\/div>\n\t\t\t\t\t<\/div>\n\t\t<\/section>\n\t\t\t\t<\/div>","protected":false},"excerpt":{"rendered":"<p>R\u00e9paration des points d\u2019acc\u00e8s Calfeutrage contre les souris Une fois les failles identifi\u00e9es et les nuisibles extermin\u00e9s, proc\u00e9dez au calfeutrage pour emp\u00eacher l\u2019infiltration. En effet, le calfeutrage s\u00e9curise toutes les ouvertures de votre maison. Ainsi, r\u00e9parez les fissures sans tarder, car un simple trou pourrait engendrer de s\u00e9rieux probl\u00e8mes. De plus, un bon calfeutrage emp\u00eache [&hellip;]<\/p>","protected":false},"author":1,"featured_media":0,"parent":0,"menu_order":0,"comment_status":"closed","ping_status":"closed","template":"elementor_header_footer","meta":{"footnotes":""},"class_list":["post-183","page","type-page","status-publish","hentry"],"yoast_head":"<!-- This site is optimized with the Yoast SEO plugin v25.0 - https:\/\/yoast.com\/wordpress\/plugins\/seo\/ -->\n<title>R\u00e9paration de points d&#039;acc\u00e8s - Calfeutrage - Pr\u00e9v-ext<\/title>\n<meta name=\"description\" content=\"Optimisez la s\u00e9curit\u00e9 de votre maison avec notre calfeutrage expert. Extermination Pr\u00e9v-Ext prot\u00e8ge durablement votre domicile.\" \/>\n<meta name=\"robots\" content=\"index, follow, max-snippet:-1, max-image-preview:large, max-video-preview:-1\" \/>\n<link rel=\"canonical\" href=\"https:\/\/prev-ext.com\/en\/calfeutrage-reparation-de-points-dacces\/\" \/>\n<meta property=\"og:locale\" content=\"en_US\" \/>\n<meta property=\"og:type\" content=\"article\" \/>\n<meta property=\"og:title\" content=\"R\u00e9paration de points d&#039;acc\u00e8s - Calfeutrage - Pr\u00e9v-ext\" \/>\n<meta property=\"og:description\" content=\"Optimisez la s\u00e9curit\u00e9 de votre maison avec notre calfeutrage expert. Extermination Pr\u00e9v-Ext prot\u00e8ge durablement votre domicile.\" \/>\n<meta property=\"og:url\" content=\"https:\/\/prev-ext.com\/en\/calfeutrage-reparation-de-points-dacces\/\" \/>\n<meta property=\"og:site_name\" content=\"Pr\u00e9v-ext\" \/>\n<meta property=\"article:modified_time\" content=\"2025-01-16T15:11:54+00:00\" \/>\n<meta property=\"og:image\" content=\"https:\/\/prev-ext.com\/wp-content\/uploads\/2024\/12\/thumbnail_iStock-1081470730.jpg\" \/>\n\t<meta property=\"og:image:width\" content=\"1254\" \/>\n\t<meta property=\"og:image:height\" content=\"836\" \/>\n\t<meta property=\"og:image:type\" content=\"image\/jpeg\" \/>\n<meta name=\"twitter:card\" content=\"summary_large_image\" \/>\n<meta name=\"twitter:label1\" content=\"Est. reading time\" \/>\n\t<meta name=\"twitter:data1\" content=\"3 minutes\" \/>\n<script type=\"application\/ld+json\" class=\"yoast-schema-graph\">{\"@context\":\"https:\/\/schema.org\",\"@graph\":[{\"@type\":\"WebPage\",\"@id\":\"https:\/\/prev-ext.com\/calfeutrage-reparation-de-points-dacces\/\",\"url\":\"https:\/\/prev-ext.com\/calfeutrage-reparation-de-points-dacces\/\",\"name\":\"R\u00e9paration de points d'acc\u00e8s - Calfeutrage - Pr\u00e9v-ext\",\"isPartOf\":{\"@id\":\"https:\/\/prev-ext.com\/#website\"},\"primaryImageOfPage\":{\"@id\":\"https:\/\/prev-ext.com\/calfeutrage-reparation-de-points-dacces\/#primaryimage\"},\"image\":{\"@id\":\"https:\/\/prev-ext.com\/calfeutrage-reparation-de-points-dacces\/#primaryimage\"},\"thumbnailUrl\":\"https:\/\/prev-ext.com\/wp-content\/uploads\/2024\/12\/thumbnail_iStock-1081470730-1024x683.jpg\",\"datePublished\":\"2024-11-27T20:57:48+00:00\",\"dateModified\":\"2025-01-16T15:11:54+00:00\",\"description\":\"Optimisez la s\u00e9curit\u00e9 de votre maison avec notre calfeutrage expert. Extermination Pr\u00e9v-Ext prot\u00e8ge durablement votre domicile.\",\"breadcrumb\":{\"@id\":\"https:\/\/prev-ext.com\/calfeutrage-reparation-de-points-dacces\/#breadcrumb\"},\"inLanguage\":\"en-CA\",\"potentialAction\":[{\"@type\":\"ReadAction\",\"target\":[\"https:\/\/prev-ext.com\/calfeutrage-reparation-de-points-dacces\/\"]}]},{\"@type\":\"ImageObject\",\"inLanguage\":\"en-CA\",\"@id\":\"https:\/\/prev-ext.com\/calfeutrage-reparation-de-points-dacces\/#primaryimage\",\"url\":\"https:\/\/prev-ext.com\/wp-content\/uploads\/2024\/12\/thumbnail_iStock-1081470730-1024x683.jpg\",\"contentUrl\":\"https:\/\/prev-ext.com\/wp-content\/uploads\/2024\/12\/thumbnail_iStock-1081470730-1024x683.jpg\"},{\"@type\":\"BreadcrumbList\",\"@id\":\"https:\/\/prev-ext.com\/calfeutrage-reparation-de-points-dacces\/#breadcrumb\",\"itemListElement\":[{\"@type\":\"ListItem\",\"position\":1,\"name\":\"Home\",\"item\":\"https:\/\/prev-ext.com\/\"},{\"@type\":\"ListItem\",\"position\":2,\"name\":\"R\u00e9paration de points d&rsquo;acc\u00e8s\"}]},{\"@type\":\"WebSite\",\"@id\":\"https:\/\/prev-ext.com\/#website\",\"url\":\"https:\/\/prev-ext.com\/\",\"name\":\"Pr\u00e9v-ext\",\"description\":\"Extermination\",\"publisher\":{\"@id\":\"https:\/\/prev-ext.com\/#organization\"},\"potentialAction\":[{\"@type\":\"SearchAction\",\"target\":{\"@type\":\"EntryPoint\",\"urlTemplate\":\"https:\/\/prev-ext.com\/?s={search_term_string}\"},\"query-input\":{\"@type\":\"PropertyValueSpecification\",\"valueRequired\":true,\"valueName\":\"search_term_string\"}}],\"inLanguage\":\"en-CA\"},{\"@type\":\"Organization\",\"@id\":\"https:\/\/prev-ext.com\/#organization\",\"name\":\"Pr\u00e9v-ext\",\"url\":\"https:\/\/prev-ext.com\/\",\"logo\":{\"@type\":\"ImageObject\",\"inLanguage\":\"en-CA\",\"@id\":\"https:\/\/prev-ext.com\/#\/schema\/logo\/image\/\",\"url\":\"https:\/\/prev-ext.com\/wp-content\/uploads\/2024\/11\/logo.png\",\"contentUrl\":\"https:\/\/prev-ext.com\/wp-content\/uploads\/2024\/11\/logo.png\",\"width\":460,\"height\":184,\"caption\":\"Pr\u00e9v-ext\"},\"image\":{\"@id\":\"https:\/\/prev-ext.com\/#\/schema\/logo\/image\/\"}}]}<\/script>\n<!-- \/ Yoast SEO plugin. -->","yoast_head_json":{"title":"R\u00e9paration de points d'acc\u00e8s - Calfeutrage - Pr\u00e9v-ext","description":"Optimisez la s\u00e9curit\u00e9 de votre maison avec notre calfeutrage expert. Extermination Pr\u00e9v-Ext prot\u00e8ge durablement votre domicile.","robots":{"index":"index","follow":"follow","max-snippet":"max-snippet:-1","max-image-preview":"max-image-preview:large","max-video-preview":"max-video-preview:-1"},"canonical":"https:\/\/prev-ext.com\/en\/calfeutrage-reparation-de-points-dacces\/","og_locale":"en_US","og_type":"article","og_title":"R\u00e9paration de points d'acc\u00e8s - Calfeutrage - Pr\u00e9v-ext","og_description":"Optimisez la s\u00e9curit\u00e9 de votre maison avec notre calfeutrage expert. Extermination Pr\u00e9v-Ext prot\u00e8ge durablement votre domicile.","og_url":"https:\/\/prev-ext.com\/en\/calfeutrage-reparation-de-points-dacces\/","og_site_name":"Pr\u00e9v-ext","article_modified_time":"2025-01-16T15:11:54+00:00","og_image":[{"width":1254,"height":836,"url":"https:\/\/prev-ext.com\/wp-content\/uploads\/2024\/12\/thumbnail_iStock-1081470730.jpg","type":"image\/jpeg"}],"twitter_card":"summary_large_image","twitter_misc":{"Est. reading time":"3 minutes"},"schema":{"@context":"https:\/\/schema.org","@graph":[{"@type":"WebPage","@id":"https:\/\/prev-ext.com\/calfeutrage-reparation-de-points-dacces\/","url":"https:\/\/prev-ext.com\/calfeutrage-reparation-de-points-dacces\/","name":"R\u00e9paration de points d'acc\u00e8s - Calfeutrage - Pr\u00e9v-ext","isPartOf":{"@id":"https:\/\/prev-ext.com\/#website"},"primaryImageOfPage":{"@id":"https:\/\/prev-ext.com\/calfeutrage-reparation-de-points-dacces\/#primaryimage"},"image":{"@id":"https:\/\/prev-ext.com\/calfeutrage-reparation-de-points-dacces\/#primaryimage"},"thumbnailUrl":"https:\/\/prev-ext.com\/wp-content\/uploads\/2024\/12\/thumbnail_iStock-1081470730-1024x683.jpg","datePublished":"2024-11-27T20:57:48+00:00","dateModified":"2025-01-16T15:11:54+00:00","description":"Optimisez la s\u00e9curit\u00e9 de votre maison avec notre calfeutrage expert. Extermination Pr\u00e9v-Ext prot\u00e8ge durablement votre domicile.","breadcrumb":{"@id":"https:\/\/prev-ext.com\/calfeutrage-reparation-de-points-dacces\/#breadcrumb"},"inLanguage":"en-CA","potentialAction":[{"@type":"ReadAction","target":["https:\/\/prev-ext.com\/calfeutrage-reparation-de-points-dacces\/"]}]},{"@type":"ImageObject","inLanguage":"en-CA","@id":"https:\/\/prev-ext.com\/calfeutrage-reparation-de-points-dacces\/#primaryimage","url":"https:\/\/prev-ext.com\/wp-content\/uploads\/2024\/12\/thumbnail_iStock-1081470730-1024x683.jpg","contentUrl":"https:\/\/prev-ext.com\/wp-content\/uploads\/2024\/12\/thumbnail_iStock-1081470730-1024x683.jpg"},{"@type":"BreadcrumbList","@id":"https:\/\/prev-ext.com\/calfeutrage-reparation-de-points-dacces\/#breadcrumb","itemListElement":[{"@type":"ListItem","position":1,"name":"Home","item":"https:\/\/prev-ext.com\/"},{"@type":"ListItem","position":2,"name":"R\u00e9paration de points d&rsquo;acc\u00e8s"}]},{"@type":"WebSite","@id":"https:\/\/prev-ext.com\/#website","url":"https:\/\/prev-ext.com\/","name":"Pr\u00e9v-ext","description":"Extermination","publisher":{"@id":"https:\/\/prev-ext.com\/#organization"},"potentialAction":[{"@type":"SearchAction","target":{"@type":"EntryPoint","urlTemplate":"https:\/\/prev-ext.com\/?s={search_term_string}"},"query-input":{"@type":"PropertyValueSpecification","valueRequired":true,"valueName":"search_term_string"}}],"inLanguage":"en-CA"},{"@type":"Organization","@id":"https:\/\/prev-ext.com\/#organization","name":"Pr\u00e9v-ext","url":"https:\/\/prev-ext.com\/","logo":{"@type":"ImageObject","inLanguage":"en-CA","@id":"https:\/\/prev-ext.com\/#\/schema\/logo\/image\/","url":"https:\/\/prev-ext.com\/wp-content\/uploads\/2024\/11\/logo.png","contentUrl":"https:\/\/prev-ext.com\/wp-content\/uploads\/2024\/11\/logo.png","width":460,"height":184,"caption":"Pr\u00e9v-ext"},"image":{"@id":"https:\/\/prev-ext.com\/#\/schema\/logo\/image\/"}}]}},"_links":{"self":[{"href":"https:\/\/prev-ext.com\/en\/wp-json\/wp\/v2\/pages\/183","targetHints":{"allow":["GET"]}}],"collection":[{"href":"https:\/\/prev-ext.com\/en\/wp-json\/wp\/v2\/pages"}],"about":[{"href":"https:\/\/prev-ext.com\/en\/wp-json\/wp\/v2\/types\/page"}],"author":[{"embeddable":true,"href":"https:\/\/prev-ext.com\/en\/wp-json\/wp\/v2\/users\/1"}],"replies":[{"embeddable":true,"href":"https:\/\/prev-ext.com\/en\/wp-json\/wp\/v2\/comments?post=183"}],"version-history":[{"count":58,"href":"https:\/\/prev-ext.com\/en\/wp-json\/wp\/v2\/pages\/183\/revisions"}],"predecessor-version":[{"id":1253,"href":"https:\/\/prev-ext.com\/en\/wp-json\/wp\/v2\/pages\/183\/revisions\/1253"}],"wp:attachment":[{"href":"https:\/\/prev-ext.com\/en\/wp-json\/wp\/v2\/media?parent=183"}],"curies":[{"name":"wp","href":"https:\/\/api.w.org\/{rel}","templated":true}]}}