{"id":177,"date":"2024-11-27T20:57:48","date_gmt":"2024-11-27T20:57:48","guid":{"rendered":"https:\/\/prev-ext.com\/?page_id=177"},"modified":"2025-01-16T15:17:30","modified_gmt":"2025-01-16T15:17:30","slug":"arrosages-preventifs","status":"publish","type":"page","link":"https:\/\/prev-ext.com\/en\/arrosages-preventifs\/","title":{"rendered":"Preventive spray"},"content":{"rendered":"<div data-elementor-type=\"wp-page\" data-elementor-id=\"177\" class=\"elementor elementor-177\" data-elementor-post-type=\"page\">\n\t\t\t\t\t\t<section class=\"elementor-section elementor-top-section elementor-element elementor-element-e8c996d elementor-section-boxed elementor-section-height-default elementor-section-height-default\" data-id=\"e8c996d\" data-element_type=\"section\" data-settings=\"{&quot;background_background&quot;:&quot;classic&quot;}\">\n\t\t\t\t\t\t<div class=\"elementor-container elementor-column-gap-no\">\n\t\t\t\t\t<div class=\"elementor-column elementor-col-100 elementor-top-column elementor-element elementor-element-635e149\" data-id=\"635e149\" data-element_type=\"column\">\n\t\t\t<div class=\"elementor-widget-wrap elementor-element-populated\">\n\t\t\t\t\t\t<div class=\"elementor-element elementor-element-6c10f8d elementor-widget elementor-widget-heading\" data-id=\"6c10f8d\" data-element_type=\"widget\" data-widget_type=\"heading.default\">\n\t\t\t\t<div class=\"elementor-widget-container\">\n\t\t\t<h1 class=\"elementor-heading-title elementor-size-default\">Preventive spray<\/h1>\t\t<\/div>\n\t\t\t\t<\/div>\n\t\t\t\t\t<\/div>\n\t\t<\/div>\n\t\t\t\t\t<\/div>\n\t\t<\/section>\n\t\t\t\t<section class=\"elementor-section elementor-top-section elementor-element elementor-element-9ace42a elementor-section-content-bottom elementor-section-boxed elementor-section-height-default elementor-section-height-default\" data-id=\"9ace42a\" data-element_type=\"section\">\n\t\t\t\t\t\t<div class=\"elementor-container elementor-column-gap-no\">\n\t\t\t\t\t<div class=\"elementor-column elementor-col-50 elementor-top-column elementor-element elementor-element-c637d15\" data-id=\"c637d15\" data-element_type=\"column\">\n\t\t\t<div class=\"elementor-widget-wrap elementor-element-populated\">\n\t\t\t\t\t\t<div class=\"elementor-element elementor-element-68f3d66 elementor-invisible elementor-widget elementor-widget-heading\" data-id=\"68f3d66\" data-element_type=\"widget\" data-settings=\"{&quot;_animation&quot;:&quot;fadeInLeft&quot;}\" data-widget_type=\"heading.default\">\n\t\t\t\t<div class=\"elementor-widget-container\">\n\t\t\t<h2 class=\"elementor-heading-title elementor-size-default\">One of our main areas of activity once spring arrives at Pr\u00e9v-Ext:  \n\nPreventive treatments!<\/h2>\t\t<\/div>\n\t\t\t\t<\/div>\n\t\t\t\t<div class=\"elementor-element elementor-element-3328513 elementor-invisible elementor-widget elementor-widget-text-editor\" data-id=\"3328513\" data-element_type=\"widget\" data-settings=\"{&quot;_animation&quot;:&quot;fadeInLeft&quot;}\" data-widget_type=\"text-editor.default\">\n\t\t\t\t<div class=\"elementor-widget-container\">\n\t\t\t\t\t\t\t<p>With our trucks equipped with sprayer trailers for preventive spraying, we treat the perimeter of your home during 2 to 3 visits, from spring to early fall.<\/p><p>Our treatements or <strong>preventive sprays<\/strong> are carried out outdoors, in strategic areas where spiders tend to settle, while also creating a barrier to counter ants. Moreover, our preventive spraying helps reduce moisture, making your home less attractive to various pests.<\/p><p>Additionally, if a wasp nest forms on your property, we remove it at no extra cost.<\/p><p>Please note that some municipalities prohibit the use of pesticides. Therefore, check the regulations in effect in your area. Contact us to benefit from a safe and effective solution.<\/p>\t\t\t\t\t\t<\/div>\n\t\t\t\t<\/div>\n\t\t\t\t\t<\/div>\n\t\t<\/div>\n\t\t\t\t<div class=\"elementor-column elementor-col-50 elementor-top-column elementor-element elementor-element-47703c0 elementor-invisible\" data-id=\"47703c0\" data-element_type=\"column\" data-settings=\"{&quot;background_background&quot;:&quot;classic&quot;,&quot;animation&quot;:&quot;fadeInUp&quot;}\">\n\t\t\t<div class=\"elementor-widget-wrap elementor-element-populated\">\n\t\t\t\t\t\t<div class=\"elementor-element elementor-element-223b5c5 elementor-widget elementor-widget-image\" data-id=\"223b5c5\" data-element_type=\"widget\" data-widget_type=\"image.default\">\n\t\t\t\t<div class=\"elementor-widget-container\">\n\t\t\t\t\t\t\t\t\t\t\t\t\t<img fetchpriority=\"high\" decoding=\"async\" width=\"669\" height=\"616\" src=\"https:\/\/prev-ext.com\/wp-content\/uploads\/2025\/01\/Image1-4.jpg\" class=\"attachment-large size-large wp-image-790\" alt=\"\" srcset=\"https:\/\/prev-ext.com\/wp-content\/uploads\/2025\/01\/Image1-4.jpg 669w, https:\/\/prev-ext.com\/wp-content\/uploads\/2025\/01\/Image1-4-300x276.jpg 300w\" sizes=\"(max-width: 669px) 100vw, 669px\" \/>\t\t\t\t\t\t\t\t\t\t\t\t\t<\/div>\n\t\t\t\t<\/div>\n\t\t\t\t\t<\/div>\n\t\t<\/div>\n\t\t\t\t\t<\/div>\n\t\t<\/section>\n\t\t\t\t<section class=\"elementor-section elementor-top-section elementor-element elementor-element-82e7998 elementor-section-content-bottom elementor-section-boxed elementor-section-height-default elementor-section-height-default\" data-id=\"82e7998\" data-element_type=\"section\">\n\t\t\t\t\t\t<div class=\"elementor-container elementor-column-gap-no\">\n\t\t\t\t\t<div class=\"elementor-column elementor-col-50 elementor-top-column elementor-element elementor-element-b2a6769\" data-id=\"b2a6769\" data-element_type=\"column\">\n\t\t\t<div class=\"elementor-widget-wrap elementor-element-populated\">\n\t\t\t\t\t\t<div class=\"elementor-element elementor-element-f599738 elementor-invisible elementor-widget elementor-widget-heading\" data-id=\"f599738\" data-element_type=\"widget\" data-settings=\"{&quot;_animation&quot;:&quot;fadeInLeft&quot;}\" data-widget_type=\"heading.default\">\n\t\t\t\t<div class=\"elementor-widget-container\">\n\t\t\t<h2 class=\"elementor-heading-title elementor-size-default\">Say goodbye to cobwebs in your home<\/h2>\t\t<\/div>\n\t\t\t\t<\/div>\n\t\t\t\t<div class=\"elementor-element elementor-element-ec9a035 elementor-invisible elementor-widget elementor-widget-text-editor\" data-id=\"ec9a035\" data-element_type=\"widget\" data-settings=\"{&quot;_animation&quot;:&quot;fadeInLeft&quot;}\" data-widget_type=\"text-editor.default\">\n\t\t\t\t<div class=\"elementor-widget-container\">\n\t\t\t\t\t\t\t<ul><li><strong>Upgrade the cleanliness of your house<\/strong>\u00a0: Cobwebs can give an impression of dirtiness and lack of maintenance. By having them removed regularly, you keep your home looking beautiful and well-maintained.<\/li><li><strong>Reducing the presence of spiders<\/strong>\u00a0: Removing cobwebs can reduce the number of spiders by disrupting their habitat and deterring them from settling.<\/li><li><strong>Prevent infestations<\/strong>\u00a0: An accumulation of cobwebs can be a sign of an emerging infestation. Acting early helps prevent bigger problems.<\/li><li><strong>Protect your health<\/strong>\u00a0: Some people are allergic to spiders or their webs. Removing them can contribute to a healthier environment.<\/li><\/ul>\t\t\t\t\t\t<\/div>\n\t\t\t\t<\/div>\n\t\t\t\t\t<\/div>\n\t\t<\/div>\n\t\t\t\t<div class=\"elementor-column elementor-col-50 elementor-top-column elementor-element elementor-element-693784e elementor-invisible\" data-id=\"693784e\" data-element_type=\"column\" data-settings=\"{&quot;background_background&quot;:&quot;classic&quot;,&quot;animation&quot;:&quot;fadeInUp&quot;}\">\n\t\t\t<div class=\"elementor-widget-wrap elementor-element-populated\">\n\t\t\t\t\t\t<div class=\"elementor-element elementor-element-b4f4366 elementor-widget elementor-widget-image\" data-id=\"b4f4366\" data-element_type=\"widget\" data-widget_type=\"image.default\">\n\t\t\t\t<div class=\"elementor-widget-container\">\n\t\t\t\t\t\t\t\t\t\t\t\t\t<img decoding=\"async\" width=\"800\" height=\"935\" src=\"https:\/\/prev-ext.com\/wp-content\/uploads\/2025\/01\/20240916_1304042-876x1024.jpg\" class=\"attachment-large size-large wp-image-872\" alt=\"\" srcset=\"https:\/\/prev-ext.com\/wp-content\/uploads\/2025\/01\/20240916_1304042-876x1024.jpg 876w, https:\/\/prev-ext.com\/wp-content\/uploads\/2025\/01\/20240916_1304042-257x300.jpg 257w, https:\/\/prev-ext.com\/wp-content\/uploads\/2025\/01\/20240916_1304042-768x898.jpg 768w, https:\/\/prev-ext.com\/wp-content\/uploads\/2025\/01\/20240916_1304042-1314x1536.jpg 1314w, https:\/\/prev-ext.com\/wp-content\/uploads\/2025\/01\/20240916_1304042-1752x2048.jpg 1752w, https:\/\/prev-ext.com\/wp-content\/uploads\/2025\/01\/20240916_1304042.jpg 1806w\" sizes=\"(max-width: 800px) 100vw, 800px\" \/>\t\t\t\t\t\t\t\t\t\t\t\t\t<\/div>\n\t\t\t\t<\/div>\n\t\t\t\t\t<\/div>\n\t\t<\/div>\n\t\t\t\t\t<\/div>\n\t\t<\/section>\n\t\t\t\t<section class=\"elementor-section elementor-top-section elementor-element elementor-element-2f270f5 elementor-section-content-bottom elementor-section-boxed elementor-section-height-default elementor-section-height-default\" data-id=\"2f270f5\" data-element_type=\"section\" data-settings=\"{&quot;background_background&quot;:&quot;classic&quot;}\">\n\t\t\t\t\t\t<div class=\"elementor-container elementor-column-gap-no\">\n\t\t\t\t\t<div class=\"elementor-column elementor-col-50 elementor-top-column elementor-element elementor-element-e1f9007 elementor-invisible\" data-id=\"e1f9007\" data-element_type=\"column\" data-settings=\"{&quot;animation&quot;:&quot;fadeInLeft&quot;}\">\n\t\t\t<div class=\"elementor-widget-wrap elementor-element-populated\">\n\t\t\t\t\t\t<div class=\"elementor-element elementor-element-4e9a210 elementor-widget elementor-widget-heading\" data-id=\"4e9a210\" data-element_type=\"widget\" data-widget_type=\"heading.default\">\n\t\t\t\t<div class=\"elementor-widget-container\">\n\t\t\t<h2 class=\"elementor-heading-title elementor-size-default\">Contact us for a free evaluation<\/h2>\t\t<\/div>\n\t\t\t\t<\/div>\n\t\t\t\t<div class=\"elementor-element elementor-element-7a07eda elementor-widget elementor-widget-text-editor\" data-id=\"7a07eda\" data-element_type=\"widget\" data-widget_type=\"text-editor.default\">\n\t\t\t\t<div class=\"elementor-widget-container\">\n\t\t\t\t\t\t\t<p class=\"MsoNormal\"><span lang=\"FR\">At Extermination Pr\u00e9v-Ext, we are specialists in residential prevention and extermination. If needed, rely on us for worry-free service during the summer season.<\/span><\/p>\t\t\t\t\t\t<\/div>\n\t\t\t\t<\/div>\n\t\t\t\t<div class=\"elementor-element elementor-element-d7e787c elementor-widget elementor-widget-button\" data-id=\"d7e787c\" data-element_type=\"widget\" data-widget_type=\"button.default\">\n\t\t\t\t<div class=\"elementor-widget-container\">\n\t\t\t\t\t\t\t<div class=\"elementor-button-wrapper\">\n\t\t\t\t\t<a class=\"elementor-button elementor-button-link elementor-size-sm\" href=\"https:\/\/prev-ext.com\/en\/contact\/\">\n\t\t\t\t\t\t<span class=\"elementor-button-content-wrapper\">\n\t\t\t\t\t\t\t\t\t<span class=\"elementor-button-text\">Get a Quote<\/span>\n\t\t\t\t\t<\/span>\n\t\t\t\t\t<\/a>\n\t\t\t\t<\/div>\n\t\t\t\t\t\t<\/div>\n\t\t\t\t<\/div>\n\t\t\t\t\t<\/div>\n\t\t<\/div>\n\t\t\t\t<div class=\"elementor-column elementor-col-50 elementor-top-column elementor-element elementor-element-98f3ac6\" data-id=\"98f3ac6\" data-element_type=\"column\">\n\t\t\t<div class=\"elementor-widget-wrap elementor-element-populated\">\n\t\t\t\t\t\t<div class=\"elementor-element elementor-element-00cea11 elementor-widget elementor-widget-image\" data-id=\"00cea11\" data-element_type=\"widget\" data-widget_type=\"image.default\">\n\t\t\t\t<div class=\"elementor-widget-container\">\n\t\t\t\t\t\t\t\t\t\t\t\t\t<img decoding=\"async\" width=\"800\" height=\"534\" src=\"https:\/\/prev-ext.com\/wp-content\/uploads\/2024\/12\/iStock-1272163094-1024x683.jpg\" class=\"attachment-large size-large wp-image-578\" alt=\"\" srcset=\"https:\/\/prev-ext.com\/wp-content\/uploads\/2024\/12\/iStock-1272163094-1024x683.jpg 1024w, https:\/\/prev-ext.com\/wp-content\/uploads\/2024\/12\/iStock-1272163094-300x200.jpg 300w, https:\/\/prev-ext.com\/wp-content\/uploads\/2024\/12\/iStock-1272163094-768x513.jpg 768w, https:\/\/prev-ext.com\/wp-content\/uploads\/2024\/12\/iStock-1272163094.jpg 1254w\" sizes=\"(max-width: 800px) 100vw, 800px\" \/>\t\t\t\t\t\t\t\t\t\t\t\t\t<\/div>\n\t\t\t\t<\/div>\n\t\t\t\t\t<\/div>\n\t\t<\/div>\n\t\t\t\t\t<\/div>\n\t\t<\/section>\n\t\t\t\t<\/div>","protected":false},"excerpt":{"rendered":"<p>Arrosage pr\u00e9ventif Un de nos secteur d\u2019activit\u00e9 principal une fois le printemps arriv\u00e9 chez Pr\u00e9v-ext : Les traitements pr\u00e9ventifs! Avec nos camions \u00e9quip\u00e9s de remorques \u00e0 pulv\u00e9risateur pour les arrosages pr\u00e9ventifs, nous traitons le p\u00e9rim\u00e8tre de votre maison lors de 2 \u00e0 3 visites, du printemps jusqu&rsquo;au d\u00e9but de l\u2019automne. Nos traitements ou arrosages pr\u00e9ventifs [&hellip;]<\/p>","protected":false},"author":1,"featured_media":0,"parent":0,"menu_order":0,"comment_status":"closed","ping_status":"closed","template":"elementor_header_footer","meta":{"footnotes":""},"class_list":["post-177","page","type-page","status-publish","hentry"],"yoast_head":"<!-- This site is optimized with the Yoast SEO plugin v25.0 - https:\/\/yoast.com\/wordpress\/plugins\/seo\/ -->\n<title>Arrosages pr\u00e9ventifs - Pr\u00e9v-ext<\/title>\n<meta name=\"description\" content=\"Prot\u00e9gez votre maison efficacement avec nos arrosages pr\u00e9ventifs et traitements personnalis\u00e9s avec Extermination Pr\u00e9v-Ext.\" \/>\n<meta name=\"robots\" content=\"index, follow, max-snippet:-1, max-image-preview:large, max-video-preview:-1\" \/>\n<link rel=\"canonical\" href=\"https:\/\/prev-ext.com\/en\/arrosages-preventifs\/\" \/>\n<meta property=\"og:locale\" content=\"en_US\" \/>\n<meta property=\"og:type\" content=\"article\" \/>\n<meta property=\"og:title\" content=\"Arrosages pr\u00e9ventifs - Pr\u00e9v-ext\" \/>\n<meta property=\"og:description\" content=\"Prot\u00e9gez votre maison efficacement avec nos arrosages pr\u00e9ventifs et traitements personnalis\u00e9s avec Extermination Pr\u00e9v-Ext.\" \/>\n<meta property=\"og:url\" content=\"https:\/\/prev-ext.com\/en\/arrosages-preventifs\/\" \/>\n<meta property=\"og:site_name\" content=\"Pr\u00e9v-ext\" \/>\n<meta property=\"article:modified_time\" content=\"2025-01-16T15:17:30+00:00\" \/>\n<meta property=\"og:image\" content=\"https:\/\/prev-ext.com\/wp-content\/uploads\/2025\/01\/Image1-4.jpg\" \/>\n\t<meta property=\"og:image:width\" content=\"669\" \/>\n\t<meta property=\"og:image:height\" content=\"616\" \/>\n\t<meta property=\"og:image:type\" content=\"image\/jpeg\" \/>\n<meta name=\"twitter:card\" content=\"summary_large_image\" \/>\n<meta name=\"twitter:label1\" content=\"Est. reading time\" \/>\n\t<meta name=\"twitter:data1\" content=\"3 minutes\" \/>\n<script type=\"application\/ld+json\" class=\"yoast-schema-graph\">{\"@context\":\"https:\/\/schema.org\",\"@graph\":[{\"@type\":\"WebPage\",\"@id\":\"https:\/\/prev-ext.com\/arrosages-preventifs\/\",\"url\":\"https:\/\/prev-ext.com\/arrosages-preventifs\/\",\"name\":\"Arrosages pr\u00e9ventifs - Pr\u00e9v-ext\",\"isPartOf\":{\"@id\":\"https:\/\/prev-ext.com\/#website\"},\"primaryImageOfPage\":{\"@id\":\"https:\/\/prev-ext.com\/arrosages-preventifs\/#primaryimage\"},\"image\":{\"@id\":\"https:\/\/prev-ext.com\/arrosages-preventifs\/#primaryimage\"},\"thumbnailUrl\":\"https:\/\/prev-ext.com\/wp-content\/uploads\/2025\/01\/Image1-4.jpg\",\"datePublished\":\"2024-11-27T20:57:48+00:00\",\"dateModified\":\"2025-01-16T15:17:30+00:00\",\"description\":\"Prot\u00e9gez votre maison efficacement avec nos arrosages pr\u00e9ventifs et traitements personnalis\u00e9s avec Extermination Pr\u00e9v-Ext.\",\"breadcrumb\":{\"@id\":\"https:\/\/prev-ext.com\/arrosages-preventifs\/#breadcrumb\"},\"inLanguage\":\"en-CA\",\"potentialAction\":[{\"@type\":\"ReadAction\",\"target\":[\"https:\/\/prev-ext.com\/arrosages-preventifs\/\"]}]},{\"@type\":\"ImageObject\",\"inLanguage\":\"en-CA\",\"@id\":\"https:\/\/prev-ext.com\/arrosages-preventifs\/#primaryimage\",\"url\":\"https:\/\/prev-ext.com\/wp-content\/uploads\/2025\/01\/Image1-4.jpg\",\"contentUrl\":\"https:\/\/prev-ext.com\/wp-content\/uploads\/2025\/01\/Image1-4.jpg\"},{\"@type\":\"BreadcrumbList\",\"@id\":\"https:\/\/prev-ext.com\/arrosages-preventifs\/#breadcrumb\",\"itemListElement\":[{\"@type\":\"ListItem\",\"position\":1,\"name\":\"Home\",\"item\":\"https:\/\/prev-ext.com\/\"},{\"@type\":\"ListItem\",\"position\":2,\"name\":\"Arrosages pr\u00e9ventifs\"}]},{\"@type\":\"WebSite\",\"@id\":\"https:\/\/prev-ext.com\/#website\",\"url\":\"https:\/\/prev-ext.com\/\",\"name\":\"Pr\u00e9v-ext\",\"description\":\"Extermination\",\"publisher\":{\"@id\":\"https:\/\/prev-ext.com\/#organization\"},\"potentialAction\":[{\"@type\":\"SearchAction\",\"target\":{\"@type\":\"EntryPoint\",\"urlTemplate\":\"https:\/\/prev-ext.com\/?s={search_term_string}\"},\"query-input\":{\"@type\":\"PropertyValueSpecification\",\"valueRequired\":true,\"valueName\":\"search_term_string\"}}],\"inLanguage\":\"en-CA\"},{\"@type\":\"Organization\",\"@id\":\"https:\/\/prev-ext.com\/#organization\",\"name\":\"Pr\u00e9v-ext\",\"url\":\"https:\/\/prev-ext.com\/\",\"logo\":{\"@type\":\"ImageObject\",\"inLanguage\":\"en-CA\",\"@id\":\"https:\/\/prev-ext.com\/#\/schema\/logo\/image\/\",\"url\":\"https:\/\/prev-ext.com\/wp-content\/uploads\/2024\/11\/logo.png\",\"contentUrl\":\"https:\/\/prev-ext.com\/wp-content\/uploads\/2024\/11\/logo.png\",\"width\":460,\"height\":184,\"caption\":\"Pr\u00e9v-ext\"},\"image\":{\"@id\":\"https:\/\/prev-ext.com\/#\/schema\/logo\/image\/\"}}]}<\/script>\n<!-- \/ Yoast SEO plugin. -->","yoast_head_json":{"title":"Arrosages pr\u00e9ventifs - Pr\u00e9v-ext","description":"Prot\u00e9gez votre maison efficacement avec nos arrosages pr\u00e9ventifs et traitements personnalis\u00e9s avec Extermination Pr\u00e9v-Ext.","robots":{"index":"index","follow":"follow","max-snippet":"max-snippet:-1","max-image-preview":"max-image-preview:large","max-video-preview":"max-video-preview:-1"},"canonical":"https:\/\/prev-ext.com\/en\/arrosages-preventifs\/","og_locale":"en_US","og_type":"article","og_title":"Arrosages pr\u00e9ventifs - Pr\u00e9v-ext","og_description":"Prot\u00e9gez votre maison efficacement avec nos arrosages pr\u00e9ventifs et traitements personnalis\u00e9s avec Extermination Pr\u00e9v-Ext.","og_url":"https:\/\/prev-ext.com\/en\/arrosages-preventifs\/","og_site_name":"Pr\u00e9v-ext","article_modified_time":"2025-01-16T15:17:30+00:00","og_image":[{"width":669,"height":616,"url":"https:\/\/prev-ext.com\/wp-content\/uploads\/2025\/01\/Image1-4.jpg","type":"image\/jpeg"}],"twitter_card":"summary_large_image","twitter_misc":{"Est. reading time":"3 minutes"},"schema":{"@context":"https:\/\/schema.org","@graph":[{"@type":"WebPage","@id":"https:\/\/prev-ext.com\/arrosages-preventifs\/","url":"https:\/\/prev-ext.com\/arrosages-preventifs\/","name":"Arrosages pr\u00e9ventifs - Pr\u00e9v-ext","isPartOf":{"@id":"https:\/\/prev-ext.com\/#website"},"primaryImageOfPage":{"@id":"https:\/\/prev-ext.com\/arrosages-preventifs\/#primaryimage"},"image":{"@id":"https:\/\/prev-ext.com\/arrosages-preventifs\/#primaryimage"},"thumbnailUrl":"https:\/\/prev-ext.com\/wp-content\/uploads\/2025\/01\/Image1-4.jpg","datePublished":"2024-11-27T20:57:48+00:00","dateModified":"2025-01-16T15:17:30+00:00","description":"Prot\u00e9gez votre maison efficacement avec nos arrosages pr\u00e9ventifs et traitements personnalis\u00e9s avec Extermination Pr\u00e9v-Ext.","breadcrumb":{"@id":"https:\/\/prev-ext.com\/arrosages-preventifs\/#breadcrumb"},"inLanguage":"en-CA","potentialAction":[{"@type":"ReadAction","target":["https:\/\/prev-ext.com\/arrosages-preventifs\/"]}]},{"@type":"ImageObject","inLanguage":"en-CA","@id":"https:\/\/prev-ext.com\/arrosages-preventifs\/#primaryimage","url":"https:\/\/prev-ext.com\/wp-content\/uploads\/2025\/01\/Image1-4.jpg","contentUrl":"https:\/\/prev-ext.com\/wp-content\/uploads\/2025\/01\/Image1-4.jpg"},{"@type":"BreadcrumbList","@id":"https:\/\/prev-ext.com\/arrosages-preventifs\/#breadcrumb","itemListElement":[{"@type":"ListItem","position":1,"name":"Home","item":"https:\/\/prev-ext.com\/"},{"@type":"ListItem","position":2,"name":"Arrosages pr\u00e9ventifs"}]},{"@type":"WebSite","@id":"https:\/\/prev-ext.com\/#website","url":"https:\/\/prev-ext.com\/","name":"Pr\u00e9v-ext","description":"Extermination","publisher":{"@id":"https:\/\/prev-ext.com\/#organization"},"potentialAction":[{"@type":"SearchAction","target":{"@type":"EntryPoint","urlTemplate":"https:\/\/prev-ext.com\/?s={search_term_string}"},"query-input":{"@type":"PropertyValueSpecification","valueRequired":true,"valueName":"search_term_string"}}],"inLanguage":"en-CA"},{"@type":"Organization","@id":"https:\/\/prev-ext.com\/#organization","name":"Pr\u00e9v-ext","url":"https:\/\/prev-ext.com\/","logo":{"@type":"ImageObject","inLanguage":"en-CA","@id":"https:\/\/prev-ext.com\/#\/schema\/logo\/image\/","url":"https:\/\/prev-ext.com\/wp-content\/uploads\/2024\/11\/logo.png","contentUrl":"https:\/\/prev-ext.com\/wp-content\/uploads\/2024\/11\/logo.png","width":460,"height":184,"caption":"Pr\u00e9v-ext"},"image":{"@id":"https:\/\/prev-ext.com\/#\/schema\/logo\/image\/"}}]}},"_links":{"self":[{"href":"https:\/\/prev-ext.com\/en\/wp-json\/wp\/v2\/pages\/177","targetHints":{"allow":["GET"]}}],"collection":[{"href":"https:\/\/prev-ext.com\/en\/wp-json\/wp\/v2\/pages"}],"about":[{"href":"https:\/\/prev-ext.com\/en\/wp-json\/wp\/v2\/types\/page"}],"author":[{"embeddable":true,"href":"https:\/\/prev-ext.com\/en\/wp-json\/wp\/v2\/users\/1"}],"replies":[{"embeddable":true,"href":"https:\/\/prev-ext.com\/en\/wp-json\/wp\/v2\/comments?post=177"}],"version-history":[{"count":73,"href":"https:\/\/prev-ext.com\/en\/wp-json\/wp\/v2\/pages\/177\/revisions"}],"predecessor-version":[{"id":1283,"href":"https:\/\/prev-ext.com\/en\/wp-json\/wp\/v2\/pages\/177\/revisions\/1283"}],"wp:attachment":[{"href":"https:\/\/prev-ext.com\/en\/wp-json\/wp\/v2\/media?parent=177"}],"curies":[{"name":"wp","href":"https:\/\/api.w.org\/{rel}","templated":true}]}}